{"id":287,"date":"2023-11-29T21:34:08","date_gmt":"2023-11-29T21:34:08","guid":{"rendered":"https:\/\/zavamix.com\/?page_id=287"},"modified":"2023-11-29T21:34:08","modified_gmt":"2023-11-29T21:34:08","slug":"dieu-khoan-su-dung","status":"publish","type":"page","link":"https:\/\/zavamix.com\/vi\/termos-de-uso\/","title":{"rendered":"\u0110i\u1ec1u kho\u1ea3n s\u1eed d\u1ee5ng"},"content":{"rendered":"<p>Ch\u00e0o m\u1eebng b\u1ea1n \u0111\u1ebfn <a href=\"https:\/\/zavamix.com\/vi\/\">Zavamix<\/a>. C\u00e1c \u0110i\u1ec1u kho\u1ea3n s\u1eed d\u1ee5ng n\u00e0y (\u201c\u0110i\u1ec1u kho\u1ea3n\u201d) chi ph\u1ed1i vi\u1ec7c b\u1ea1n truy c\u1eadp v\u00e0 s\u1eed d\u1ee5ng trang web https:\/\/zavamix.com c\u1ee7a ch\u00fang t\u00f4i, m\u1ed9t c\u1ed5ng chuy\u00ean cung c\u1ea5p c\u00e1c \u0111\u1ec1 xu\u1ea5t v\u00e0 th\u00f4ng tin v\u1ec1 \u1ee9ng d\u1ee5ng di \u0111\u1ed9ng v\u1ec1 nhi\u1ec1u ch\u1ee7 \u0111\u1ec1 kh\u00e1c nhau. Khi truy c\u1eadp ho\u1eb7c s\u1eed d\u1ee5ng <a href=\"https:\/\/zavamix.com\/vi\/\">Zavamix<\/a>, b\u1ea1n \u0111\u1ed3ng \u00fd tu\u00e2n th\u1ee7 c\u00e1c \u0110i\u1ec1u kho\u1ea3n n\u00e0y.<\/p>\n\n\n\n<h2 class=\"wp-block-heading\">1. D\u1ecbch v\u1ee5 Zavamix<\/h2>\n\n\n\n<ul class=\"wp-block-list\">\n<li>Zavamix cung c\u1ea5p c\u00e1c \u0111\u1ec1 xu\u1ea5t \u1ee9ng d\u1ee5ng d\u00e0nh cho thi\u1ebft b\u1ecb di \u0111\u1ed9ng v\u00e0 n\u1ed9i dung li\u00ean quan.<\/li>\n\n\n\n<li>Ch\u00fang t\u00f4i kh\u00f4ng s\u1edf h\u1eefu ho\u1eb7c ph\u00e1t tri\u1ec3n c\u00e1c \u1ee9ng d\u1ee5ng \u0111\u01b0\u1ee3c \u0111\u1ec1 xu\u1ea5t. C\u00e1c khuy\u1ebfn ngh\u1ecb d\u1ef1a tr\u00ean nghi\u00ean c\u1ee9u v\u00e0 ph\u00e2n t\u00edch \u0111\u1ed9c quy\u1ec1n.<\/li>\n\n\n\n<li>D\u1ecbch v\u1ee5 c\u1ee7a ch\u00fang t\u00f4i \u0111\u01b0\u1ee3c ki\u1ebfm ti\u1ec1n th\u00f4ng qua qu\u1ea3ng c\u00e1o Google AdSense\/Ad Exchange.<\/li>\n<\/ul>\n\n\n\n<h2 class=\"wp-block-heading\">2. S\u1eed d\u1ee5ng Trang web<\/h2>\n\n\n\n<ul class=\"wp-block-list\">\n<li>B\u1ea1n \u0111\u1ed3ng \u00fd ch\u1ec9 s\u1eed d\u1ee5ng Zavamix cho c\u00e1c m\u1ee5c \u0111\u00edch h\u1ee3p ph\u00e1p v\u00e0 tu\u00e2n theo c\u00e1c \u0110i\u1ec1u kho\u1ea3n n\u00e0y.<\/li>\n\n\n\n<li>B\u1ea1n kh\u00f4ng \u0111\u01b0\u1ee3c s\u1eed d\u1ee5ng Trang web theo b\u1ea5t k\u1ef3 c\u00e1ch n\u00e0o c\u00f3 th\u1ec3 l\u00e0m h\u1ecfng, v\u00f4 hi\u1ec7u h\u00f3a ho\u1eb7c l\u00e0m n\u00f3 qu\u00e1 t\u1ea3i.<\/li>\n\n\n\n<li>N\u1ed9i dung c\u1ee7a Zavamix, bao g\u1ed3m v\u0103n b\u1ea3n, \u0111\u1ed3 h\u1ecda v\u00e0 h\u00ecnh \u1ea3nh, \u0111\u01b0\u1ee3c b\u1ea3o v\u1ec7 b\u1ea3n quy\u1ec1n v\u00e0 l\u00e0 t\u00e0i s\u1ea3n c\u1ee7a Zavamix ho\u1eb7c ng\u01b0\u1eddi c\u1ea5p ph\u00e9p c\u1ee7a Zavamix.<\/li>\n<\/ul>\n\n\n\n<h2 class=\"wp-block-heading\">3. Tuy\u00ean b\u1ed1 t\u1eeb ch\u1ed1i tr\u00e1ch nhi\u1ec7m<\/h2>\n\n\n\n<ul class=\"wp-block-list\">\n<li>Zavamix kh\u00f4ng ch\u1ecbu tr\u00e1ch nhi\u1ec7m v\u1ec1 t\u00ednh ch\u00ednh x\u00e1c, b\u1ea3o m\u1eadt ho\u1eb7c \u0111\u1ed9 tin c\u1eady c\u1ee7a c\u00e1c \u1ee9ng d\u1ee5ng \u0111\u01b0\u1ee3c \u0111\u1ec1 xu\u1ea5t.<\/li>\n\n\n\n<li>Ch\u00fang t\u00f4i kh\u00f4ng ch\u1ecbu tr\u00e1ch nhi\u1ec7m v\u1ec1 b\u1ea5t k\u1ef3 thi\u1ec7t h\u1ea1i ho\u1eb7c t\u1ed5n th\u1ea5t n\u00e0o do vi\u1ec7c s\u1eed d\u1ee5ng c\u00e1c \u1ee9ng d\u1ee5ng \u0111\u01b0\u1ee3c \u0111\u1ec1 xu\u1ea5t tr\u00ean trang web c\u1ee7a ch\u00fang t\u00f4i.<\/li>\n<\/ul>\n\n\n\n<h2 class=\"wp-block-heading\">4. Quy\u1ec1n s\u1edf h\u1eefu tr\u00ed tu\u1ec7<\/h2>\n\n\n\n<ul class=\"wp-block-list\">\n<li>T\u1ea5t c\u1ea3 n\u1ed9i dung tr\u00ean Zavamix l\u00e0 t\u00e0i s\u1ea3n c\u1ee7a Zavamix ho\u1eb7c ng\u01b0\u1eddi c\u1ea5p ph\u00e9p c\u1ee7a Zavamix v\u00e0 \u0111\u01b0\u1ee3c b\u1ea3o v\u1ec7 b\u1edfi b\u1ea3n quy\u1ec1n, nh\u00e3n hi\u1ec7u v\u00e0 c\u00e1c lu\u1eadt s\u1edf h\u1eefu tr\u00ed tu\u1ec7 kh\u00e1c.<\/li>\n\n\n\n<li>Kh\u00f4ng c\u00f3 n\u1ed9i dung n\u00e0o t\u1eeb trang web c\u00f3 th\u1ec3 \u0111\u01b0\u1ee3c sao ch\u00e9p, sao ch\u00e9p, t\u00e1i xu\u1ea5t b\u1ea3n, t\u1ea3i l\u00ean, \u0111\u0103ng, truy\u1ec1n ho\u1eb7c ph\u00e2n ph\u1ed1i d\u01b0\u1edbi b\u1ea5t k\u1ef3 h\u00ecnh th\u1ee9c n\u00e0o m\u00e0 kh\u00f4ng c\u00f3 s\u1ef1 cho ph\u00e9p r\u00f5 r\u00e0ng b\u1eb1ng v\u0103n b\u1ea3n c\u1ee7a ch\u00fang t\u00f4i.<\/li>\n<\/ul>\n\n\n\n<h2 class=\"wp-block-heading\">5. Qu\u1ea3ng c\u00e1o v\u00e0 li\u00ean k\u1ebft c\u1ee7a b\u00ean th\u1ee9 ba<\/h2>\n\n\n\n<ul class=\"wp-block-list\">\n<li>Trang web c\u1ee7a ch\u00fang t\u00f4i hi\u1ec3n th\u1ecb c\u00e1c qu\u1ea3ng c\u00e1o do Google AdSense\/Ad Exchange cung c\u1ea5p.<\/li>\n\n\n\n<li>Ch\u00fang t\u00f4i c\u00f3 th\u1ec3 bao g\u1ed3m c\u00e1c li\u00ean k\u1ebft \u0111\u1ebfn c\u00e1c trang web c\u1ee7a b\u00ean th\u1ee9 ba; nh\u1eefng li\u00ean k\u1ebft nh\u01b0 v\u1eady kh\u00f4ng ng\u1ee5 \u00fd s\u1ef1 ch\u1ee9ng th\u1ef1c c\u1ee7a c\u00e1c trang web n\u00e0y.<\/li>\n<\/ul>\n\n\n\n<h2 class=\"wp-block-heading\">6. S\u1eeda \u0111\u1ed5i \u0110i\u1ec1u kho\u1ea3n<\/h2>\n\n\n\n<ul class=\"wp-block-list\">\n<li>Zavamix c\u00f3 quy\u1ec1n s\u1eeda \u0111\u1ed5i c\u00e1c \u0110i\u1ec1u kho\u1ea3n n\u00e0y b\u1ea5t c\u1ee9 l\u00fac n\u00e0o. Vi\u1ec7c b\u1ea1n ti\u1ebfp t\u1ee5c truy c\u1eadp v\u00e0 s\u1eed d\u1ee5ng trang web \u0111\u1ed3ng ngh\u0129a v\u1edbi vi\u1ec7c b\u1ea1n ch\u1ea5p nh\u1eadn nh\u1eefng s\u1eeda \u0111\u1ed5i \u0111\u00f3.<\/li>\n<\/ul>\n\n\n\n<h2 class=\"wp-block-heading\">7. Li\u00ean h\u1ec7<\/h2>\n\n\n\n<ul class=\"wp-block-list\">\n<li>N\u1ebfu b\u1ea1n c\u00f3 th\u1eafc m\u1eafc ho\u1eb7c quan ng\u1ea1i v\u1ec1 c\u00e1c \u0110i\u1ec1u kho\u1ea3n s\u1eed d\u1ee5ng n\u00e0y, vui l\u00f2ng li\u00ean h\u1ec7 v\u1edbi ch\u00fang t\u00f4i.<\/li>\n<\/ul>","protected":false},"excerpt":{"rendered":"<p>Bem-vindo ao Zavamix. Estes Termos de Uso (&#8220;Termos&#8221;) regem seu acesso e uso do nosso site https:\/\/zavamix.com, um portal dedicado a fornecer recomenda\u00e7\u00f5es e informa\u00e7\u00f5es sobre aplicativos de celular de diversos temas. Ao acessar ou usar o Zavamix, voc\u00ea concorda em cumprir estes Termos. 1. Servi\u00e7os do Zavamix 2. Uso do Site 3. Isen\u00e7\u00e3o de [&hellip;]<\/p>\n","protected":false},"author":1,"featured_media":0,"parent":0,"menu_order":0,"comment_status":"closed","ping_status":"closed","template":"","meta":{"footnotes":""},"class_list":["post-287","page","type-page","status-publish"],"_links":{"self":[{"href":"https:\/\/zavamix.com\/vi\/wp-json\/wp\/v2\/pages\/287","targetHints":{"allow":["GET"]}}],"collection":[{"href":"https:\/\/zavamix.com\/vi\/wp-json\/wp\/v2\/pages"}],"about":[{"href":"https:\/\/zavamix.com\/vi\/wp-json\/wp\/v2\/types\/page"}],"author":[{"embeddable":true,"href":"https:\/\/zavamix.com\/vi\/wp-json\/wp\/v2\/users\/1"}],"replies":[{"embeddable":true,"href":"https:\/\/zavamix.com\/vi\/wp-json\/wp\/v2\/comments?post=287"}],"version-history":[{"count":1,"href":"https:\/\/zavamix.com\/vi\/wp-json\/wp\/v2\/pages\/287\/revisions"}],"predecessor-version":[{"id":288,"href":"https:\/\/zavamix.com\/vi\/wp-json\/wp\/v2\/pages\/287\/revisions\/288"}],"wp:attachment":[{"href":"https:\/\/zavamix.com\/vi\/wp-json\/wp\/v2\/media?parent=287"}],"curies":[{"name":"wp","href":"https:\/\/api.w.org\/{rel}","templated":true}]}}