{"id":2,"date":"2023-11-21T22:45:01","date_gmt":"2023-11-21T22:45:01","guid":{"rendered":"https:\/\/zavamix.com\/?page_id=2"},"modified":"2023-11-21T22:45:01","modified_gmt":"2023-11-21T22:45:01","slug":"trang-mau","status":"publish","type":"page","link":"https:\/\/zavamix.com\/vi\/sample-page\/","title":{"rendered":"trang m\u1eabu"},"content":{"rendered":"<p>\u0110\u00e2y l\u00e0 m\u1ed9t trang m\u1eabu. N\u00f3 kh\u00e1c v\u1edbi b\u00e0i \u0111\u0103ng tr\u00ean blog v\u00ec n\u00f3 s\u1ebd n\u1eb1m c\u1ed1 \u0111\u1ecbnh m\u1ed9t ch\u1ed7 v\u00e0 hi\u1ec3n th\u1ecb trong thanh \u0111i\u1ec1u h\u01b0\u1edbng trang web c\u1ee7a b\u1ea1n (trong h\u1ea7u h\u1ebft c\u00e1c giao di\u1ec7n). H\u1ea7u h\u1ebft m\u1ecdi ng\u01b0\u1eddi \u0111\u1ec1u b\u1eaft \u0111\u1ea7u b\u1eb1ng trang Gi\u1edbi thi\u1ec7u \u0111\u1ec3 gi\u1edbi thi\u1ec7u h\u1ecd v\u1edbi kh\u00e1ch truy c\u1eadp ti\u1ec1m n\u0103ng. N\u1ed9i dung trang c\u00f3 th\u1ec3 nh\u01b0 sau:<\/p>\n\n\n\n<blockquote class=\"wp-block-quote is-layout-flow wp-block-quote-is-layout-flow\"><p>Xin ch\u00e0o! T\u00f4i l\u00e0 ng\u01b0\u1eddi \u0111\u01b0a th\u01b0 b\u1eb1ng xe \u0111\u1ea1p v\u00e0o ban ng\u00e0y, l\u00e0 di\u1ec5n vi\u00ean \u0111\u1ea7y tham v\u1ecdng v\u00e0o ban \u0111\u00eam, v\u00e0 \u0111\u00e2y l\u00e0 trang web c\u1ee7a t\u00f4i. T\u00f4i s\u1ed1ng \u1edf Los Angeles, c\u00f3 m\u1ed9t ch\u00fa ch\u00f3 tuy\u1ec7t v\u1eddi t\u00ean l\u00e0 Jack, v\u00e0 t\u00f4i th\u00edch pi\u00f1a coladas. (V\u00e0 c\u1ea3 vi\u1ec7c b\u1ecb m\u1eafc m\u01b0a n\u1eefa.)<\/p><\/blockquote>\n\n\n\n<p>\u2026ho\u1eb7c t\u01b0\u01a1ng t\u1ef1 nh\u01b0 th\u1ebf n\u00e0y:<\/p>\n\n\n\n<blockquote class=\"wp-block-quote is-layout-flow wp-block-quote-is-layout-flow\"><p>C\u00f4ng ty XYZ Doohickey \u0111\u01b0\u1ee3c th\u00e0nh l\u1eadp n\u0103m 1971 v\u00e0 \u0111\u00e3 cung c\u1ea5p \u0111\u1ed3 d\u00f9ng ch\u1ea5t l\u01b0\u1ee3ng cao cho c\u1ed9ng \u0111\u1ed3ng k\u1ec3 t\u1eeb \u0111\u00f3. T\u1ecda l\u1ea1c t\u1ea1i th\u00e0nh ph\u1ed1 Gotham, XYZ c\u00f3 h\u01a1n 2.000 nh\u00e2n vi\u00ean v\u00e0 l\u00e0m \u0111\u1ee7 m\u1ecdi vi\u1ec7c tuy\u1ec7t v\u1eddi cho c\u1ed9ng \u0111\u1ed3ng Gotham.<\/p><\/blockquote>\n\n\n\n<p>L\u00e0 ng\u01b0\u1eddi d\u00f9ng WordPress m\u1edbi, b\u1ea1n n\u00ean truy c\u1eadp <a href=\"https:\/\/zavamix.com\/wp-admin\/\">b\u1ea3ng \u0111i\u1ec1u khi\u1ec3n c\u1ee7a b\u1ea1n<\/a> \u0111\u1ec3 x\u00f3a trang n\u00e0y v\u00e0 t\u1ea1o trang m\u1edbi cho n\u1ed9i dung c\u1ee7a b\u1ea1n. Ch\u00fac vui v\u1ebb!<\/p>","protected":false},"excerpt":{"rendered":"<p>This is an example page. It&#8217;s different from a blog post because it will stay in one place and will show up in your site navigation (in most themes). Most people start with an About page that introduces them to potential site visitors. It might say something like this: Hi there! I&#8217;m a bike messenger [&hellip;]<\/p>\n","protected":false},"author":1,"featured_media":0,"parent":0,"menu_order":0,"comment_status":"closed","ping_status":"open","template":"","meta":{"footnotes":""},"class_list":["post-2","page","type-page","status-publish"],"_links":{"self":[{"href":"https:\/\/zavamix.com\/vi\/wp-json\/wp\/v2\/pages\/2","targetHints":{"allow":["GET"]}}],"collection":[{"href":"https:\/\/zavamix.com\/vi\/wp-json\/wp\/v2\/pages"}],"about":[{"href":"https:\/\/zavamix.com\/vi\/wp-json\/wp\/v2\/types\/page"}],"author":[{"embeddable":true,"href":"https:\/\/zavamix.com\/vi\/wp-json\/wp\/v2\/users\/1"}],"replies":[{"embeddable":true,"href":"https:\/\/zavamix.com\/vi\/wp-json\/wp\/v2\/comments?post=2"}],"version-history":[{"count":0,"href":"https:\/\/zavamix.com\/vi\/wp-json\/wp\/v2\/pages\/2\/revisions"}],"wp:attachment":[{"href":"https:\/\/zavamix.com\/vi\/wp-json\/wp\/v2\/media?parent=2"}],"curies":[{"name":"wp","href":"https:\/\/api.w.org\/{rel}","templated":true}]}}