{"id":287,"date":"2023-11-29T21:34:08","date_gmt":"2023-11-29T21:34:08","guid":{"rendered":"https:\/\/zavamix.com\/?page_id=287"},"modified":"2023-11-29T21:34:08","modified_gmt":"2023-11-29T21:34:08","slug":"%d1%83%d0%bc%d0%be%d0%b2%d0%b8-%d0%ba%d0%be%d1%80%d0%b8%d1%81%d1%82%d1%83%d0%b2%d0%b0%d0%bd%d0%bd%d1%8f","status":"publish","type":"page","link":"https:\/\/zavamix.com\/uk\/termos-de-uso\/","title":{"rendered":"\u0423\u043c\u043e\u0432\u0438 \u0432\u0438\u043a\u043e\u0440\u0438\u0441\u0442\u0430\u043d\u043d\u044f"},"content":{"rendered":"<p>\u041b\u0430\u0441\u043a\u0430\u0432\u043e \u043f\u0440\u043e\u0441\u0438\u043c\u043e \u0434\u043e <a href=\"https:\/\/zavamix.com\/uk\/\">\u0417\u0430\u0432\u0430\u043c\u0456\u043a\u0441<\/a>. \u0426\u0456 \u0423\u043c\u043e\u0432\u0438 \u043a\u043e\u0440\u0438\u0441\u0442\u0443\u0432\u0430\u043d\u043d\u044f (\u00ab\u0423\u043c\u043e\u0432\u0438\u00bb) \u0440\u0435\u0433\u0443\u043b\u044e\u044e\u0442\u044c \u0432\u0430\u0448 \u0434\u043e\u0441\u0442\u0443\u043f \u0456 \u043a\u043e\u0440\u0438\u0441\u0442\u0443\u0432\u0430\u043d\u043d\u044f \u043d\u0430\u0448\u0438\u043c \u0432\u0435\u0431-\u0441\u0430\u0439\u0442\u043e\u043c https:\/\/zavamix.com, \u043f\u043e\u0440\u0442\u0430\u043b\u043e\u043c, \u043f\u0440\u0438\u0437\u043d\u0430\u0447\u0435\u043d\u0438\u043c \u0434\u043b\u044f \u043d\u0430\u0434\u0430\u043d\u043d\u044f \u0440\u0435\u043a\u043e\u043c\u0435\u043d\u0434\u0430\u0446\u0456\u0439 \u0442\u0430 \u0456\u043d\u0444\u043e\u0440\u043c\u0430\u0446\u0456\u0457 \u043f\u0440\u043e \u043c\u043e\u0431\u0456\u043b\u044c\u043d\u0456 \u043f\u0440\u043e\u0433\u0440\u0430\u043c\u0438 \u043d\u0430 \u0440\u0456\u0437\u043d\u0456 \u0442\u0435\u043c\u0438. \u041f\u0456\u0434 \u0447\u0430\u0441 \u0434\u043e\u0441\u0442\u0443\u043f\u0443 \u0430\u0431\u043e \u0432\u0438\u043a\u043e\u0440\u0438\u0441\u0442\u0430\u043d\u043d\u044f <a href=\"https:\/\/zavamix.com\/uk\/\">\u0417\u0430\u0432\u0430\u043c\u0456\u043a\u0441<\/a>, \u0432\u0438 \u043f\u043e\u0433\u043e\u0434\u0436\u0443\u0454\u0442\u0435\u0441\u044f \u0434\u043e\u0442\u0440\u0438\u043c\u0443\u0432\u0430\u0442\u0438\u0441\u044f \u0446\u0438\u0445 \u0423\u043c\u043e\u0432.<\/p>\n\n\n\n<h2 class=\"wp-block-heading\">1. \u041f\u043e\u0441\u043b\u0443\u0433\u0438 Zavamix<\/h2>\n\n\n\n<ul class=\"wp-block-list\">\n<li>Zavamix \u043f\u0440\u043e\u043f\u043e\u043d\u0443\u0454 \u0440\u0435\u043a\u043e\u043c\u0435\u043d\u0434\u0430\u0446\u0456\u0457 \u0449\u043e\u0434\u043e \u043c\u043e\u0431\u0456\u043b\u044c\u043d\u0438\u0445 \u0434\u043e\u0434\u0430\u0442\u043a\u0456\u0432 \u0456 \u0432\u0456\u0434\u043f\u043e\u0432\u0456\u0434\u043d\u0438\u0439 \u0432\u043c\u0456\u0441\u0442.<\/li>\n\n\n\n<li>\u041c\u0438 \u043d\u0435 \u0432\u043e\u043b\u043e\u0434\u0456\u0454\u043c\u043e \u0442\u0430 \u043d\u0435 \u0440\u043e\u0437\u0440\u043e\u0431\u043b\u044f\u0454\u043c\u043e \u0440\u0435\u043a\u043e\u043c\u0435\u043d\u0434\u043e\u0432\u0430\u043d\u0456 \u043f\u0440\u043e\u0433\u0440\u0430\u043c\u0438. \u0420\u0435\u043a\u043e\u043c\u0435\u043d\u0434\u0430\u0446\u0456\u0457 \u0431\u0430\u0437\u0443\u044e\u0442\u044c\u0441\u044f \u043d\u0430 \u0437\u0430\u043f\u0430\u0442\u0435\u043d\u0442\u043e\u0432\u0430\u043d\u0438\u0445 \u0434\u043e\u0441\u043b\u0456\u0434\u0436\u0435\u043d\u043d\u044f\u0445 \u0456 \u0430\u043d\u0430\u043b\u0456\u0437\u0456.<\/li>\n\n\n\n<li>\u041d\u0430\u0448\u0456 \u043f\u043e\u0441\u043b\u0443\u0433\u0438 \u043c\u043e\u043d\u0435\u0442\u0438\u0437\u0443\u044e\u0442\u044c\u0441\u044f \u0447\u0435\u0440\u0435\u0437 \u0440\u0435\u043a\u043b\u0430\u043c\u0443 Google AdSense\/Ad Exchange.<\/li>\n<\/ul>\n\n\n\n<h2 class=\"wp-block-heading\">2. \u0412\u0438\u043a\u043e\u0440\u0438\u0441\u0442\u0430\u043d\u043d\u044f \u0421\u0430\u0439\u0442\u0443<\/h2>\n\n\n\n<ul class=\"wp-block-list\">\n<li>\u0412\u0438 \u043f\u043e\u0433\u043e\u0434\u0436\u0443\u0454\u0442\u0435\u0441\u044f \u0432\u0438\u043a\u043e\u0440\u0438\u0441\u0442\u043e\u0432\u0443\u0432\u0430\u0442\u0438 Zavamix \u043b\u0438\u0448\u0435 \u0432 \u0437\u0430\u043a\u043e\u043d\u043d\u0438\u0445 \u0446\u0456\u043b\u044f\u0445 \u0456 \u0432\u0456\u0434\u043f\u043e\u0432\u0456\u0434\u043d\u043e \u0434\u043e \u0446\u0438\u0445 \u0423\u043c\u043e\u0432.<\/li>\n\n\n\n<li>\u0412\u0438 \u043d\u0435 \u043f\u043e\u0432\u0438\u043d\u043d\u0456 \u0432\u0438\u043a\u043e\u0440\u0438\u0441\u0442\u043e\u0432\u0443\u0432\u0430\u0442\u0438 \u0412\u0435\u0431-\u0441\u0430\u0439\u0442 \u0431\u0443\u0434\u044c-\u044f\u043a\u0438\u043c \u0441\u043f\u043e\u0441\u043e\u0431\u043e\u043c, \u044f\u043a\u0438\u0439 \u043c\u043e\u0436\u0435 \u043f\u043e\u0448\u043a\u043e\u0434\u0438\u0442\u0438, \u0432\u0438\u0432\u0435\u0441\u0442\u0438 \u0437 \u043b\u0430\u0434\u0443 \u0430\u0431\u043e \u043f\u0435\u0440\u0435\u0432\u0430\u043d\u0442\u0430\u0436\u0438\u0442\u0438 \u0439\u043e\u0433\u043e.<\/li>\n\n\n\n<li>\u0412\u043c\u0456\u0441\u0442 Zavamix, \u0432\u043a\u043b\u044e\u0447\u0430\u044e\u0447\u0438 \u0442\u0435\u043a\u0441\u0442, \u0433\u0440\u0430\u0444\u0456\u043a\u0443 \u0442\u0430 \u0437\u043e\u0431\u0440\u0430\u0436\u0435\u043d\u043d\u044f, \u0437\u0430\u0445\u0438\u0449\u0435\u043d\u043e \u0430\u0432\u0442\u043e\u0440\u0441\u044c\u043a\u0438\u043c \u043f\u0440\u0430\u0432\u043e\u043c \u0456 \u0454 \u0432\u043b\u0430\u0441\u043d\u0456\u0441\u0442\u044e Zavamix \u0430\u0431\u043e \u0457\u0457 \u043b\u0456\u0446\u0435\u043d\u0437\u0456\u0430\u0440\u0456\u0432.<\/li>\n<\/ul>\n\n\n\n<h2 class=\"wp-block-heading\">3. \u0412\u0456\u0434\u043c\u043e\u0432\u0430 \u0432\u0456\u0434 \u0432\u0456\u0434\u043f\u043e\u0432\u0456\u0434\u0430\u043b\u044c\u043d\u043e\u0441\u0442\u0456<\/h2>\n\n\n\n<ul class=\"wp-block-list\">\n<li>Zavamix \u043d\u0435 \u043d\u0435\u0441\u0435 \u0432\u0456\u0434\u043f\u043e\u0432\u0456\u0434\u0430\u043b\u044c\u043d\u043e\u0441\u0442\u0456 \u0437\u0430 \u0442\u043e\u0447\u043d\u0456\u0441\u0442\u044c, \u0431\u0435\u0437\u043f\u0435\u043a\u0443 \u0430\u0431\u043e \u043d\u0430\u0434\u0456\u0439\u043d\u0456\u0441\u0442\u044c \u0440\u0435\u043a\u043e\u043c\u0435\u043d\u0434\u043e\u0432\u0430\u043d\u0438\u0445 \u043f\u0440\u043e\u0433\u0440\u0430\u043c.<\/li>\n\n\n\n<li>\u041c\u0438 \u043d\u0435 \u043d\u0435\u0441\u0435\u043c\u043e \u0432\u0456\u0434\u043f\u043e\u0432\u0456\u0434\u0430\u043b\u044c\u043d\u043e\u0441\u0442\u0456 \u0437\u0430 \u0431\u0443\u0434\u044c-\u044f\u043a\u0456 \u0437\u0431\u0438\u0442\u043a\u0438 \u0447\u0438 \u0437\u0431\u0438\u0442\u043a\u0438, \u0441\u043f\u0440\u0438\u0447\u0438\u043d\u0435\u043d\u0456 \u0432\u0438\u043a\u043e\u0440\u0438\u0441\u0442\u0430\u043d\u043d\u044f\u043c \u043f\u0440\u043e\u0433\u0440\u0430\u043c, \u0440\u0435\u043a\u043e\u043c\u0435\u043d\u0434\u043e\u0432\u0430\u043d\u0438\u0445 \u043d\u0430 \u043d\u0430\u0448\u043e\u043c\u0443 \u0432\u0435\u0431-\u0441\u0430\u0439\u0442\u0456.<\/li>\n<\/ul>\n\n\n\n<h2 class=\"wp-block-heading\">4. \u041f\u0440\u0430\u0432\u0430 \u0456\u043d\u0442\u0435\u043b\u0435\u043a\u0442\u0443\u0430\u043b\u044c\u043d\u043e\u0457 \u0432\u043b\u0430\u0441\u043d\u043e\u0441\u0442\u0456<\/h2>\n\n\n\n<ul class=\"wp-block-list\">\n<li>\u0412\u0435\u0441\u044c \u0432\u043c\u0456\u0441\u0442 \u043d\u0430 Zavamix \u0454 \u0432\u043b\u0430\u0441\u043d\u0456\u0441\u0442\u044e Zavamix \u0430\u0431\u043e \u0457\u0457 \u043b\u0456\u0446\u0435\u043d\u0437\u0456\u0430\u0440\u0456\u0432 \u0456 \u0437\u0430\u0445\u0438\u0449\u0435\u043d\u0438\u0439 \u0430\u0432\u0442\u043e\u0440\u0441\u044c\u043a\u0438\u043c \u043f\u0440\u0430\u0432\u043e\u043c, \u0442\u043e\u0440\u0433\u043e\u0432\u0438\u043c\u0438 \u043c\u0430\u0440\u043a\u0430\u043c\u0438 \u0442\u0430 \u0456\u043d\u0448\u0438\u043c\u0438 \u0437\u0430\u043a\u043e\u043d\u0430\u043c\u0438 \u043f\u0440\u043e \u0456\u043d\u0442\u0435\u043b\u0435\u043a\u0442\u0443\u0430\u043b\u044c\u043d\u0443 \u0432\u043b\u0430\u0441\u043d\u0456\u0441\u0442\u044c.<\/li>\n\n\n\n<li>\u0416\u043e\u0434\u0435\u043d \u0432\u043c\u0456\u0441\u0442 \u0432\u0435\u0431-\u0441\u0430\u0439\u0442\u0443 \u043d\u0435 \u043c\u043e\u0436\u043d\u0430 \u043a\u043e\u043f\u0456\u044e\u0432\u0430\u0442\u0438, \u0432\u0456\u0434\u0442\u0432\u043e\u0440\u044e\u0432\u0430\u0442\u0438, \u043f\u043e\u0432\u0442\u043e\u0440\u043d\u043e \u043f\u0443\u0431\u043b\u0456\u043a\u0443\u0432\u0430\u0442\u0438, \u0437\u0430\u0432\u0430\u043d\u0442\u0430\u0436\u0443\u0432\u0430\u0442\u0438, \u043f\u0443\u0431\u043b\u0456\u043a\u0443\u0432\u0430\u0442\u0438, \u043f\u0435\u0440\u0435\u0434\u0430\u0432\u0430\u0442\u0438 \u0447\u0438 \u043f\u043e\u0448\u0438\u0440\u044e\u0432\u0430\u0442\u0438 \u0431\u0443\u0434\u044c-\u044f\u043a\u0438\u043c \u0441\u043f\u043e\u0441\u043e\u0431\u043e\u043c \u0431\u0435\u0437 \u043d\u0430\u0448\u043e\u0433\u043e \u043f\u0440\u044f\u043c\u043e\u0433\u043e \u043f\u0438\u0441\u044c\u043c\u043e\u0432\u043e\u0433\u043e \u0434\u043e\u0437\u0432\u043e\u043b\u0443.<\/li>\n<\/ul>\n\n\n\n<h2 class=\"wp-block-heading\">5. \u0420\u0435\u043a\u043b\u0430\u043c\u0430 \u0442\u0430 \u043f\u043e\u0441\u0438\u043b\u0430\u043d\u043d\u044f \u0442\u0440\u0435\u0442\u0456\u0445 \u0441\u0442\u043e\u0440\u0456\u043d<\/h2>\n\n\n\n<ul class=\"wp-block-list\">\n<li>\u041d\u0430 \u043d\u0430\u0448\u043e\u043c\u0443 \u0432\u0435\u0431-\u0441\u0430\u0439\u0442\u0456 \u0432\u0456\u0434\u043e\u0431\u0440\u0430\u0436\u0430\u0454\u0442\u044c\u0441\u044f \u0440\u0435\u043a\u043b\u0430\u043c\u0430, \u043d\u0430\u0434\u0430\u043d\u0430 Google AdSense\/Ad Exchange.<\/li>\n\n\n\n<li>\u041c\u0438 \u043c\u043e\u0436\u0435\u043c\u043e \u043c\u0456\u0441\u0442\u0438\u0442\u0438 \u043f\u043e\u0441\u0438\u043b\u0430\u043d\u043d\u044f \u043d\u0430 \u0441\u0442\u043e\u0440\u043e\u043d\u043d\u0456 \u0432\u0435\u0431-\u0441\u0430\u0439\u0442\u0438; \u0442\u0430\u043a\u0456 \u043f\u043e\u0441\u0438\u043b\u0430\u043d\u043d\u044f \u043d\u0435 \u043e\u0437\u043d\u0430\u0447\u0430\u044e\u0442\u044c \u0441\u0445\u0432\u0430\u043b\u0435\u043d\u043d\u044f \u0446\u0438\u0445 \u0441\u0430\u0439\u0442\u0456\u0432.<\/li>\n<\/ul>\n\n\n\n<h2 class=\"wp-block-heading\">6. \u0417\u043c\u0456\u043d\u0438 \u0434\u043e \u0423\u043c\u043e\u0432<\/h2>\n\n\n\n<ul class=\"wp-block-list\">\n<li>Zavamix \u0437\u0430\u043b\u0438\u0448\u0430\u0454 \u0437\u0430 \u0441\u043e\u0431\u043e\u044e \u043f\u0440\u0430\u0432\u043e \u0437\u043c\u0456\u043d\u044e\u0432\u0430\u0442\u0438 \u0446\u0456 \u0423\u043c\u043e\u0432\u0438 \u0432 \u0431\u0443\u0434\u044c-\u044f\u043a\u0438\u0439 \u0447\u0430\u0441. \u041f\u043e\u0434\u0430\u043b\u044c\u0448\u0435 \u0432\u0456\u0434\u0432\u0456\u0434\u0443\u0432\u0430\u043d\u043d\u044f \u0442\u0430 \u0432\u0438\u043a\u043e\u0440\u0438\u0441\u0442\u0430\u043d\u043d\u044f \u0441\u0430\u0439\u0442\u0443 \u043e\u0437\u043d\u0430\u0447\u0430\u0454 \u0437\u0433\u043e\u0434\u0443 \u0437 \u0442\u0430\u043a\u0438\u043c\u0438 \u0437\u043c\u0456\u043d\u0430\u043c\u0438.<\/li>\n<\/ul>\n\n\n\n<h2 class=\"wp-block-heading\">7. \u041a\u043e\u043d\u0442\u0430\u043a\u0442<\/h2>\n\n\n\n<ul class=\"wp-block-list\">\n<li>\u042f\u043a\u0449\u043e \u0443 \u0432\u0430\u0441 \u0432\u0438\u043d\u0438\u043a\u043b\u0438 \u0437\u0430\u043f\u0438\u0442\u0430\u043d\u043d\u044f \u0447\u0438 \u0441\u0443\u043c\u043d\u0456\u0432\u0438 \u0449\u043e\u0434\u043e \u0446\u0438\u0445 \u0423\u043c\u043e\u0432 \u043a\u043e\u0440\u0438\u0441\u0442\u0443\u0432\u0430\u043d\u043d\u044f, \u0437\u0432\u2019\u044f\u0436\u0456\u0442\u044c\u0441\u044f \u0437 \u043d\u0430\u043c\u0438.<\/li>\n<\/ul>","protected":false},"excerpt":{"rendered":"<p>Bem-vindo ao Zavamix. Estes Termos de Uso (&#8220;Termos&#8221;) regem seu acesso e uso do nosso site https:\/\/zavamix.com, um portal dedicado a fornecer recomenda\u00e7\u00f5es e informa\u00e7\u00f5es sobre aplicativos de celular de diversos temas. Ao acessar ou usar o Zavamix, voc\u00ea concorda em cumprir estes Termos. 1. Servi\u00e7os do Zavamix 2. Uso do Site 3. Isen\u00e7\u00e3o de [&hellip;]<\/p>\n","protected":false},"author":1,"featured_media":0,"parent":0,"menu_order":0,"comment_status":"closed","ping_status":"closed","template":"","meta":{"footnotes":""},"class_list":["post-287","page","type-page","status-publish"],"_links":{"self":[{"href":"https:\/\/zavamix.com\/uk\/wp-json\/wp\/v2\/pages\/287","targetHints":{"allow":["GET"]}}],"collection":[{"href":"https:\/\/zavamix.com\/uk\/wp-json\/wp\/v2\/pages"}],"about":[{"href":"https:\/\/zavamix.com\/uk\/wp-json\/wp\/v2\/types\/page"}],"author":[{"embeddable":true,"href":"https:\/\/zavamix.com\/uk\/wp-json\/wp\/v2\/users\/1"}],"replies":[{"embeddable":true,"href":"https:\/\/zavamix.com\/uk\/wp-json\/wp\/v2\/comments?post=287"}],"version-history":[{"count":1,"href":"https:\/\/zavamix.com\/uk\/wp-json\/wp\/v2\/pages\/287\/revisions"}],"predecessor-version":[{"id":288,"href":"https:\/\/zavamix.com\/uk\/wp-json\/wp\/v2\/pages\/287\/revisions\/288"}],"wp:attachment":[{"href":"https:\/\/zavamix.com\/uk\/wp-json\/wp\/v2\/media?parent=287"}],"curies":[{"name":"wp","href":"https:\/\/api.w.org\/{rel}","templated":true}]}}