{"id":285,"date":"2023-11-29T21:28:07","date_gmt":"2023-11-29T21:28:07","guid":{"rendered":"https:\/\/zavamix.com\/?page_id=285"},"modified":"2023-11-29T21:28:07","modified_gmt":"2023-11-29T21:28:07","slug":"gizlilik-politikasi","status":"publish","type":"page","link":"https:\/\/zavamix.com\/tr\/politica-de-privacidade\/","title":{"rendered":"Gizlilik Politikas\u0131"},"content":{"rendered":"<p>Ho\u015fgeldiniz <a href=\"https:\/\/zavamix.com\/tr\/\" data-type=\"link\" data-id=\"https:\/\/zavamix.com\">Zavamix<\/a>. Bu gizlilik politikas\u0131, web sitemize eri\u015fti\u011finizde veya sitemizi kulland\u0131\u011f\u0131n\u0131zda hakk\u0131n\u0131zdaki bilgileri nas\u0131l toplad\u0131\u011f\u0131m\u0131z\u0131, kulland\u0131\u011f\u0131m\u0131z\u0131 ve payla\u015ft\u0131\u011f\u0131m\u0131z\u0131 a\u00e7\u0131klamaktad\u0131r.<\/p>\n\n\n\n<h2 class=\"wp-block-heading\">1. Toplad\u0131\u011f\u0131m\u0131z Bilgiler<\/h2>\n\n\n\n<ul class=\"wp-block-list\">\n<li><strong>Ki\u015fisel bilgi:<\/strong> G\u00fcncellemelere kaydoldu\u011funuzda veya bizimle ileti\u015fim kurdu\u011funuzda, g\u00f6n\u00fcll\u00fc olarak sa\u011flad\u0131\u011f\u0131n\u0131z isim, e-posta ve di\u011fer ileti\u015fim bilgileri gibi ki\u015fisel bilgileri topluyoruz.<\/li>\n\n\n\n<li><strong>Kullan\u0131m verisi:<\/strong> Cihaz t\u00fcr\u00fc, web taray\u0131c\u0131s\u0131, ziyaret edilen sayfalar, t\u0131klamalar, kullan\u0131m kal\u0131plar\u0131 ve di\u011fer kullan\u0131m bilgileri dahil olmak \u00fczere Siteye nas\u0131l eri\u015fti\u011finiz ve Siteyi nas\u0131l kulland\u0131\u011f\u0131n\u0131zla ilgili bilgileri otomatik olarak topluyoruz.<\/li>\n\n\n\n<li><strong>\u00c7erezler ve Takip Teknolojileri:<\/strong> Deneyiminizi ki\u015fiselle\u015ftirmek ve web sitesiyle ve g\u00f6r\u00fcnt\u00fclenen reklamlarla etkile\u015fiminiz hakk\u0131nda veri toplamak i\u00e7in \u00e7erezleri ve izleme teknolojilerini kullan\u0131yoruz.<\/li>\n<\/ul>\n\n\n\n<h2 class=\"wp-block-heading\">2. Bilgilerin Kullan\u0131m\u0131<\/h2>\n\n\n\n<p>Bilgilerinizi a\u015fa\u011f\u0131daki ama\u00e7larla kullan\u0131r\u0131z:<\/p>\n\n\n\n<ul class=\"wp-block-list\">\n<li>Web sitemizi ve hizmetlerimizi sa\u011flamak, s\u00fcrd\u00fcrmek ve geli\u015ftirmek.<\/li>\n\n\n\n<li>Sizinle ileti\u015fim kurun, sorular\u0131n\u0131za ve isteklerinize yan\u0131t verin.<\/li>\n\n\n\n<li>Ki\u015fiselle\u015ftirilmi\u015f reklamlar g\u00f6r\u00fcnt\u00fcleyin ve veri analizi yap\u0131n.<\/li>\n<\/ul>\n\n\n\n<h2 class=\"wp-block-heading\">3. Bilgi Payla\u015f\u0131m\u0131<\/h2>\n\n\n\n<p>A\u015fa\u011f\u0131daki durumlarda bilgilerinizi \u00fc\u00e7\u00fcnc\u00fc taraflarla payla\u015fabiliriz:<\/p>\n\n\n\n<ul class=\"wp-block-list\">\n<li><strong>Servis sa\u011flay\u0131c\u0131lar\u0131:<\/strong> Web bar\u0131nd\u0131rma ve veri analizi gibi siteyi i\u015fletmemize yard\u0131mc\u0131 olan sat\u0131c\u0131larla bilgi payla\u015f\u0131r\u0131z.<\/li>\n\n\n\n<li><strong>Google Ad Exchange:<\/strong> Google Ad Exchange arac\u0131l\u0131\u011f\u0131yla reklam sunmak i\u00e7in gerekti\u011fi gibi.<\/li>\n\n\n\n<li><strong>Yasal uyum:<\/strong> Yasalara uymak veya yasal s\u00fcrece yan\u0131t vermek gerekti\u011finde.<\/li>\n<\/ul>\n\n\n\n<h2 class=\"wp-block-heading\">4.Google AdSense<\/h2>\n\n\n\n<ul class=\"wp-block-list\">\n<li>Google AdSense \u015fartlar\u0131na uygun olarak, \u00fc\u00e7\u00fcnc\u00fc taraf bir sat\u0131c\u0131 olarak Google&#039;\u0131n web sitemizde reklam yay\u0131nlamak i\u00e7in \u00e7erezleri kulland\u0131\u011f\u0131n\u0131 size bildiririz.<\/li>\n\n\n\n<li>Google&#039;\u0131n DART \u00e7erezini kullanmas\u0131, sitemize ve \u0130nternet&#039;teki di\u011fer sitelere yap\u0131lan ge\u00e7mi\u015f ziyaretlere dayal\u0131 olarak kullan\u0131c\u0131lar\u0131m\u0131za reklam sunmas\u0131na olanak tan\u0131r.<\/li>\n\n\n\n<li>Kullan\u0131c\u0131lar, Google Reklamc\u0131l\u0131k ve \u0130\u00e7erik A\u011f\u0131 Gizlilik Politikas\u0131&#039;n\u0131 ziyaret ederek DART \u00e7erezinin kullan\u0131m\u0131n\u0131 devre d\u0131\u015f\u0131 b\u0131rakabilir.<\/li>\n<\/ul>\n\n\n\n<h2 class=\"wp-block-heading\">5. Gizlilik Politikas\u0131ndaki De\u011fi\u015fiklikler<\/h2>\n\n\n\n<p>Gizlilik Politikam\u0131z\u0131 periyodik olarak g\u00fcncelleyebiliriz. Yeni Gizlilik Politikas\u0131n\u0131 bu sayfada yay\u0131nlayarak sizi herhangi bir de\u011fi\u015fiklik konusunda bilgilendirece\u011fiz.<\/p>\n\n\n\n<h2 class=\"wp-block-heading\">6. \u0130leti\u015fim<\/h2>\n\n\n\n<p>Bu Gizlilik Politikas\u0131 hakk\u0131nda sorular\u0131n\u0131z varsa l\u00fctfen bizimle ileti\u015fime ge\u00e7in.<\/p>","protected":false},"excerpt":{"rendered":"<p>Bem-vindo ao Zavamix. Esta pol\u00edtica de privacidade descreve como coletamos, usamos e compartilhamos informa\u00e7\u00f5es sobre voc\u00ea quando acessa ou usa nosso site. 1. Informa\u00e7\u00f5es que Coletamos 2. Uso de Informa\u00e7\u00f5es Utilizamos suas informa\u00e7\u00f5es para: 3. Compartilhamento de Informa\u00e7\u00f5es Podemos compartilhar suas informa\u00e7\u00f5es com terceiros nas seguintes circunst\u00e2ncias: 4. Google AdSense 5. Altera\u00e7\u00f5es \u00e0 Pol\u00edtica de [&hellip;]<\/p>\n","protected":false},"author":1,"featured_media":0,"parent":0,"menu_order":0,"comment_status":"closed","ping_status":"closed","template":"","meta":{"footnotes":""},"class_list":["post-285","page","type-page","status-publish"],"_links":{"self":[{"href":"https:\/\/zavamix.com\/tr\/wp-json\/wp\/v2\/pages\/285","targetHints":{"allow":["GET"]}}],"collection":[{"href":"https:\/\/zavamix.com\/tr\/wp-json\/wp\/v2\/pages"}],"about":[{"href":"https:\/\/zavamix.com\/tr\/wp-json\/wp\/v2\/types\/page"}],"author":[{"embeddable":true,"href":"https:\/\/zavamix.com\/tr\/wp-json\/wp\/v2\/users\/1"}],"replies":[{"embeddable":true,"href":"https:\/\/zavamix.com\/tr\/wp-json\/wp\/v2\/comments?post=285"}],"version-history":[{"count":1,"href":"https:\/\/zavamix.com\/tr\/wp-json\/wp\/v2\/pages\/285\/revisions"}],"predecessor-version":[{"id":286,"href":"https:\/\/zavamix.com\/tr\/wp-json\/wp\/v2\/pages\/285\/revisions\/286"}],"wp:attachment":[{"href":"https:\/\/zavamix.com\/tr\/wp-json\/wp\/v2\/media?parent=285"}],"curies":[{"name":"wp","href":"https:\/\/api.w.org\/{rel}","templated":true}]}}