{"id":285,"date":"2023-11-29T21:28:07","date_gmt":"2023-11-29T21:28:07","guid":{"rendered":"https:\/\/zavamix.com\/?page_id=285"},"modified":"2023-11-29T21:28:07","modified_gmt":"2023-11-29T21:28:07","slug":"patakaran-sa-privacy","status":"publish","type":"page","link":"https:\/\/zavamix.com\/tl\/politica-de-privacidade\/","title":{"rendered":"Patakaran sa Privacy"},"content":{"rendered":"<p>Maligayang pagdating sa <a href=\"https:\/\/zavamix.com\/tl\/\" data-type=\"link\" data-id=\"https:\/\/zavamix.com\">Zavamix<\/a>. Inilalarawan ng patakaran sa privacy na ito kung paano namin kinokolekta, ginagamit at ibinabahagi ang impormasyon tungkol sa iyo kapag ina-access o ginagamit mo ang aming website.<\/p>\n\n\n\n<h2 class=\"wp-block-heading\">1. Impormasyong Kinokolekta Namin<\/h2>\n\n\n\n<ul class=\"wp-block-list\">\n<li><strong>Personal na impormasyon:<\/strong> Kinokolekta namin ang personal na impormasyon na boluntaryo mong ibinibigay, tulad ng pangalan, email at iba pang impormasyon sa pakikipag-ugnayan kapag nag-sign up ka para sa mga update o nakipag-ugnayan sa amin.<\/li>\n\n\n\n<li><strong>Data ng Paggamit:<\/strong> Awtomatiko kaming nangongolekta ng impormasyon tungkol sa kung paano mo ina-access at ginagamit ang Site, kabilang ang uri ng device, web browser, mga pahinang binisita, mga pag-click, mga pattern ng paggamit at iba pang impormasyon sa paggamit.<\/li>\n\n\n\n<li><strong>Cookies at Teknolohiya sa Pagsubaybay:<\/strong> Gumagamit kami ng cookies at mga teknolohiya sa pagsubaybay upang i-personalize ang iyong karanasan at mangolekta ng data tungkol sa iyong pakikipag-ugnayan sa website at mga ad na ipinapakita.<\/li>\n<\/ul>\n\n\n\n<h2 class=\"wp-block-heading\">2. Paggamit ng Impormasyon<\/h2>\n\n\n\n<p>Ginagamit namin ang iyong impormasyon sa:<\/p>\n\n\n\n<ul class=\"wp-block-list\">\n<li>Ibigay, panatilihin at pagbutihin ang aming website at mga serbisyo.<\/li>\n\n\n\n<li>Makipag-ugnayan sa iyo, tumugon sa iyong mga tanong at kahilingan.<\/li>\n\n\n\n<li>Magpakita ng mga personalized na ad at magsagawa ng pagsusuri ng data.<\/li>\n<\/ul>\n\n\n\n<h2 class=\"wp-block-heading\">3. Pagbabahagi ng Impormasyon<\/h2>\n\n\n\n<p>Maaari naming ibahagi ang iyong impormasyon sa mga third party sa mga sumusunod na sitwasyon:<\/p>\n\n\n\n<ul class=\"wp-block-list\">\n<li><strong>Mga Tagabigay ng Serbisyo:<\/strong> Nagbabahagi kami ng impormasyon sa mga vendor na tumutulong sa aming patakbuhin ang site, tulad ng web hosting at pagsusuri ng data.<\/li>\n\n\n\n<li><strong>Google Ad Exchange:<\/strong> Kung kinakailangan upang maghatid ng mga ad sa pamamagitan ng Google Ad Exchange.<\/li>\n\n\n\n<li><strong>Legal na pagsunod:<\/strong> Kung kinakailangan upang sumunod sa batas o tumugon sa legal na proseso.<\/li>\n<\/ul>\n\n\n\n<h2 class=\"wp-block-heading\">4. Google AdSense<\/h2>\n\n\n\n<ul class=\"wp-block-list\">\n<li>Bilang pagsunod sa mga tuntunin ng Google AdSense, ipinapaalam namin sa iyo na ang Google, bilang isang third-party na vendor, ay gumagamit ng cookies upang maghatid ng mga ad sa aming website.<\/li>\n\n\n\n<li>Ang paggamit ng Google sa cookie ng DART ay nagbibigay-daan dito upang maghatid ng mga ad sa aming mga gumagamit batay sa mga nakaraang pagbisita sa aming site at iba pang mga site sa Internet.<\/li>\n\n\n\n<li>Maaaring mag-opt out ang mga user sa paggamit ng cookie ng DART sa pamamagitan ng pagbisita sa Patakaran sa Privacy ng Google Advertising at Network ng Nilalaman.<\/li>\n<\/ul>\n\n\n\n<h2 class=\"wp-block-heading\">5. Mga Pagbabago sa Patakaran sa Privacy<\/h2>\n\n\n\n<p>Maaari naming i-update ang aming Patakaran sa Privacy nang pana-panahon. Aabisuhan ka namin ng anumang mga pagbabago sa pamamagitan ng pag-post ng bagong Patakaran sa Privacy sa pahinang ito.<\/p>\n\n\n\n<h2 class=\"wp-block-heading\">6. Makipag-ugnayan<\/h2>\n\n\n\n<p>Kung mayroon kang mga tanong tungkol sa Patakaran sa Privacy na ito, mangyaring makipag-ugnayan sa amin.<\/p>","protected":false},"excerpt":{"rendered":"<p>Bem-vindo ao Zavamix. Esta pol\u00edtica de privacidade descreve como coletamos, usamos e compartilhamos informa\u00e7\u00f5es sobre voc\u00ea quando acessa ou usa nosso site. 1. Informa\u00e7\u00f5es que Coletamos 2. Uso de Informa\u00e7\u00f5es Utilizamos suas informa\u00e7\u00f5es para: 3. Compartilhamento de Informa\u00e7\u00f5es Podemos compartilhar suas informa\u00e7\u00f5es com terceiros nas seguintes circunst\u00e2ncias: 4. Google AdSense 5. Altera\u00e7\u00f5es \u00e0 Pol\u00edtica de [&hellip;]<\/p>\n","protected":false},"author":1,"featured_media":0,"parent":0,"menu_order":0,"comment_status":"closed","ping_status":"closed","template":"","meta":{"footnotes":""},"class_list":["post-285","page","type-page","status-publish"],"_links":{"self":[{"href":"https:\/\/zavamix.com\/tl\/wp-json\/wp\/v2\/pages\/285","targetHints":{"allow":["GET"]}}],"collection":[{"href":"https:\/\/zavamix.com\/tl\/wp-json\/wp\/v2\/pages"}],"about":[{"href":"https:\/\/zavamix.com\/tl\/wp-json\/wp\/v2\/types\/page"}],"author":[{"embeddable":true,"href":"https:\/\/zavamix.com\/tl\/wp-json\/wp\/v2\/users\/1"}],"replies":[{"embeddable":true,"href":"https:\/\/zavamix.com\/tl\/wp-json\/wp\/v2\/comments?post=285"}],"version-history":[{"count":1,"href":"https:\/\/zavamix.com\/tl\/wp-json\/wp\/v2\/pages\/285\/revisions"}],"predecessor-version":[{"id":286,"href":"https:\/\/zavamix.com\/tl\/wp-json\/wp\/v2\/pages\/285\/revisions\/286"}],"wp:attachment":[{"href":"https:\/\/zavamix.com\/tl\/wp-json\/wp\/v2\/media?parent=285"}],"curies":[{"name":"wp","href":"https:\/\/api.w.org\/{rel}","templated":true}]}}