{"id":287,"date":"2023-11-29T21:34:08","date_gmt":"2023-11-29T21:34:08","guid":{"rendered":"https:\/\/zavamix.com\/?page_id=287"},"modified":"2023-11-29T21:34:08","modified_gmt":"2023-11-29T21:34:08","slug":"%e0%b8%82%e0%b9%89%e0%b8%ad%e0%b8%81%e0%b8%b3%e0%b8%ab%e0%b8%99%e0%b8%94%e0%b8%81%e0%b8%b2%e0%b8%a3%e0%b9%83%e0%b8%8a%e0%b9%89%e0%b8%87%e0%b8%b2%e0%b8%99","status":"publish","type":"page","link":"https:\/\/zavamix.com\/th\/termos-de-uso\/","title":{"rendered":"\u0e02\u0e49\u0e2d\u0e01\u0e33\u0e2b\u0e19\u0e14\u0e01\u0e32\u0e23\u0e43\u0e0a\u0e49\u0e07\u0e32\u0e19"},"content":{"rendered":"<p>\u0e22\u0e34\u0e19\u0e14\u0e35\u0e15\u0e49\u0e2d\u0e19\u0e23\u0e31\u0e1a\u0e2a\u0e39\u0e48 <a href=\"https:\/\/zavamix.com\/th\/\">\u0e0b\u0e32\u0e27\u0e32\u0e21\u0e34\u0e01\u0e0b\u0e4c<\/a>. \u0e02\u0e49\u0e2d\u0e01\u0e33\u0e2b\u0e19\u0e14\u0e01\u0e32\u0e23\u0e43\u0e0a\u0e49\u0e07\u0e32\u0e19\u0e40\u0e2b\u0e25\u0e48\u0e32\u0e19\u0e35\u0e49 (\u201c\u0e02\u0e49\u0e2d\u0e01\u0e33\u0e2b\u0e19\u0e14\u201d) \u0e04\u0e27\u0e1a\u0e04\u0e38\u0e21\u0e01\u0e32\u0e23\u0e40\u0e02\u0e49\u0e32\u0e16\u0e36\u0e07\u0e41\u0e25\u0e30\u0e01\u0e32\u0e23\u0e43\u0e0a\u0e49\u0e07\u0e32\u0e19\u0e40\u0e27\u0e47\u0e1a\u0e44\u0e0b\u0e15\u0e4c https:\/\/zavamix.com \u0e02\u0e2d\u0e07\u0e40\u0e23\u0e32 \u0e0b\u0e36\u0e48\u0e07\u0e40\u0e1b\u0e47\u0e19\u0e1e\u0e2d\u0e23\u0e4c\u0e17\u0e31\u0e25\u0e17\u0e35\u0e48\u0e17\u0e38\u0e48\u0e21\u0e40\u0e17\u0e43\u0e2b\u0e49\u0e01\u0e31\u0e1a\u0e01\u0e32\u0e23\u0e43\u0e2b\u0e49\u0e04\u0e33\u0e41\u0e19\u0e30\u0e19\u0e33\u0e41\u0e25\u0e30\u0e02\u0e49\u0e2d\u0e21\u0e39\u0e25\u0e40\u0e01\u0e35\u0e48\u0e22\u0e27\u0e01\u0e31\u0e1a\u0e41\u0e2d\u0e1b\u0e1e\u0e25\u0e34\u0e40\u0e04\u0e0a\u0e31\u0e19\u0e21\u0e37\u0e2d\u0e16\u0e37\u0e2d\u0e43\u0e19\u0e2b\u0e31\u0e27\u0e02\u0e49\u0e2d\u0e15\u0e48\u0e32\u0e07\u0e46 \u0e40\u0e21\u0e37\u0e48\u0e2d\u0e40\u0e02\u0e49\u0e32\u0e16\u0e36\u0e07\u0e2b\u0e23\u0e37\u0e2d\u0e43\u0e0a\u0e49\u0e07\u0e32\u0e19 <a href=\"https:\/\/zavamix.com\/th\/\">\u0e0b\u0e32\u0e27\u0e32\u0e21\u0e34\u0e01\u0e0b\u0e4c<\/a>\u0e04\u0e38\u0e13\u0e15\u0e01\u0e25\u0e07\u0e17\u0e35\u0e48\u0e08\u0e30\u0e1b\u0e0f\u0e34\u0e1a\u0e31\u0e15\u0e34\u0e15\u0e32\u0e21\u0e02\u0e49\u0e2d\u0e01\u0e33\u0e2b\u0e19\u0e14\u0e40\u0e2b\u0e25\u0e48\u0e32\u0e19\u0e35\u0e49<\/p>\n\n\n\n<h2 class=\"wp-block-heading\">1. \u0e1a\u0e23\u0e34\u0e01\u0e32\u0e23\u0e02\u0e2d\u0e07\u0e0b\u0e32\u0e27\u0e32\u0e21\u0e34\u0e01\u0e0b\u0e4c<\/h2>\n\n\n\n<ul class=\"wp-block-list\">\n<li>Zavamix \u0e40\u0e2a\u0e19\u0e2d\u0e04\u0e33\u0e41\u0e19\u0e30\u0e19\u0e33\u0e41\u0e2d\u0e1b\u0e21\u0e37\u0e2d\u0e16\u0e37\u0e2d\u0e41\u0e25\u0e30\u0e40\u0e19\u0e37\u0e49\u0e2d\u0e2b\u0e32\u0e17\u0e35\u0e48\u0e40\u0e01\u0e35\u0e48\u0e22\u0e27\u0e02\u0e49\u0e2d\u0e07<\/li>\n\n\n\n<li>\u0e40\u0e23\u0e32\u0e44\u0e21\u0e48\u0e44\u0e14\u0e49\u0e40\u0e1b\u0e47\u0e19\u0e40\u0e08\u0e49\u0e32\u0e02\u0e2d\u0e07\u0e2b\u0e23\u0e37\u0e2d\u0e1e\u0e31\u0e12\u0e19\u0e32\u0e41\u0e2d\u0e1b\u0e1e\u0e25\u0e34\u0e40\u0e04\u0e0a\u0e31\u0e19\u0e17\u0e35\u0e48\u0e41\u0e19\u0e30\u0e19\u0e33 \u0e04\u0e33\u0e41\u0e19\u0e30\u0e19\u0e33\u0e2d\u0e22\u0e39\u0e48\u0e1a\u0e19\u0e1e\u0e37\u0e49\u0e19\u0e10\u0e32\u0e19\u0e02\u0e2d\u0e07\u0e01\u0e32\u0e23\u0e27\u0e34\u0e08\u0e31\u0e22\u0e41\u0e25\u0e30\u0e01\u0e32\u0e23\u0e27\u0e34\u0e40\u0e04\u0e23\u0e32\u0e30\u0e2b\u0e4c\u0e17\u0e35\u0e48\u0e40\u0e1b\u0e47\u0e19\u0e01\u0e23\u0e23\u0e21\u0e2a\u0e34\u0e17\u0e18\u0e34\u0e4c<\/li>\n\n\n\n<li>\u0e1a\u0e23\u0e34\u0e01\u0e32\u0e23\u0e02\u0e2d\u0e07\u0e40\u0e23\u0e32\u0e2a\u0e23\u0e49\u0e32\u0e07\u0e23\u0e32\u0e22\u0e44\u0e14\u0e49\u0e1c\u0e48\u0e32\u0e19\u0e01\u0e32\u0e23\u0e42\u0e06\u0e29\u0e13\u0e32\u0e02\u0e2d\u0e07 Google AdSense\/Ad Exchange<\/li>\n<\/ul>\n\n\n\n<h2 class=\"wp-block-heading\">2. \u0e01\u0e32\u0e23\u0e43\u0e0a\u0e49\u0e44\u0e0b\u0e15\u0e4c<\/h2>\n\n\n\n<ul class=\"wp-block-list\">\n<li>\u0e04\u0e38\u0e13\u0e15\u0e01\u0e25\u0e07\u0e17\u0e35\u0e48\u0e08\u0e30\u0e43\u0e0a\u0e49 Zavamix \u0e40\u0e1e\u0e37\u0e48\u0e2d\u0e27\u0e31\u0e15\u0e16\u0e38\u0e1b\u0e23\u0e30\u0e2a\u0e07\u0e04\u0e4c\u0e17\u0e35\u0e48\u0e16\u0e39\u0e01\u0e15\u0e49\u0e2d\u0e07\u0e15\u0e32\u0e21\u0e01\u0e0e\u0e2b\u0e21\u0e32\u0e22\u0e41\u0e25\u0e30\u0e2a\u0e2d\u0e14\u0e04\u0e25\u0e49\u0e2d\u0e07\u0e01\u0e31\u0e1a\u0e02\u0e49\u0e2d\u0e01\u0e33\u0e2b\u0e19\u0e14\u0e40\u0e2b\u0e25\u0e48\u0e32\u0e19\u0e35\u0e49\u0e40\u0e17\u0e48\u0e32\u0e19\u0e31\u0e49\u0e19<\/li>\n\n\n\n<li>\u0e04\u0e38\u0e13\u0e15\u0e49\u0e2d\u0e07\u0e44\u0e21\u0e48\u0e43\u0e0a\u0e49\u0e40\u0e27\u0e47\u0e1a\u0e44\u0e0b\u0e15\u0e4c\u0e43\u0e19\u0e25\u0e31\u0e01\u0e29\u0e13\u0e30\u0e43\u0e14 \u0e46 \u0e17\u0e35\u0e48\u0e2d\u0e32\u0e08\u0e2a\u0e23\u0e49\u0e32\u0e07\u0e04\u0e27\u0e32\u0e21\u0e40\u0e2a\u0e35\u0e22\u0e2b\u0e32\u0e22 \u0e1b\u0e34\u0e14\u0e01\u0e32\u0e23\u0e43\u0e0a\u0e49\u0e07\u0e32\u0e19 \u0e2b\u0e23\u0e37\u0e2d\u0e40\u0e1b\u0e47\u0e19\u0e20\u0e32\u0e23\u0e30\u0e21\u0e32\u0e01\u0e40\u0e01\u0e34\u0e19\u0e44\u0e1b<\/li>\n\n\n\n<li>\u0e40\u0e19\u0e37\u0e49\u0e2d\u0e2b\u0e32 Zavamix \u0e23\u0e27\u0e21\u0e16\u0e36\u0e07\u0e02\u0e49\u0e2d\u0e04\u0e27\u0e32\u0e21 \u0e01\u0e23\u0e32\u0e1f\u0e34\u0e01 \u0e41\u0e25\u0e30\u0e23\u0e39\u0e1b\u0e20\u0e32\u0e1e \u0e44\u0e14\u0e49\u0e23\u0e31\u0e1a\u0e01\u0e32\u0e23\u0e04\u0e38\u0e49\u0e21\u0e04\u0e23\u0e2d\u0e07\u0e42\u0e14\u0e22\u0e25\u0e34\u0e02\u0e2a\u0e34\u0e17\u0e18\u0e34\u0e4c\u0e41\u0e25\u0e30\u0e40\u0e1b\u0e47\u0e19\u0e17\u0e23\u0e31\u0e1e\u0e22\u0e4c\u0e2a\u0e34\u0e19\u0e02\u0e2d\u0e07 Zavamix \u0e2b\u0e23\u0e37\u0e2d\u0e1c\u0e39\u0e49\u0e2d\u0e19\u0e38\u0e0d\u0e32\u0e15<\/li>\n<\/ul>\n\n\n\n<h2 class=\"wp-block-heading\">3. \u0e02\u0e49\u0e2d\u0e08\u0e33\u0e01\u0e31\u0e14\u0e04\u0e27\u0e32\u0e21\u0e23\u0e31\u0e1a\u0e1c\u0e34\u0e14\u0e0a\u0e2d\u0e1a<\/h2>\n\n\n\n<ul class=\"wp-block-list\">\n<li>Zavamix \u0e08\u0e30\u0e44\u0e21\u0e48\u0e23\u0e31\u0e1a\u0e1c\u0e34\u0e14\u0e0a\u0e2d\u0e1a\u0e15\u0e48\u0e2d\u0e04\u0e27\u0e32\u0e21\u0e16\u0e39\u0e01\u0e15\u0e49\u0e2d\u0e07 \u0e04\u0e27\u0e32\u0e21\u0e1b\u0e25\u0e2d\u0e14\u0e20\u0e31\u0e22 \u0e2b\u0e23\u0e37\u0e2d\u0e04\u0e27\u0e32\u0e21\u0e19\u0e48\u0e32\u0e40\u0e0a\u0e37\u0e48\u0e2d\u0e16\u0e37\u0e2d\u0e02\u0e2d\u0e07\u0e41\u0e2d\u0e1b\u0e1e\u0e25\u0e34\u0e40\u0e04\u0e0a\u0e31\u0e19\u0e17\u0e35\u0e48\u0e41\u0e19\u0e30\u0e19\u0e33<\/li>\n\n\n\n<li>\u0e40\u0e23\u0e32\u0e08\u0e30\u0e44\u0e21\u0e48\u0e23\u0e31\u0e1a\u0e1c\u0e34\u0e14\u0e0a\u0e2d\u0e1a\u0e15\u0e48\u0e2d\u0e04\u0e27\u0e32\u0e21\u0e40\u0e2a\u0e35\u0e22\u0e2b\u0e32\u0e22\u0e2b\u0e23\u0e37\u0e2d\u0e04\u0e27\u0e32\u0e21\u0e2a\u0e39\u0e0d\u0e40\u0e2a\u0e35\u0e22\u0e43\u0e14 \u0e46 \u0e17\u0e35\u0e48\u0e40\u0e01\u0e34\u0e14\u0e08\u0e32\u0e01\u0e01\u0e32\u0e23\u0e43\u0e0a\u0e49\u0e41\u0e2d\u0e1b\u0e1e\u0e25\u0e34\u0e40\u0e04\u0e0a\u0e31\u0e19\u0e17\u0e35\u0e48\u0e41\u0e19\u0e30\u0e19\u0e33\u0e1a\u0e19\u0e40\u0e27\u0e47\u0e1a\u0e44\u0e0b\u0e15\u0e4c\u0e02\u0e2d\u0e07\u0e40\u0e23\u0e32<\/li>\n<\/ul>\n\n\n\n<h2 class=\"wp-block-heading\">4. \u0e2a\u0e34\u0e17\u0e18\u0e34\u0e4c\u0e43\u0e19\u0e17\u0e23\u0e31\u0e1e\u0e22\u0e4c\u0e2a\u0e34\u0e19\u0e17\u0e32\u0e07\u0e1b\u0e31\u0e0d\u0e0d\u0e32<\/h2>\n\n\n\n<ul class=\"wp-block-list\">\n<li>\u0e40\u0e19\u0e37\u0e49\u0e2d\u0e2b\u0e32\u0e17\u0e31\u0e49\u0e07\u0e2b\u0e21\u0e14\u0e1a\u0e19 Zavamix \u0e40\u0e1b\u0e47\u0e19\u0e17\u0e23\u0e31\u0e1e\u0e22\u0e4c\u0e2a\u0e34\u0e19\u0e02\u0e2d\u0e07 Zavamix \u0e2b\u0e23\u0e37\u0e2d\u0e1c\u0e39\u0e49\u0e2d\u0e19\u0e38\u0e0d\u0e32\u0e15 \u0e41\u0e25\u0e30\u0e44\u0e14\u0e49\u0e23\u0e31\u0e1a\u0e01\u0e32\u0e23\u0e04\u0e38\u0e49\u0e21\u0e04\u0e23\u0e2d\u0e07\u0e42\u0e14\u0e22\u0e01\u0e0e\u0e2b\u0e21\u0e32\u0e22\u0e25\u0e34\u0e02\u0e2a\u0e34\u0e17\u0e18\u0e34\u0e4c \u0e40\u0e04\u0e23\u0e37\u0e48\u0e2d\u0e07\u0e2b\u0e21\u0e32\u0e22\u0e01\u0e32\u0e23\u0e04\u0e49\u0e32 \u0e41\u0e25\u0e30\u0e01\u0e0e\u0e2b\u0e21\u0e32\u0e22\u0e17\u0e23\u0e31\u0e1e\u0e22\u0e4c\u0e2a\u0e34\u0e19\u0e17\u0e32\u0e07\u0e1b\u0e31\u0e0d\u0e0d\u0e32\u0e2d\u0e37\u0e48\u0e19\u0e46<\/li>\n\n\n\n<li>\u0e2b\u0e49\u0e32\u0e21\u0e04\u0e31\u0e14\u0e25\u0e2d\u0e01 \u0e17\u0e33\u0e0b\u0e49\u0e33 \u0e40\u0e1c\u0e22\u0e41\u0e1e\u0e23\u0e48\u0e0b\u0e49\u0e33 \u0e2d\u0e31\u0e1b\u0e42\u0e2b\u0e25\u0e14 \u0e42\u0e1e\u0e2a\u0e15\u0e4c \u0e2a\u0e48\u0e07\u0e15\u0e48\u0e2d \u0e2b\u0e23\u0e37\u0e2d\u0e41\u0e08\u0e01\u0e08\u0e48\u0e32\u0e22\u0e40\u0e19\u0e37\u0e49\u0e2d\u0e2b\u0e32\u0e08\u0e32\u0e01\u0e40\u0e27\u0e47\u0e1a\u0e44\u0e0b\u0e15\u0e4c\u0e44\u0e21\u0e48\u0e27\u0e48\u0e32\u0e14\u0e49\u0e27\u0e22\u0e27\u0e34\u0e18\u0e35\u0e43\u0e14\u0e46 \u0e42\u0e14\u0e22\u0e44\u0e21\u0e48\u0e44\u0e14\u0e49\u0e23\u0e31\u0e1a\u0e2d\u0e19\u0e38\u0e0d\u0e32\u0e15\u0e40\u0e1b\u0e47\u0e19\u0e25\u0e32\u0e22\u0e25\u0e31\u0e01\u0e29\u0e13\u0e4c\u0e2d\u0e31\u0e01\u0e29\u0e23\u0e08\u0e32\u0e01\u0e40\u0e23\u0e32<\/li>\n<\/ul>\n\n\n\n<h2 class=\"wp-block-heading\">5. \u0e01\u0e32\u0e23\u0e42\u0e06\u0e29\u0e13\u0e32\u0e41\u0e25\u0e30\u0e25\u0e34\u0e07\u0e04\u0e4c\u0e02\u0e2d\u0e07\u0e1a\u0e38\u0e04\u0e04\u0e25\u0e17\u0e35\u0e48\u0e2a\u0e32\u0e21<\/h2>\n\n\n\n<ul class=\"wp-block-list\">\n<li>\u0e40\u0e27\u0e47\u0e1a\u0e44\u0e0b\u0e15\u0e4c\u0e02\u0e2d\u0e07\u0e40\u0e23\u0e32\u0e41\u0e2a\u0e14\u0e07\u0e42\u0e06\u0e29\u0e13\u0e32\u0e17\u0e35\u0e48\u0e08\u0e31\u0e14\u0e17\u0e33\u0e42\u0e14\u0e22 Google AdSense\/Ad Exchange<\/li>\n\n\n\n<li>\u0e40\u0e23\u0e32\u0e2d\u0e32\u0e08\u0e23\u0e27\u0e21\u0e25\u0e34\u0e07\u0e01\u0e4c\u0e44\u0e1b\u0e22\u0e31\u0e07\u0e40\u0e27\u0e47\u0e1a\u0e44\u0e0b\u0e15\u0e4c\u0e1a\u0e38\u0e04\u0e04\u0e25\u0e17\u0e35\u0e48\u0e2a\u0e32\u0e21 \u0e25\u0e34\u0e07\u0e01\u0e4c\u0e14\u0e31\u0e07\u0e01\u0e25\u0e48\u0e32\u0e27\u0e44\u0e21\u0e48\u0e44\u0e14\u0e49\u0e2b\u0e21\u0e32\u0e22\u0e04\u0e27\u0e32\u0e21\u0e16\u0e36\u0e07\u0e01\u0e32\u0e23\u0e23\u0e31\u0e1a\u0e23\u0e2d\u0e07\u0e40\u0e27\u0e47\u0e1a\u0e44\u0e0b\u0e15\u0e4c\u0e40\u0e2b\u0e25\u0e48\u0e32\u0e19\u0e35\u0e49<\/li>\n<\/ul>\n\n\n\n<h2 class=\"wp-block-heading\">6. \u0e01\u0e32\u0e23\u0e40\u0e1b\u0e25\u0e35\u0e48\u0e22\u0e19\u0e41\u0e1b\u0e25\u0e07\u0e02\u0e49\u0e2d\u0e01\u0e33\u0e2b\u0e19\u0e14<\/h2>\n\n\n\n<ul class=\"wp-block-list\">\n<li>Zavamix \u0e02\u0e2d\u0e2a\u0e07\u0e27\u0e19\u0e2a\u0e34\u0e17\u0e18\u0e34\u0e4c\u0e43\u0e19\u0e01\u0e32\u0e23\u0e41\u0e01\u0e49\u0e44\u0e02\u0e02\u0e49\u0e2d\u0e01\u0e33\u0e2b\u0e19\u0e14\u0e40\u0e2b\u0e25\u0e48\u0e32\u0e19\u0e35\u0e49\u0e44\u0e14\u0e49\u0e15\u0e25\u0e2d\u0e14\u0e40\u0e27\u0e25\u0e32 \u0e01\u0e32\u0e23\u0e40\u0e02\u0e49\u0e32\u0e0a\u0e21\u0e41\u0e25\u0e30\u0e01\u0e32\u0e23\u0e43\u0e0a\u0e49\u0e07\u0e32\u0e19\u0e44\u0e0b\u0e15\u0e4c\u0e2d\u0e22\u0e48\u0e32\u0e07\u0e15\u0e48\u0e2d\u0e40\u0e19\u0e37\u0e48\u0e2d\u0e07\u0e02\u0e2d\u0e07\u0e04\u0e38\u0e13\u0e16\u0e37\u0e2d\u0e27\u0e48\u0e32\u0e04\u0e38\u0e13\u0e22\u0e2d\u0e21\u0e23\u0e31\u0e1a\u0e01\u0e32\u0e23\u0e41\u0e01\u0e49\u0e44\u0e02\u0e14\u0e31\u0e07\u0e01\u0e25\u0e48\u0e32\u0e27<\/li>\n<\/ul>\n\n\n\n<h2 class=\"wp-block-heading\">7. \u0e15\u0e34\u0e14\u0e15\u0e48\u0e2d<\/h2>\n\n\n\n<ul class=\"wp-block-list\">\n<li>\u0e2b\u0e32\u0e01\u0e04\u0e38\u0e13\u0e21\u0e35\u0e04\u0e33\u0e16\u0e32\u0e21\u0e2b\u0e23\u0e37\u0e2d\u0e02\u0e49\u0e2d\u0e01\u0e31\u0e07\u0e27\u0e25\u0e40\u0e01\u0e35\u0e48\u0e22\u0e27\u0e01\u0e31\u0e1a\u0e02\u0e49\u0e2d\u0e01\u0e33\u0e2b\u0e19\u0e14\u0e01\u0e32\u0e23\u0e43\u0e0a\u0e49\u0e07\u0e32\u0e19\u0e40\u0e2b\u0e25\u0e48\u0e32\u0e19\u0e35\u0e49 \u0e42\u0e1b\u0e23\u0e14\u0e15\u0e34\u0e14\u0e15\u0e48\u0e2d\u0e40\u0e23\u0e32<\/li>\n<\/ul>","protected":false},"excerpt":{"rendered":"<p>Bem-vindo ao Zavamix. Estes Termos de Uso (&#8220;Termos&#8221;) regem seu acesso e uso do nosso site https:\/\/zavamix.com, um portal dedicado a fornecer recomenda\u00e7\u00f5es e informa\u00e7\u00f5es sobre aplicativos de celular de diversos temas. Ao acessar ou usar o Zavamix, voc\u00ea concorda em cumprir estes Termos. 1. Servi\u00e7os do Zavamix 2. Uso do Site 3. Isen\u00e7\u00e3o de [&hellip;]<\/p>\n","protected":false},"author":1,"featured_media":0,"parent":0,"menu_order":0,"comment_status":"closed","ping_status":"closed","template":"","meta":{"footnotes":""},"class_list":["post-287","page","type-page","status-publish"],"_links":{"self":[{"href":"https:\/\/zavamix.com\/th\/wp-json\/wp\/v2\/pages\/287","targetHints":{"allow":["GET"]}}],"collection":[{"href":"https:\/\/zavamix.com\/th\/wp-json\/wp\/v2\/pages"}],"about":[{"href":"https:\/\/zavamix.com\/th\/wp-json\/wp\/v2\/types\/page"}],"author":[{"embeddable":true,"href":"https:\/\/zavamix.com\/th\/wp-json\/wp\/v2\/users\/1"}],"replies":[{"embeddable":true,"href":"https:\/\/zavamix.com\/th\/wp-json\/wp\/v2\/comments?post=287"}],"version-history":[{"count":1,"href":"https:\/\/zavamix.com\/th\/wp-json\/wp\/v2\/pages\/287\/revisions"}],"predecessor-version":[{"id":288,"href":"https:\/\/zavamix.com\/th\/wp-json\/wp\/v2\/pages\/287\/revisions\/288"}],"wp:attachment":[{"href":"https:\/\/zavamix.com\/th\/wp-json\/wp\/v2\/media?parent=287"}],"curies":[{"name":"\u0e2b\u0e19\u0e49\u0e32","href":"https:\/\/api.w.org\/{rel}","templated":true}]}}