{"id":287,"date":"2023-11-29T21:34:08","date_gmt":"2023-11-29T21:34:08","guid":{"rendered":"https:\/\/zavamix.com\/?page_id=287"},"modified":"2023-11-29T21:34:08","modified_gmt":"2023-11-29T21:34:08","slug":"%d1%83%d1%81%d0%bb%d0%be%d0%b2%d0%b8-%d0%ba%d0%be%d1%80%d0%b8%d1%88%d1%9b%d0%b5%d1%9a%d0%b0","status":"publish","type":"page","link":"https:\/\/zavamix.com\/sr\/termos-de-uso\/","title":{"rendered":"\u0423\u0441\u043b\u043e\u0432\u0438 \u043a\u043e\u0440\u0438\u0448\u045b\u0435\u045a\u0430"},"content":{"rendered":"<p>\u0414\u043e\u0431\u0440\u043e\u0434\u043e\u0448\u043b\u0438 \u0443 <a href=\"https:\/\/zavamix.com\/sr\/\">\u0417\u0430\u0432\u0430\u043c\u0438\u043a<\/a>. \u041e\u0432\u0438 \u0423\u0441\u043b\u043e\u0432\u0438 \u043a\u043e\u0440\u0438\u0448\u045b\u0435\u045a\u0430 (\u201e\u0423\u0441\u043b\u043e\u0432\u0438\u201c) \u0440\u0435\u0433\u0443\u043b\u0438\u0448\u0443 \u0432\u0430\u0448 \u043f\u0440\u0438\u0441\u0442\u0443\u043f \u0438 \u043a\u043e\u0440\u0438\u0448\u045b\u0435\u045a\u0435 \u043d\u0430\u0448\u0435 \u0432\u0435\u0431 \u0441\u0442\u0440\u0430\u043d\u0438\u0446\u0435 \u0445\u0442\u0442\u043f\u0441:\/\/\u0437\u0430\u0432\u0430\u043c\u0438\u043a.\u0446\u043e\u043c, \u043f\u043e\u0440\u0442\u0430\u043b\u0430 \u043f\u043e\u0441\u0432\u0435\u045b\u0435\u043d\u043e\u0433 \u043f\u0440\u0443\u0436\u0430\u045a\u0443 \u043f\u0440\u0435\u043f\u043e\u0440\u0443\u043a\u0430 \u0438 \u0438\u043d\u0444\u043e\u0440\u043c\u0430\u0446\u0438\u0458\u0430 \u043e \u043c\u043e\u0431\u0438\u043b\u043d\u0438\u043c \u0430\u043f\u043b\u0438\u043a\u0430\u0446\u0438\u0458\u0430\u043c\u0430 \u043e \u0440\u0430\u0437\u043d\u0438\u043c \u0442\u0435\u043c\u0430\u043c\u0430. \u041a\u0430\u0434\u0430 \u043f\u0440\u0438\u0441\u0442\u0443\u043f\u0430\u0442\u0435 \u0438\u043b\u0438 \u043a\u043e\u0440\u0438\u0441\u0442\u0438\u0442\u0435 <a href=\"https:\/\/zavamix.com\/sr\/\">\u0417\u0430\u0432\u0430\u043c\u0438\u043a<\/a>, \u0441\u0430\u0433\u043b\u0430\u0441\u043d\u0438 \u0441\u0442\u0435 \u0434\u0430 \u0441\u0435 \u043f\u0440\u0438\u0434\u0440\u0436\u0430\u0432\u0430\u0442\u0435 \u043e\u0432\u0438\u0445 \u0423\u0441\u043b\u043e\u0432\u0430.<\/p>\n\n\n\n<h2 class=\"wp-block-heading\">1. \u0417\u0430\u0432\u0430\u043c\u0438\u043a \u0443\u0441\u043b\u0443\u0433\u0435<\/h2>\n\n\n\n<ul class=\"wp-block-list\">\n<li>\u0417\u0430\u0432\u0430\u043c\u0438\u043a \u043d\u0443\u0434\u0438 \u043f\u0440\u0435\u043f\u043e\u0440\u0443\u043a\u0435 \u0437\u0430 \u043c\u043e\u0431\u0438\u043b\u043d\u0435 \u0430\u043f\u043b\u0438\u043a\u0430\u0446\u0438\u0458\u0435 \u0438 \u0441\u0440\u043e\u0434\u043d\u0438 \u0441\u0430\u0434\u0440\u0436\u0430\u0458.<\/li>\n\n\n\n<li>\u041c\u0438 \u043d\u0435 \u043f\u043e\u0441\u0435\u0434\u0443\u0458\u0435\u043c\u043e \u043d\u0438\u0442\u0438 \u0440\u0430\u0437\u0432\u0438\u0458\u0430\u043c\u043e \u043f\u0440\u0435\u043f\u043e\u0440\u0443\u0447\u0435\u043d\u0435 \u0430\u043f\u043b\u0438\u043a\u0430\u0446\u0438\u0458\u0435. \u041f\u0440\u0435\u043f\u043e\u0440\u0443\u043a\u0435 \u0441\u0443 \u0437\u0430\u0441\u043d\u043e\u0432\u0430\u043d\u0435 \u043d\u0430 \u0437\u0430\u0448\u0442\u0438\u045b\u0435\u043d\u0438\u043c \u0438\u0441\u0442\u0440\u0430\u0436\u0438\u0432\u0430\u045a\u0438\u043c\u0430 \u0438 \u0430\u043d\u0430\u043b\u0438\u0437\u0430\u043c\u0430.<\/li>\n\n\n\n<li>\u041d\u0430\u0448\u0435 \u0443\u0441\u043b\u0443\u0433\u0435 \u0441\u0435 \u043c\u043e\u043d\u0435\u0442\u0438\u0437\u0443\u0458\u0443 \u043f\u0443\u0442\u0435\u043c \u0413\u043e\u043e\u0433\u043b\u0435 \u0410\u0434\u0421\u0435\u043d\u0441\u0435\/\u0410\u0434 \u0415\u043a\u0446\u0445\u0430\u043d\u0433\u0435 \u043e\u0433\u043b\u0430\u0448\u0430\u0432\u0430\u045a\u0430.<\/li>\n<\/ul>\n\n\n\n<h2 class=\"wp-block-heading\">2. \u041a\u043e\u0440\u0438\u0448\u045b\u0435\u045a\u0435 \u0441\u0430\u0458\u0442\u0430<\/h2>\n\n\n\n<ul class=\"wp-block-list\">\n<li>\u0421\u0430\u0433\u043b\u0430\u0441\u043d\u0438 \u0441\u0442\u0435 \u0434\u0430 \u043a\u043e\u0440\u0438\u0441\u0442\u0438\u0442\u0435 \u0417\u0430\u0432\u0430\u043c\u0438\u043a \u0441\u0430\u043c\u043e \u0443 \u0437\u0430\u043a\u043e\u043d\u0438\u0442\u0435 \u0441\u0432\u0440\u0445\u0435 \u0438\u0443 \u0441\u043a\u043b\u0430\u0434\u0443 \u0441\u0430 \u043e\u0432\u0438\u043c \u0423\u0441\u043b\u043e\u0432\u0438\u043c\u0430.<\/li>\n\n\n\n<li>\u041d\u0435 \u0441\u043c\u0435\u0442\u0435 \u0434\u0430 \u043a\u043e\u0440\u0438\u0441\u0442\u0438\u0442\u0435 \u0412\u0435\u0431 \u043b\u043e\u043a\u0430\u0446\u0438\u0458\u0443 \u043d\u0430 \u0431\u0438\u043b\u043e \u043a\u043e\u0458\u0438 \u043d\u0430\u0447\u0438\u043d \u043a\u043e\u0458\u0438 \u0431\u0438 \u0458\u0435 \u043c\u043e\u0433\u0430\u043e \u043e\u0448\u0442\u0435\u0442\u0438\u0442\u0438, \u043e\u043d\u0435\u043c\u043e\u0433\u0443\u045b\u0438\u0442\u0438 \u0438\u043b\u0438 \u043f\u0440\u0435\u043e\u043f\u0442\u0435\u0440\u0435\u0442\u0438\u0442\u0438.<\/li>\n\n\n\n<li>\u0417\u0430\u0432\u0430\u043c\u0438\u043a \u0441\u0430\u0434\u0440\u0436\u0430\u0458, \u0443\u043a\u0459\u0443\u0447\u0443\u0458\u0443\u045b\u0438 \u0442\u0435\u043a\u0441\u0442, \u0433\u0440\u0430\u0444\u0438\u043a\u0443 \u0438 \u0441\u043b\u0438\u043a\u0435, \u0437\u0430\u0448\u0442\u0438\u045b\u0435\u043d \u0458\u0435 \u0430\u0443\u0442\u043e\u0440\u0441\u043a\u0438\u043c \u043f\u0440\u0430\u0432\u0438\u043c\u0430 \u0438 \u0432\u043b\u0430\u0441\u043d\u0438\u0448\u0442\u0432\u043e \u0458\u0435 \u0417\u0430\u0432\u0430\u043c\u0438\u043a-\u0430 \u0438\u043b\u0438 \u045a\u0435\u0433\u043e\u0432\u0438\u0445 \u0434\u0430\u0432\u0430\u043b\u0430\u0446\u0430 \u043b\u0438\u0446\u0435\u043d\u0446\u0435.<\/li>\n<\/ul>\n\n\n\n<h2 class=\"wp-block-heading\">3. \u041e\u0434\u0440\u0438\u0446\u0430\u045a\u0435 \u043e\u0434 \u043e\u0434\u0433\u043e\u0432\u043e\u0440\u043d\u043e\u0441\u0442\u0438<\/h2>\n\n\n\n<ul class=\"wp-block-list\">\n<li>\u0417\u0430\u0432\u0430\u043c\u0438\u043a \u043d\u0438\u0458\u0435 \u043e\u0434\u0433\u043e\u0432\u043e\u0440\u0430\u043d \u0437\u0430 \u0442\u0430\u0447\u043d\u043e\u0441\u0442, \u0441\u0438\u0433\u0443\u0440\u043d\u043e\u0441\u0442 \u0438\u043b\u0438 \u043f\u043e\u0443\u0437\u0434\u0430\u043d\u043e\u0441\u0442 \u043f\u0440\u0435\u043f\u043e\u0440\u0443\u0447\u0435\u043d\u0438\u0445 \u0430\u043f\u043b\u0438\u043a\u0430\u0446\u0438\u0458\u0430.<\/li>\n\n\n\n<li>\u041d\u0435 \u0441\u043d\u043e\u0441\u0438\u043c\u043e \u043e\u0434\u0433\u043e\u0432\u043e\u0440\u043d\u043e\u0441\u0442 \u0437\u0430 \u0431\u0438\u043b\u043e \u043a\u0430\u043a\u0432\u0443 \u0448\u0442\u0435\u0442\u0443 \u0438\u043b\u0438 \u0433\u0443\u0431\u0438\u0442\u043a\u0435 \u043a\u043e\u0458\u0438 \u0441\u0443 \u0440\u0435\u0437\u0443\u043b\u0442\u0430\u0442 \u043a\u043e\u0440\u0438\u0448\u045b\u0435\u045a\u0430 \u0430\u043f\u043b\u0438\u043a\u0430\u0446\u0438\u0458\u0430 \u043f\u0440\u0435\u043f\u043e\u0440\u0443\u0447\u0435\u043d\u0438\u0445 \u043d\u0430 \u043d\u0430\u0448\u043e\u0458 \u0432\u0435\u0431 \u0441\u0442\u0440\u0430\u043d\u0438\u0446\u0438.<\/li>\n<\/ul>\n\n\n\n<h2 class=\"wp-block-heading\">4. \u041f\u0440\u0430\u0432\u0430 \u0438\u043d\u0442\u0435\u043b\u0435\u043a\u0442\u0443\u0430\u043b\u043d\u0435 \u0441\u0432\u043e\u0458\u0438\u043d\u0435<\/h2>\n\n\n\n<ul class=\"wp-block-list\">\n<li>\u0421\u0430\u0432 \u0441\u0430\u0434\u0440\u0436\u0430\u0458 \u043d\u0430 \u0417\u0430\u0432\u0430\u043c\u0438\u043a-\u0443 \u0458\u0435 \u0432\u043b\u0430\u0441\u043d\u0438\u0448\u0442\u0432\u043e \u0417\u0430\u0432\u0430\u043c\u0438\u043a-\u0430 \u0438\u043b\u0438 \u045a\u0435\u0433\u043e\u0432\u0438\u0445 \u0434\u0430\u0432\u0430\u043b\u0430\u0446\u0430 \u043b\u0438\u0446\u0435\u043d\u0446\u0435 \u0438 \u0437\u0430\u0448\u0442\u0438\u045b\u0435\u043d \u0458\u0435 \u0430\u0443\u0442\u043e\u0440\u0441\u043a\u0438\u043c \u043f\u0440\u0430\u0432\u0438\u043c\u0430, \u0436\u0438\u0433\u043e\u0432\u0438\u043c\u0430 \u0438 \u0434\u0440\u0443\u0433\u0438\u043c \u0437\u0430\u043a\u043e\u043d\u0438\u043c\u0430 \u043e \u0438\u043d\u0442\u0435\u043b\u0435\u043a\u0442\u0443\u0430\u043b\u043d\u043e\u0458 \u0441\u0432\u043e\u0458\u0438\u043d\u0438.<\/li>\n\n\n\n<li>\u041d\u0438\u0458\u0435\u0434\u0430\u043d \u0441\u0430\u0434\u0440\u0436\u0430\u0458 \u0441\u0430 \u0432\u0435\u0431 \u0441\u0442\u0440\u0430\u043d\u0438\u0446\u0435 \u043d\u0435 \u0441\u043c\u0435 \u0441\u0435 \u043a\u043e\u043f\u0438\u0440\u0430\u0442\u0438, \u0440\u0435\u043f\u0440\u043e\u0434\u0443\u043a\u043e\u0432\u0430\u0442\u0438, \u043f\u043e\u043d\u043e\u0432\u043e \u043e\u0431\u0458\u0430\u0432\u0459\u0438\u0432\u0430\u0442\u0438, \u043f\u043e\u0441\u0442\u0430\u0432\u0459\u0430\u0442\u0438, \u043f\u043e\u0441\u0442\u0430\u0432\u0459\u0430\u0442\u0438, \u043f\u0440\u0435\u043d\u043e\u0441\u0438\u0442\u0438 \u0438\u043b\u0438 \u0434\u0438\u0441\u0442\u0440\u0438\u0431\u0443\u0438\u0440\u0430\u0442\u0438 \u043d\u0430 \u0431\u0438\u043b\u043e \u043a\u043e\u0458\u0438 \u043d\u0430\u0447\u0438\u043d \u0431\u0435\u0437 \u043d\u0430\u0448\u0435 \u0438\u0437\u0440\u0438\u0447\u0438\u0442\u0435 \u043f\u0438\u0441\u043c\u0435\u043d\u0435 \u0434\u043e\u0437\u0432\u043e\u043b\u0435.<\/li>\n<\/ul>\n\n\n\n<h2 class=\"wp-block-heading\">5. \u041e\u0433\u043b\u0430\u0448\u0430\u0432\u0430\u045a\u0435 \u0438 \u0432\u0435\u0437\u0435 \u0441\u0430 \u0442\u0440\u0435\u045b\u0438\u043c \u0441\u0442\u0440\u0430\u043d\u0430\u043c\u0430<\/h2>\n\n\n\n<ul class=\"wp-block-list\">\n<li>\u041d\u0430\u0448\u0430 \u0432\u0435\u0431 \u043b\u043e\u043a\u0430\u0446\u0438\u0458\u0430 \u043f\u0440\u0438\u043a\u0430\u0437\u0443\u0458\u0435 \u043e\u0433\u043b\u0430\u0441\u0435 \u043a\u043e\u0458\u0435 \u043e\u0431\u0435\u0437\u0431\u0435\u0452\u0443\u0458\u0435 \u0413\u043e\u043e\u0433\u043b\u0435 \u0410\u0434\u0421\u0435\u043d\u0441\u0435\/\u0410\u0434 \u0415\u043a\u0446\u0445\u0430\u043d\u0433\u0435.<\/li>\n\n\n\n<li>\u041c\u043e\u0436\u0435\u043c\u043e \u0443\u043a\u0459\u0443\u0447\u0438\u0442\u0438 \u0432\u0435\u0437\u0435 \u043a\u0430 \u0432\u0435\u0431 \u043b\u043e\u043a\u0430\u0446\u0438\u0458\u0430\u043c\u0430 \u0442\u0440\u0435\u045b\u0438\u0445 \u0441\u0442\u0440\u0430\u043d\u0430; \u0442\u0430\u043a\u0432\u0435 \u0432\u0435\u0437\u0435 \u043d\u0435 \u043f\u043e\u0434\u0440\u0430\u0437\u0443\u043c\u0435\u0432\u0430\u0458\u0443 \u043e\u0434\u043e\u0431\u0440\u0430\u0432\u0430\u045a\u0435 \u043e\u0432\u0438\u0445 \u0441\u0430\u0458\u0442\u043e\u0432\u0430.<\/li>\n<\/ul>\n\n\n\n<h2 class=\"wp-block-heading\">6. \u0418\u0437\u043c\u0435\u043d\u0435 \u0423\u0441\u043b\u043e\u0432\u0430<\/h2>\n\n\n\n<ul class=\"wp-block-list\">\n<li>\u0417\u0430\u0432\u0430\u043c\u0438\u043a \u0437\u0430\u0434\u0440\u0436\u0430\u0432\u0430 \u043f\u0440\u0430\u0432\u043e \u0434\u0430 \u0438\u0437\u043c\u0435\u043d\u0438 \u043e\u0432\u0435 \u0423\u0441\u043b\u043e\u0432\u0435 \u0443 \u0431\u0438\u043b\u043e \u043a\u043e\u043c \u0442\u0440\u0435\u043d\u0443\u0442\u043a\u0443. \u0412\u0430\u0448\u0435 \u043a\u043e\u043d\u0442\u0438\u043d\u0443\u0438\u0440\u0430\u043d\u0435 \u043f\u043e\u0441\u0435\u0442\u0435 \u0438 \u043a\u043e\u0440\u0438\u0448\u045b\u0435\u045a\u0435 \u0441\u0430\u0458\u0442\u0430 \u043f\u043e\u0434\u0440\u0430\u0437\u0443\u043c\u0435\u0432\u0430\u0458\u0443 \u0434\u0430 \u043f\u0440\u0438\u0445\u0432\u0430\u0442\u0430\u0442\u0435 \u0442\u0430\u043a\u0432\u0435 \u0438\u0437\u043c\u0435\u043d\u0435.<\/li>\n<\/ul>\n\n\n\n<h2 class=\"wp-block-heading\">7. \u041a\u043e\u043d\u0442\u0430\u043a\u0442<\/h2>\n\n\n\n<ul class=\"wp-block-list\">\n<li>\u0410\u043a\u043e \u0438\u043c\u0430\u0442\u0435 \u043f\u0438\u0442\u0430\u045a\u0430 \u0438\u043b\u0438 \u043d\u0435\u0434\u043e\u0443\u043c\u0438\u0446\u0430 \u0443 \u0432\u0435\u0437\u0438 \u0441\u0430 \u043e\u0432\u0438\u043c \u0423\u0441\u043b\u043e\u0432\u0438\u043c\u0430 \u043a\u043e\u0440\u0438\u0448\u045b\u0435\u045a\u0430, \u043a\u043e\u043d\u0442\u0430\u043a\u0442\u0438\u0440\u0430\u0458\u0442\u0435 \u043d\u0430\u0441.<\/li>\n<\/ul>","protected":false},"excerpt":{"rendered":"<p>Bem-vindo ao Zavamix. Estes Termos de Uso (&#8220;Termos&#8221;) regem seu acesso e uso do nosso site https:\/\/zavamix.com, um portal dedicado a fornecer recomenda\u00e7\u00f5es e informa\u00e7\u00f5es sobre aplicativos de celular de diversos temas. Ao acessar ou usar o Zavamix, voc\u00ea concorda em cumprir estes Termos. 1. Servi\u00e7os do Zavamix 2. Uso do Site 3. Isen\u00e7\u00e3o de [&hellip;]<\/p>\n","protected":false},"author":1,"featured_media":0,"parent":0,"menu_order":0,"comment_status":"closed","ping_status":"closed","template":"","meta":{"footnotes":""},"class_list":["post-287","page","type-page","status-publish"],"_links":{"self":[{"href":"https:\/\/zavamix.com\/sr\/wp-json\/wp\/v2\/pages\/287","targetHints":{"allow":["GET"]}}],"collection":[{"href":"https:\/\/zavamix.com\/sr\/wp-json\/wp\/v2\/pages"}],"about":[{"href":"https:\/\/zavamix.com\/sr\/wp-json\/wp\/v2\/types\/page"}],"author":[{"embeddable":true,"href":"https:\/\/zavamix.com\/sr\/wp-json\/wp\/v2\/users\/1"}],"replies":[{"embeddable":true,"href":"https:\/\/zavamix.com\/sr\/wp-json\/wp\/v2\/comments?post=287"}],"version-history":[{"count":1,"href":"https:\/\/zavamix.com\/sr\/wp-json\/wp\/v2\/pages\/287\/revisions"}],"predecessor-version":[{"id":288,"href":"https:\/\/zavamix.com\/sr\/wp-json\/wp\/v2\/pages\/287\/revisions\/288"}],"wp:attachment":[{"href":"https:\/\/zavamix.com\/sr\/wp-json\/wp\/v2\/media?parent=287"}],"curies":[{"name":"\u0432\u043f","href":"https:\/\/api.w.org\/{rel}","templated":true}]}}