{"id":2,"date":"2023-11-21T22:45:01","date_gmt":"2023-11-21T22:45:01","guid":{"rendered":"https:\/\/zavamix.com\/?page_id=2"},"modified":"2023-11-21T22:45:01","modified_gmt":"2023-11-21T22:45:01","slug":"vzorcna-stran","status":"publish","type":"page","link":"https:\/\/zavamix.com\/sl\/sample-page\/","title":{"rendered":"Vzor\u010dna stran"},"content":{"rendered":"<p>To je primer strani. Razlikuje se od objave v spletnem dnevniku, ker bo ostala na enem mestu in se bo prikazala v navigaciji va\u0161ega spletnega mesta (v ve\u010dini tem). Ve\u010dina ljudi za\u010dne s stranjo \u00bbO nas\u00ab, ki jih predstavi potencialnim obiskovalcem spletnega mesta. Lahko pi\u0161e nekaj takega:<\/p>\n\n\n\n<blockquote class=\"wp-block-quote is-layout-flow wp-block-quote-is-layout-flow\"><p>\u017divjo! Podnevi sem kurir na kolesu, pono\u010di pa nadobudni igralec, to pa je moja spletna stran. \u017divim v Los Angelesu, imam \u010dudovitega psa po imenu Jack in rad imam pi\u00f1a colade. (In rad se znajdem v de\u017eju.)<\/p><\/blockquote>\n\n\n\n<p>... ali nekaj takega:<\/p>\n\n\n\n<blockquote class=\"wp-block-quote is-layout-flow wp-block-quote-is-layout-flow\"><p>Podjetje XYZ Doohickey je bilo ustanovljeno leta 1971 in od takrat javnosti zagotavlja kakovostne doohickeyje. XYZ se nahaja v Gotham Cityju, zaposluje ve\u010d kot 2000 ljudi in po\u010dne vse mogo\u010de \u010dudovite stvari za skupnost Gothama.<\/p><\/blockquote>\n\n\n\n<p>Kot nov uporabnik WordPressa bi morali obiskati <a href=\"https:\/\/zavamix.com\/wp-admin\/\">va\u0161a nadzorna plo\u0161\u010da<\/a> \u010ce \u017eelite izbrisati to stran in ustvariti nove strani za svojo vsebino. Zabavajte se!<\/p>","protected":false},"excerpt":{"rendered":"<p>This is an example page. It&#8217;s different from a blog post because it will stay in one place and will show up in your site navigation (in most themes). Most people start with an About page that introduces them to potential site visitors. It might say something like this: Hi there! I&#8217;m a bike messenger [&hellip;]<\/p>\n","protected":false},"author":1,"featured_media":0,"parent":0,"menu_order":0,"comment_status":"closed","ping_status":"open","template":"","meta":{"footnotes":""},"class_list":["post-2","page","type-page","status-publish"],"_links":{"self":[{"href":"https:\/\/zavamix.com\/sl\/wp-json\/wp\/v2\/pages\/2","targetHints":{"allow":["GET"]}}],"collection":[{"href":"https:\/\/zavamix.com\/sl\/wp-json\/wp\/v2\/pages"}],"about":[{"href":"https:\/\/zavamix.com\/sl\/wp-json\/wp\/v2\/types\/page"}],"author":[{"embeddable":true,"href":"https:\/\/zavamix.com\/sl\/wp-json\/wp\/v2\/users\/1"}],"replies":[{"embeddable":true,"href":"https:\/\/zavamix.com\/sl\/wp-json\/wp\/v2\/comments?post=2"}],"version-history":[{"count":0,"href":"https:\/\/zavamix.com\/sl\/wp-json\/wp\/v2\/pages\/2\/revisions"}],"wp:attachment":[{"href":"https:\/\/zavamix.com\/sl\/wp-json\/wp\/v2\/media?parent=2"}],"curies":[{"name":"wp","href":"https:\/\/api.w.org\/{rel}","templated":true}]}}