{"id":285,"date":"2023-11-29T21:28:07","date_gmt":"2023-11-29T21:28:07","guid":{"rendered":"https:\/\/zavamix.com\/?page_id=285"},"modified":"2023-11-29T21:28:07","modified_gmt":"2023-11-29T21:28:07","slug":"polityka-prywatnosci","status":"publish","type":"page","link":"https:\/\/zavamix.com\/pl\/politica-de-privacidade\/","title":{"rendered":"Polityka prywatno\u015bci"},"content":{"rendered":"<p>Witamy w <a href=\"https:\/\/zavamix.com\/pl\/\" data-type=\"link\" data-id=\"https:\/\/zavamix.com\">Zavamix<\/a>. Niniejsza polityka prywatno\u015bci opisuje, w jaki spos\u00f3b zbieramy, wykorzystujemy i udost\u0119pniamy informacje o Tobie, gdy uzyskujesz dost\u0119p do naszej witryny internetowej lub z niej korzystasz.<\/p>\n\n\n\n<h2 class=\"wp-block-heading\">1. Informacje, kt\u00f3re zbieramy<\/h2>\n\n\n\n<ul class=\"wp-block-list\">\n<li><strong>Informacje osobiste:<\/strong> Gromadzimy dane osobowe, kt\u00f3re podajesz dobrowolnie, takie jak imi\u0119 i nazwisko, adres e-mail i inne dane kontaktowe, gdy rejestrujesz si\u0119 w celu otrzymywania aktualizacji lub komunikujesz si\u0119 z nami.<\/li>\n\n\n\n<li><strong>Dane dotycz\u0105ce u\u017cytkowania:<\/strong> Automatycznie zbieramy informacje o tym, jak uzyskujesz dost\u0119p do Witryny i jak z niej korzystasz, w tym typ urz\u0105dzenia, przegl\u0105darka internetowa, odwiedzane strony, klikni\u0119cia, wzorce u\u017cytkowania i inne informacje dotycz\u0105ce u\u017cytkowania.<\/li>\n\n\n\n<li><strong>Pliki cookie i technologie \u015bledzenia:<\/strong> U\u017cywamy plik\u00f3w cookie i technologii \u015bledzenia, aby personalizowa\u0107 Twoje do\u015bwiadczenia i zbiera\u0107 dane o Twoich interakcjach ze stron\u0105 internetow\u0105 i wy\u015bwietlanymi reklamami.<\/li>\n<\/ul>\n\n\n\n<h2 class=\"wp-block-heading\">2. Wykorzystanie informacji<\/h2>\n\n\n\n<p>U\u017cywamy Twoich danych, aby:<\/p>\n\n\n\n<ul class=\"wp-block-list\">\n<li>Udost\u0119pniaj, utrzymuj i ulepszaj nasz\u0105 stron\u0119 internetow\u0105 i us\u0142ugi.<\/li>\n\n\n\n<li>Komunikuj si\u0119 z Tob\u0105, odpowiadaj na Twoje pytania i pro\u015bby.<\/li>\n\n\n\n<li>Wy\u015bwietlaj spersonalizowane reklamy i przeprowadzaj analiz\u0119 danych.<\/li>\n<\/ul>\n\n\n\n<h2 class=\"wp-block-heading\">3. Udost\u0119pnianie informacji<\/h2>\n\n\n\n<p>Mo\u017cemy udost\u0119pnia\u0107 Twoje dane stronom trzecim w nast\u0119puj\u0105cych okoliczno\u015bciach:<\/p>\n\n\n\n<ul class=\"wp-block-list\">\n<li><strong>Us\u0142ugodawcy:<\/strong> Udost\u0119pniamy informacje dostawcom, kt\u00f3rzy pomagaj\u0105 nam w obs\u0142udze witryny, takimi jak hosting i analiza danych.<\/li>\n\n\n\n<li><strong>Google Ad Exchange:<\/strong> Zgodnie z wymaganiami do wy\u015bwietlania reklam za po\u015brednictwem Google Ad Exchange.<\/li>\n\n\n\n<li><strong>Zgodno\u015b\u0107 z prawem:<\/strong> Gdy jest to konieczne, aby zachowa\u0107 zgodno\u015b\u0107 z prawem lub zareagowa\u0107 na proces prawny.<\/li>\n<\/ul>\n\n\n\n<h2 class=\"wp-block-heading\">4. Google AdSense<\/h2>\n\n\n\n<ul class=\"wp-block-list\">\n<li>Zgodnie z warunkami Google AdSense informujemy, \u017ce Google, jako dostawca zewn\u0119trzny, wykorzystuje pliki cookie do wy\u015bwietlania reklam w naszej witrynie.<\/li>\n\n\n\n<li>Korzystanie przez Google z pliku cookie DART umo\u017cliwia wy\u015bwietlanie reklam naszym u\u017cytkownikom na podstawie poprzednich wizyt w naszej witrynie i innych witrynach w Internecie.<\/li>\n\n\n\n<li>U\u017cytkownicy mog\u0105 zrezygnowa\u0107 z u\u017cywania pliku cookie DART, odwiedzaj\u0105c Polityk\u0119 prywatno\u015bci Google dotycz\u0105c\u0105 reklam i sieci partnerskiej.<\/li>\n<\/ul>\n\n\n\n<h2 class=\"wp-block-heading\">5. Zmiany w Polityce Prywatno\u015bci<\/h2>\n\n\n\n<p>Mo\u017cemy okresowo aktualizowa\u0107 nasz\u0105 Polityk\u0119 prywatno\u015bci. O wszelkich zmianach poinformujemy Ci\u0119, publikuj\u0105c now\u0105 Polityk\u0119 prywatno\u015bci na tej stronie.<\/p>\n\n\n\n<h2 class=\"wp-block-heading\">6. Kontakt<\/h2>\n\n\n\n<p>Je\u015bli masz pytania dotycz\u0105ce niniejszej Polityki prywatno\u015bci, skontaktuj si\u0119 z nami.<\/p>","protected":false},"excerpt":{"rendered":"<p>Bem-vindo ao Zavamix. Esta pol\u00edtica de privacidade descreve como coletamos, usamos e compartilhamos informa\u00e7\u00f5es sobre voc\u00ea quando acessa ou usa nosso site. 1. Informa\u00e7\u00f5es que Coletamos 2. Uso de Informa\u00e7\u00f5es Utilizamos suas informa\u00e7\u00f5es para: 3. Compartilhamento de Informa\u00e7\u00f5es Podemos compartilhar suas informa\u00e7\u00f5es com terceiros nas seguintes circunst\u00e2ncias: 4. Google AdSense 5. Altera\u00e7\u00f5es \u00e0 Pol\u00edtica de [&hellip;]<\/p>\n","protected":false},"author":1,"featured_media":0,"parent":0,"menu_order":0,"comment_status":"closed","ping_status":"closed","template":"","meta":{"footnotes":""},"class_list":["post-285","page","type-page","status-publish"],"_links":{"self":[{"href":"https:\/\/zavamix.com\/pl\/wp-json\/wp\/v2\/pages\/285","targetHints":{"allow":["GET"]}}],"collection":[{"href":"https:\/\/zavamix.com\/pl\/wp-json\/wp\/v2\/pages"}],"about":[{"href":"https:\/\/zavamix.com\/pl\/wp-json\/wp\/v2\/types\/page"}],"author":[{"embeddable":true,"href":"https:\/\/zavamix.com\/pl\/wp-json\/wp\/v2\/users\/1"}],"replies":[{"embeddable":true,"href":"https:\/\/zavamix.com\/pl\/wp-json\/wp\/v2\/comments?post=285"}],"version-history":[{"count":1,"href":"https:\/\/zavamix.com\/pl\/wp-json\/wp\/v2\/pages\/285\/revisions"}],"predecessor-version":[{"id":286,"href":"https:\/\/zavamix.com\/pl\/wp-json\/wp\/v2\/pages\/285\/revisions\/286"}],"wp:attachment":[{"href":"https:\/\/zavamix.com\/pl\/wp-json\/wp\/v2\/media?parent=285"}],"curies":[{"name":"wp","href":"https:\/\/api.w.org\/{rel}","templated":true}]}}