{"id":2,"date":"2023-11-21T22:45:01","date_gmt":"2023-11-21T22:45:01","guid":{"rendered":"https:\/\/zavamix.com\/?page_id=2"},"modified":"2023-11-21T22:45:01","modified_gmt":"2023-11-21T22:45:01","slug":"przykladowa-strona","status":"publish","type":"page","link":"https:\/\/zavamix.com\/pl\/sample-page\/","title":{"rendered":"Przyk\u0142adowa Strona"},"content":{"rendered":"<p>To jest przyk\u0142adowa strona. R\u00f3\u017cni si\u0119 ona od wpisu na blogu, poniewa\u017c pozostaje w jednym miejscu i wy\u015bwietla si\u0119 w nawigacji witryny (w wi\u0119kszo\u015bci motyw\u00f3w). Wi\u0119kszo\u015b\u0107 u\u017cytkownik\u00f3w zaczyna od strony \u201eO mnie\u201d, kt\u00f3ra przedstawia ich potencjalnym odwiedzaj\u0105cym witryn\u0119. Mo\u017ce ona zawiera\u0107 na przyk\u0142ad taki tekst:<\/p>\n\n\n\n<blockquote class=\"wp-block-quote is-layout-flow wp-block-quote-is-layout-flow\"><p>Cze\u015b\u0107! Za dnia jestem kurierem rowerowym, noc\u0105 aspiruj\u0105cym aktorem, a to moja strona internetowa. Mieszkam w Los Angeles, mam wspania\u0142ego psa o imieniu Jack i lubi\u0119 pi\u00f1a colad\u0119. (I deszcz, kt\u00f3ry mnie \u0142apie).<\/p><\/blockquote>\n\n\n\n<p>\u2026lub co\u015b takiego:<\/p>\n\n\n\n<blockquote class=\"wp-block-quote is-layout-flow wp-block-quote-is-layout-flow\"><p>Firma XYZ Doohickey zosta\u0142a za\u0142o\u017cona w 1971 roku i od tamtej pory dostarcza klientom wysokiej jako\u015bci gad\u017cety. Z siedzib\u0105 w Gotham City, XYZ zatrudnia ponad 2000 os\u00f3b i robi mn\u00f3stwo wspania\u0142ych rzeczy dla spo\u0142eczno\u015bci Gotham.<\/p><\/blockquote>\n\n\n\n<p>Jako nowy u\u017cytkownik WordPressa powiniene\u015b przej\u015b\u0107 do <a href=\"https:\/\/zavamix.com\/wp-admin\/\">Tw\u00f3j pulpit nawigacyjny<\/a> Aby usun\u0105\u0107 t\u0119 stron\u0119 i utworzy\u0107 nowe strony z Twoj\u0105 tre\u015bci\u0105. Baw si\u0119 dobrze!<\/p>","protected":false},"excerpt":{"rendered":"<p>This is an example page. It&#8217;s different from a blog post because it will stay in one place and will show up in your site navigation (in most themes). Most people start with an About page that introduces them to potential site visitors. It might say something like this: Hi there! I&#8217;m a bike messenger [&hellip;]<\/p>\n","protected":false},"author":1,"featured_media":0,"parent":0,"menu_order":0,"comment_status":"closed","ping_status":"open","template":"","meta":{"footnotes":""},"class_list":["post-2","page","type-page","status-publish"],"_links":{"self":[{"href":"https:\/\/zavamix.com\/pl\/wp-json\/wp\/v2\/pages\/2","targetHints":{"allow":["GET"]}}],"collection":[{"href":"https:\/\/zavamix.com\/pl\/wp-json\/wp\/v2\/pages"}],"about":[{"href":"https:\/\/zavamix.com\/pl\/wp-json\/wp\/v2\/types\/page"}],"author":[{"embeddable":true,"href":"https:\/\/zavamix.com\/pl\/wp-json\/wp\/v2\/users\/1"}],"replies":[{"embeddable":true,"href":"https:\/\/zavamix.com\/pl\/wp-json\/wp\/v2\/comments?post=2"}],"version-history":[{"count":0,"href":"https:\/\/zavamix.com\/pl\/wp-json\/wp\/v2\/pages\/2\/revisions"}],"wp:attachment":[{"href":"https:\/\/zavamix.com\/pl\/wp-json\/wp\/v2\/media?parent=2"}],"curies":[{"name":"wp","href":"https:\/\/api.w.org\/{rel}","templated":true}]}}