{"id":287,"date":"2023-11-29T21:34:08","date_gmt":"2023-11-29T21:34:08","guid":{"rendered":"https:\/\/zavamix.com\/?page_id=287"},"modified":"2023-11-29T21:34:08","modified_gmt":"2023-11-29T21:34:08","slug":"gebruiksvoorwaarden","status":"publish","type":"page","link":"https:\/\/zavamix.com\/nl\/termos-de-uso\/","title":{"rendered":"Gebruiksvoorwaarden"},"content":{"rendered":"<p>Welkom bij <a href=\"https:\/\/zavamix.com\/nl\/\">Zavamix<\/a>. Deze Gebruiksvoorwaarden (\u201cVoorwaarden\u201d) zijn van toepassing op uw toegang tot en gebruik van onze website https:\/\/zavamix.com, een portaal gewijd aan het verstrekken van aanbevelingen en informatie over mobiele applicaties over een verscheidenheid aan onderwerpen. Bij het openen of gebruiken van de <a href=\"https:\/\/zavamix.com\/nl\/\">Zavamix<\/a>, stemt u ermee in deze Voorwaarden na te leven.<\/p>\n\n\n\n<h2 class=\"wp-block-heading\">1. Zavamix-diensten<\/h2>\n\n\n\n<ul class=\"wp-block-list\">\n<li>Zavamix biedt aanbevelingen voor mobiele apps en gerelateerde inhoud.<\/li>\n\n\n\n<li>Wij bezitten of ontwikkelen de aanbevolen applicaties niet. Aanbevelingen zijn gebaseerd op eigen onderzoek en analyse.<\/li>\n\n\n\n<li>Met onze services worden inkomsten gegenereerd via Google AdSense\/Ad Exchange-advertenties.<\/li>\n<\/ul>\n\n\n\n<h2 class=\"wp-block-heading\">2. Gebruik van de site<\/h2>\n\n\n\n<ul class=\"wp-block-list\">\n<li>U gaat ermee akkoord Zavamix alleen te gebruiken voor wettige doeleinden en in overeenstemming met deze Voorwaarden.<\/li>\n\n\n\n<li>U mag de Website niet gebruiken op een manier die deze kan beschadigen, uitschakelen of overbelasten.<\/li>\n\n\n\n<li>De inhoud van Zavamix, inclusief tekst, afbeeldingen en afbeeldingen, is auteursrechtelijk beschermd en is eigendom van Zavamix of haar licentiegevers.<\/li>\n<\/ul>\n\n\n\n<h2 class=\"wp-block-heading\">3. Disclaimer<\/h2>\n\n\n\n<ul class=\"wp-block-list\">\n<li>Zavamix is niet verantwoordelijk voor de nauwkeurigheid, veiligheid of betrouwbaarheid van aanbevolen toepassingen.<\/li>\n\n\n\n<li>Wij zijn niet verantwoordelijk voor enige schade of verlies als gevolg van het gebruik van applicaties die op onze website worden aanbevolen.<\/li>\n<\/ul>\n\n\n\n<h2 class=\"wp-block-heading\">4. Intellectuele eigendomsrechten<\/h2>\n\n\n\n<ul class=\"wp-block-list\">\n<li>Alle inhoud op Zavamix is eigendom van Zavamix of haar licentiegevers en wordt beschermd door auteursrecht, handelsmerken en andere wetten op het gebied van intellectueel eigendom.<\/li>\n\n\n\n<li>Geen enkele inhoud van de website mag op enigerlei wijze worden gekopieerd, gereproduceerd, opnieuw gepubliceerd, ge\u00fcpload, gepost, verzonden of gedistribueerd zonder onze uitdrukkelijke schriftelijke toestemming.<\/li>\n<\/ul>\n\n\n\n<h2 class=\"wp-block-heading\">5. Advertenties en links naar derden<\/h2>\n\n\n\n<ul class=\"wp-block-list\">\n<li>Op onze website worden advertenties weergegeven die worden aangeboden door Google AdSense\/Ad Exchange.<\/li>\n\n\n\n<li>We kunnen links naar websites van derden opnemen; Dergelijke links impliceren geen goedkeuring van deze sites.<\/li>\n<\/ul>\n\n\n\n<h2 class=\"wp-block-heading\">6. Wijzigingen in de Voorwaarden<\/h2>\n\n\n\n<ul class=\"wp-block-list\">\n<li>Zavamix behoudt zich het recht voor om deze Voorwaarden op elk moment te wijzigen. Als u de site blijft bezoeken en gebruiken, betekent dit dat u dergelijke wijzigingen accepteert.<\/li>\n<\/ul>\n\n\n\n<h2 class=\"wp-block-heading\">7. Contactpersoon<\/h2>\n\n\n\n<ul class=\"wp-block-list\">\n<li>Als u vragen of opmerkingen heeft over deze gebruiksvoorwaarden, neem dan contact met ons op.<\/li>\n<\/ul>","protected":false},"excerpt":{"rendered":"<p>Bem-vindo ao Zavamix. Estes Termos de Uso (&#8220;Termos&#8221;) regem seu acesso e uso do nosso site https:\/\/zavamix.com, um portal dedicado a fornecer recomenda\u00e7\u00f5es e informa\u00e7\u00f5es sobre aplicativos de celular de diversos temas. Ao acessar ou usar o Zavamix, voc\u00ea concorda em cumprir estes Termos. 1. Servi\u00e7os do Zavamix 2. Uso do Site 3. Isen\u00e7\u00e3o de [&hellip;]<\/p>\n","protected":false},"author":1,"featured_media":0,"parent":0,"menu_order":0,"comment_status":"closed","ping_status":"closed","template":"","meta":{"footnotes":""},"class_list":["post-287","page","type-page","status-publish"],"_links":{"self":[{"href":"https:\/\/zavamix.com\/nl\/wp-json\/wp\/v2\/pages\/287","targetHints":{"allow":["GET"]}}],"collection":[{"href":"https:\/\/zavamix.com\/nl\/wp-json\/wp\/v2\/pages"}],"about":[{"href":"https:\/\/zavamix.com\/nl\/wp-json\/wp\/v2\/types\/page"}],"author":[{"embeddable":true,"href":"https:\/\/zavamix.com\/nl\/wp-json\/wp\/v2\/users\/1"}],"replies":[{"embeddable":true,"href":"https:\/\/zavamix.com\/nl\/wp-json\/wp\/v2\/comments?post=287"}],"version-history":[{"count":1,"href":"https:\/\/zavamix.com\/nl\/wp-json\/wp\/v2\/pages\/287\/revisions"}],"predecessor-version":[{"id":288,"href":"https:\/\/zavamix.com\/nl\/wp-json\/wp\/v2\/pages\/287\/revisions\/288"}],"wp:attachment":[{"href":"https:\/\/zavamix.com\/nl\/wp-json\/wp\/v2\/media?parent=287"}],"curies":[{"name":"wp","href":"https:\/\/api.w.org\/{rel}","templated":true}]}}