{"id":287,"date":"2023-11-29T21:34:08","date_gmt":"2023-11-29T21:34:08","guid":{"rendered":"https:\/\/zavamix.com\/?page_id=287"},"modified":"2023-11-29T21:34:08","modified_gmt":"2023-11-29T21:34:08","slug":"syarat-penggunaan","status":"publish","type":"page","link":"https:\/\/zavamix.com\/ms\/termos-de-uso\/","title":{"rendered":"Syarat penggunaan"},"content":{"rendered":"<p>Selamat datang ke <a href=\"https:\/\/zavamix.com\/ms\/\">Zavamix<\/a>. Syarat Penggunaan (\u201cSyarat\u201d) ini mengawal akses anda dan penggunaan tapak web kami https:\/\/zavamix.com, portal yang didedikasikan untuk menyediakan cadangan dan maklumat tentang aplikasi mudah alih mengenai pelbagai topik. Apabila mengakses atau menggunakan <a href=\"https:\/\/zavamix.com\/ms\/\">Zavamix<\/a>, anda bersetuju untuk mematuhi Terma ini.<\/p>\n\n\n\n<h2 class=\"wp-block-heading\">1. Perkhidmatan Zavamix<\/h2>\n\n\n\n<ul class=\"wp-block-list\">\n<li>Zavamix menawarkan pengesyoran apl mudah alih dan kandungan berkaitan.<\/li>\n\n\n\n<li>Kami tidak memiliki atau membangunkan aplikasi yang disyorkan. Pengesyoran adalah berdasarkan penyelidikan dan analisis proprietari.<\/li>\n\n\n\n<li>Perkhidmatan kami diwangkan melalui pengiklanan Google AdSense\/Ad Exchange.<\/li>\n<\/ul>\n\n\n\n<h2 class=\"wp-block-heading\">2. Penggunaan Tapak<\/h2>\n\n\n\n<ul class=\"wp-block-list\">\n<li>Anda bersetuju untuk menggunakan Zavamix hanya untuk tujuan yang sah dan menurut Terma ini.<\/li>\n\n\n\n<li>Anda tidak boleh menggunakan Laman Web dalam apa-apa cara yang boleh merosakkan, melumpuhkan, atau membebankannya.<\/li>\n\n\n\n<li>Kandungan Zavamix, termasuk teks, grafik dan imej, dilindungi oleh hak cipta dan merupakan hak milik Zavamix atau pemberi lesennya.<\/li>\n<\/ul>\n\n\n\n<h2 class=\"wp-block-heading\">3. Penafian<\/h2>\n\n\n\n<ul class=\"wp-block-list\">\n<li>Zavamix tidak bertanggungjawab untuk ketepatan, keselamatan atau kebolehpercayaan aplikasi yang disyorkan.<\/li>\n\n\n\n<li>Kami tidak bertanggungjawab ke atas sebarang kerosakan atau kerugian akibat daripada penggunaan aplikasi yang disyorkan di laman web kami.<\/li>\n<\/ul>\n\n\n\n<h2 class=\"wp-block-heading\">4. Hak Harta Intelek<\/h2>\n\n\n\n<ul class=\"wp-block-list\">\n<li>Semua kandungan di Zavamix adalah hak milik Zavamix atau pemberi lesennya dan dilindungi oleh hak cipta, tanda dagangan dan undang-undang harta intelek yang lain.<\/li>\n\n\n\n<li>Tiada kandungan daripada laman web boleh disalin, diterbitkan semula, diterbitkan semula, dimuat naik, disiarkan, dihantar atau diedarkan dalam apa jua cara tanpa kebenaran bertulis daripada kami.<\/li>\n<\/ul>\n\n\n\n<h2 class=\"wp-block-heading\">5. Pengiklanan dan Pautan Pihak Ketiga<\/h2>\n\n\n\n<ul class=\"wp-block-list\">\n<li>Laman web kami memaparkan iklan yang disediakan oleh Google AdSense\/Ad Exchange.<\/li>\n\n\n\n<li>Kami mungkin memasukkan pautan ke tapak web pihak ketiga; pautan sedemikian tidak membayangkan pengesahan tapak ini.<\/li>\n<\/ul>\n\n\n\n<h2 class=\"wp-block-heading\">6. Pengubahsuaian kepada Syarat<\/h2>\n\n\n\n<ul class=\"wp-block-list\">\n<li>Zavamix berhak untuk mengubah suai Terma ini pada bila-bila masa. Lawatan berterusan anda dan penggunaan tapak tersebut merupakan penerimaan anda terhadap pengubahsuaian tersebut.<\/li>\n<\/ul>\n\n\n\n<h2 class=\"wp-block-heading\">7. Hubungi<\/h2>\n\n\n\n<ul class=\"wp-block-list\">\n<li>Jika anda mempunyai soalan atau kebimbangan mengenai Syarat Penggunaan ini, sila hubungi kami.<\/li>\n<\/ul>","protected":false},"excerpt":{"rendered":"<p>Bem-vindo ao Zavamix. Estes Termos de Uso (&#8220;Termos&#8221;) regem seu acesso e uso do nosso site https:\/\/zavamix.com, um portal dedicado a fornecer recomenda\u00e7\u00f5es e informa\u00e7\u00f5es sobre aplicativos de celular de diversos temas. Ao acessar ou usar o Zavamix, voc\u00ea concorda em cumprir estes Termos. 1. Servi\u00e7os do Zavamix 2. Uso do Site 3. Isen\u00e7\u00e3o de [&hellip;]<\/p>\n","protected":false},"author":1,"featured_media":0,"parent":0,"menu_order":0,"comment_status":"closed","ping_status":"closed","template":"","meta":{"footnotes":""},"class_list":["post-287","page","type-page","status-publish"],"_links":{"self":[{"href":"https:\/\/zavamix.com\/ms\/wp-json\/wp\/v2\/pages\/287","targetHints":{"allow":["GET"]}}],"collection":[{"href":"https:\/\/zavamix.com\/ms\/wp-json\/wp\/v2\/pages"}],"about":[{"href":"https:\/\/zavamix.com\/ms\/wp-json\/wp\/v2\/types\/page"}],"author":[{"embeddable":true,"href":"https:\/\/zavamix.com\/ms\/wp-json\/wp\/v2\/users\/1"}],"replies":[{"embeddable":true,"href":"https:\/\/zavamix.com\/ms\/wp-json\/wp\/v2\/comments?post=287"}],"version-history":[{"count":1,"href":"https:\/\/zavamix.com\/ms\/wp-json\/wp\/v2\/pages\/287\/revisions"}],"predecessor-version":[{"id":288,"href":"https:\/\/zavamix.com\/ms\/wp-json\/wp\/v2\/pages\/287\/revisions\/288"}],"wp:attachment":[{"href":"https:\/\/zavamix.com\/ms\/wp-json\/wp\/v2\/media?parent=287"}],"curies":[{"name":"wp","href":"https:\/\/api.w.org\/{rel}","templated":true}]}}