{"id":285,"date":"2023-11-29T21:28:07","date_gmt":"2023-11-29T21:28:07","guid":{"rendered":"https:\/\/zavamix.com\/?page_id=285"},"modified":"2023-11-29T21:28:07","modified_gmt":"2023-11-29T21:28:07","slug":"dasar-privasi","status":"publish","type":"page","link":"https:\/\/zavamix.com\/ms\/politica-de-privacidade\/","title":{"rendered":"Dasar Privasi"},"content":{"rendered":"<p>Selamat datang ke <a href=\"https:\/\/zavamix.com\/ms\/\" data-type=\"link\" data-id=\"https:\/\/zavamix.com\">Zavamix<\/a>. Dasar privasi ini menerangkan cara kami mengumpul, menggunakan dan berkongsi maklumat tentang anda apabila anda mengakses atau menggunakan tapak web kami.<\/p>\n\n\n\n<h2 class=\"wp-block-heading\">1. Maklumat yang Kami Kumpul<\/h2>\n\n\n\n<ul class=\"wp-block-list\">\n<li><strong>Maklumat peribadi:<\/strong> Kami mengumpul maklumat peribadi yang anda berikan secara sukarela, seperti nama, e-mel dan maklumat hubungan lain apabila anda mendaftar untuk kemas kini atau berkomunikasi dengan kami.<\/li>\n\n\n\n<li><strong>Data Penggunaan:<\/strong> Kami mengumpul maklumat secara automatik tentang cara anda mengakses dan menggunakan Tapak, termasuk jenis peranti, penyemak imbas web, halaman yang dilawati, klik, corak penggunaan dan maklumat penggunaan lain.<\/li>\n\n\n\n<li><strong>Teknologi Kuki dan Penjejakan:<\/strong> Kami menggunakan kuki dan teknologi penjejakan untuk memperibadikan pengalaman anda dan mengumpul data tentang interaksi anda dengan tapak web dan iklan yang dipaparkan.<\/li>\n<\/ul>\n\n\n\n<h2 class=\"wp-block-heading\">2. Penggunaan Maklumat<\/h2>\n\n\n\n<p>Kami menggunakan maklumat anda untuk:<\/p>\n\n\n\n<ul class=\"wp-block-list\">\n<li>Menyediakan, menyelenggara dan menambah baik laman web dan perkhidmatan kami.<\/li>\n\n\n\n<li>Berkomunikasi dengan anda, balas soalan dan permintaan anda.<\/li>\n\n\n\n<li>Paparkan iklan yang diperibadikan dan lakukan analisis data.<\/li>\n<\/ul>\n\n\n\n<h2 class=\"wp-block-heading\">3. Perkongsian Maklumat<\/h2>\n\n\n\n<p>Kami mungkin berkongsi maklumat anda dengan pihak ketiga dalam keadaan berikut:<\/p>\n\n\n\n<ul class=\"wp-block-list\">\n<li><strong>Pembekal Perkhidmatan:<\/strong> Kami berkongsi maklumat dengan vendor yang membantu kami mengendalikan tapak, seperti pengehosan web dan analisis data.<\/li>\n\n\n\n<li><strong>Google Ad Exchange:<\/strong> Seperti yang diperlukan untuk menyiarkan iklan melalui Google Ad Exchange.<\/li>\n\n\n\n<li><strong>Pematuhan undang-undang:<\/strong> Apabila perlu untuk mematuhi undang-undang atau bertindak balas terhadap proses undang-undang.<\/li>\n<\/ul>\n\n\n\n<h2 class=\"wp-block-heading\">4. Google AdSense<\/h2>\n\n\n\n<ul class=\"wp-block-list\">\n<li>Selaras dengan syarat Google AdSense, kami memaklumkan anda bahawa Google, sebagai vendor pihak ketiga, menggunakan kuki untuk menyiarkan iklan di tapak web kami.<\/li>\n\n\n\n<li>Penggunaan kuki DART oleh Google membolehkannya menyiarkan iklan kepada pengguna kami berdasarkan lawatan lalu ke tapak kami dan tapak lain di Internet.<\/li>\n\n\n\n<li>Pengguna boleh menarik diri daripada penggunaan kuki DART dengan melawati Dasar Privasi Rangkaian Pengiklanan dan Kandungan Google.<\/li>\n<\/ul>\n\n\n\n<h2 class=\"wp-block-heading\">5. Perubahan kepada Dasar Privasi<\/h2>\n\n\n\n<p>Kami mungkin mengemas kini Dasar Privasi kami secara berkala. Kami akan memberitahu anda tentang sebarang perubahan dengan menyiarkan Dasar Privasi baharu pada halaman ini.<\/p>\n\n\n\n<h2 class=\"wp-block-heading\">6. Hubungi<\/h2>\n\n\n\n<p>Jika anda mempunyai soalan tentang Dasar Privasi ini, sila hubungi kami.<\/p>","protected":false},"excerpt":{"rendered":"<p>Bem-vindo ao Zavamix. Esta pol\u00edtica de privacidade descreve como coletamos, usamos e compartilhamos informa\u00e7\u00f5es sobre voc\u00ea quando acessa ou usa nosso site. 1. Informa\u00e7\u00f5es que Coletamos 2. Uso de Informa\u00e7\u00f5es Utilizamos suas informa\u00e7\u00f5es para: 3. Compartilhamento de Informa\u00e7\u00f5es Podemos compartilhar suas informa\u00e7\u00f5es com terceiros nas seguintes circunst\u00e2ncias: 4. Google AdSense 5. Altera\u00e7\u00f5es \u00e0 Pol\u00edtica de [&hellip;]<\/p>\n","protected":false},"author":1,"featured_media":0,"parent":0,"menu_order":0,"comment_status":"closed","ping_status":"closed","template":"","meta":{"footnotes":""},"class_list":["post-285","page","type-page","status-publish"],"_links":{"self":[{"href":"https:\/\/zavamix.com\/ms\/wp-json\/wp\/v2\/pages\/285","targetHints":{"allow":["GET"]}}],"collection":[{"href":"https:\/\/zavamix.com\/ms\/wp-json\/wp\/v2\/pages"}],"about":[{"href":"https:\/\/zavamix.com\/ms\/wp-json\/wp\/v2\/types\/page"}],"author":[{"embeddable":true,"href":"https:\/\/zavamix.com\/ms\/wp-json\/wp\/v2\/users\/1"}],"replies":[{"embeddable":true,"href":"https:\/\/zavamix.com\/ms\/wp-json\/wp\/v2\/comments?post=285"}],"version-history":[{"count":1,"href":"https:\/\/zavamix.com\/ms\/wp-json\/wp\/v2\/pages\/285\/revisions"}],"predecessor-version":[{"id":286,"href":"https:\/\/zavamix.com\/ms\/wp-json\/wp\/v2\/pages\/285\/revisions\/286"}],"wp:attachment":[{"href":"https:\/\/zavamix.com\/ms\/wp-json\/wp\/v2\/media?parent=285"}],"curies":[{"name":"wp","href":"https:\/\/api.w.org\/{rel}","templated":true}]}}