{"id":2,"date":"2023-11-21T22:45:01","date_gmt":"2023-11-21T22:45:01","guid":{"rendered":"https:\/\/zavamix.com\/?page_id=2"},"modified":"2023-11-21T22:45:01","modified_gmt":"2023-11-21T22:45:01","slug":"pavyzdinis-puslapis","status":"publish","type":"page","link":"https:\/\/zavamix.com\/lt\/sample-page\/","title":{"rendered":"Puslapio pavyzdys"},"content":{"rendered":"<p>Tai yra pavyzdinis puslapis. Jis skiriasi nuo tinklara\u0161\u010dio \u012fra\u0161o, nes liks vienoje vietoje ir bus rodomas j\u016bs\u0173 svetain\u0117s nar\u0161ymo juostoje (daugumoje tem\u0173). Dauguma \u017emoni\u0173 pradeda nuo puslapio \u201eApie\u201c, kuriame jie supa\u017eindinami su potencialiais svetain\u0117s lankytojais. Jame gali b\u016bti para\u0161yta ma\u017edaug taip:<\/p>\n\n\n\n<blockquote class=\"wp-block-quote is-layout-flow wp-block-quote-is-layout-flow\"><p>Sveiki! Dien\u0105 esu dvira\u010di\u0173 kurjeris, o vakar\u0105 \u2013 siekiantis aktoriaus karjeros, o \u010dia yra mano svetain\u0117. Gyvenu Los And\u017eele, turiu nuostab\u0173 \u0161un\u012f vardu D\u017eekas ir m\u0117gstu \u201ePina Coladas\u201c. (Ir kai mane u\u017eklumpa lietus.)<\/p><\/blockquote>\n\n\n\n<p>...arba ka\u017ekas pana\u0161aus:<\/p>\n\n\n\n<blockquote class=\"wp-block-quote is-layout-flow wp-block-quote-is-layout-flow\"><p>\u201eXYZ Doohickey Company\u201c buvo \u012fkurta 1971 m. ir nuo to laiko tiekia kokybi\u0161kas \u201edoohickey\u201c prekes visuomenei. \u012esik\u016brusi Gotamo mieste, \u201eXYZ\u201c dirba daugiau nei 2000 \u017emoni\u0173 ir daro visokius nuostabius dalykus Gotamo bendruomenei.<\/p><\/blockquote>\n\n\n\n<p>Kaip naujas \u201eWordPress\u201c vartotojas, tur\u0117tum\u0117te apsilankyti <a href=\"https:\/\/zavamix.com\/wp-admin\/\">j\u016bs\u0173 prietais\u0173 skydelis<\/a> i\u0161trinti \u0161\u012f puslap\u012f ir sukurti naujus puslapius savo turiniui. Smagiai praleiskite laik\u0105!<\/p>","protected":false},"excerpt":{"rendered":"<p>This is an example page. It&#8217;s different from a blog post because it will stay in one place and will show up in your site navigation (in most themes). Most people start with an About page that introduces them to potential site visitors. It might say something like this: Hi there! I&#8217;m a bike messenger [&hellip;]<\/p>\n","protected":false},"author":1,"featured_media":0,"parent":0,"menu_order":0,"comment_status":"closed","ping_status":"open","template":"","meta":{"footnotes":""},"class_list":["post-2","page","type-page","status-publish"],"_links":{"self":[{"href":"https:\/\/zavamix.com\/lt\/wp-json\/wp\/v2\/pages\/2","targetHints":{"allow":["GET"]}}],"collection":[{"href":"https:\/\/zavamix.com\/lt\/wp-json\/wp\/v2\/pages"}],"about":[{"href":"https:\/\/zavamix.com\/lt\/wp-json\/wp\/v2\/types\/page"}],"author":[{"embeddable":true,"href":"https:\/\/zavamix.com\/lt\/wp-json\/wp\/v2\/users\/1"}],"replies":[{"embeddable":true,"href":"https:\/\/zavamix.com\/lt\/wp-json\/wp\/v2\/comments?post=2"}],"version-history":[{"count":0,"href":"https:\/\/zavamix.com\/lt\/wp-json\/wp\/v2\/pages\/2\/revisions"}],"wp:attachment":[{"href":"https:\/\/zavamix.com\/lt\/wp-json\/wp\/v2\/media?parent=2"}],"curies":[{"name":"wp","href":"https:\/\/api.w.org\/{rel}","templated":true}]}}