{"id":287,"date":"2023-11-29T21:34:08","date_gmt":"2023-11-29T21:34:08","guid":{"rendered":"https:\/\/zavamix.com\/?page_id=287"},"modified":"2023-11-29T21:34:08","modified_gmt":"2023-11-29T21:34:08","slug":"%ec%9d%b4%ec%9a%a9-%ec%95%bd%ea%b4%80","status":"publish","type":"page","link":"https:\/\/zavamix.com\/ko\/termos-de-uso\/","title":{"rendered":"\uc774\uc6a9\uc57d\uad00"},"content":{"rendered":"<p>\uc5d0 \uc624\uc2e0 \uac83\uc744 \ud658\uc601\ud569\ub2c8\ub2e4 <a href=\"https:\/\/zavamix.com\/ko\/\">\uc790\ubc14\ubbf9\uc2a4<\/a>. \ubcf8 \uc774\uc6a9 \uc57d\uad00(&quot;\uc57d\uad00&quot;)\uc740 \ub2e4\uc591\ud55c \uc8fc\uc81c\uc5d0 \ub300\ud55c \ubaa8\ubc14\uc77c \uc560\ud50c\ub9ac\ucf00\uc774\uc158\uc5d0 \ub300\ud55c \uad8c\uc7a5 \uc0ac\ud56d \ubc0f \uc815\ubcf4\ub97c \uc81c\uacf5\ud558\ub294 \ub370 \uc804\ub150\ud558\ub294 \ud3ec\ud138\uc778 \ub2f9\uc0ac \uc6f9\uc0ac\uc774\ud2b8 https:\/\/zavamix.com\uc5d0 \ub300\ud55c \uadc0\ud558\uc758 \uc561\uc138\uc2a4 \ubc0f \uc0ac\uc6a9\uc5d0 \uc801\uc6a9\ub429\ub2c8\ub2e4. \uc811\uc18d\ud558\uac70\ub098 \uc0ac\uc6a9\ud560 \ub54c <a href=\"https:\/\/zavamix.com\/ko\/\">\uc790\ubc14\ubbf9\uc2a4<\/a>, \uadc0\ud558\ub294 \ubcf8 \uc57d\uad00\uc744 \uc900\uc218\ud560 \uac83\uc5d0 \ub3d9\uc758\ud569\ub2c8\ub2e4.<\/p>\n\n\n\n<h2 class=\"wp-block-heading\">1. \uc790\ubc14\ubbf9\uc2a4 \uc11c\ube44\uc2a4<\/h2>\n\n\n\n<ul class=\"wp-block-list\">\n<li>Zavamix\ub294 \ubaa8\ubc14\uc77c \uc571 \ucd94\ucc9c \ubc0f \uad00\ub828 \ucf58\ud150\uce20\ub97c \uc81c\uacf5\ud569\ub2c8\ub2e4.<\/li>\n\n\n\n<li>\uc6b0\ub9ac\ub294 \uad8c\uc7a5 \uc560\ud50c\ub9ac\ucf00\uc774\uc158\uc744 \uc18c\uc720\ud558\uac70\ub098 \uac1c\ubc1c\ud558\uc9c0 \uc54a\uc2b5\ub2c8\ub2e4. \uad8c\uc7a5 \uc0ac\ud56d\uc740 \ub3c5\uc810 \uc5f0\uad6c \ubc0f \ubd84\uc11d\uc744 \uae30\ubc18\uc73c\ub85c \ud569\ub2c8\ub2e4.<\/li>\n\n\n\n<li>\ub2f9\uc0ac \uc11c\ube44\uc2a4\ub294 Google \uc560\ub4dc\uc13c\uc2a4\/Ad Exchange \uad11\uace0\ub97c \ud1b5\ud574 \uc218\uc775\uc744 \ucc3d\ucd9c\ud569\ub2c8\ub2e4.<\/li>\n<\/ul>\n\n\n\n<h2 class=\"wp-block-heading\">2. \uc0ac\uc774\ud2b8 \uc774\uc6a9<\/h2>\n\n\n\n<ul class=\"wp-block-list\">\n<li>\uadc0\ud558\ub294 \ud569\ubc95\uc801\uc778 \ubaa9\uc801\uc73c\ub85c\ub9cc \ubcf8 \uc57d\uad00\uc5d0 \ub530\ub77c Zavamix\ub97c \uc0ac\uc6a9\ud560 \uac83\uc5d0 \ub3d9\uc758\ud569\ub2c8\ub2e4.<\/li>\n\n\n\n<li>\uadc0\ud558\ub294 \uc6f9\uc0ac\uc774\ud2b8\ub97c \uc190\uc0c1\uc2dc\ud0a4\uac70\ub098, \ube44\ud65c\uc131\ud654\ud558\uac70\ub098, \uacfc\ub3c4\ud55c \ubd80\ub2f4\uc744 \uc904 \uc218 \uc788\ub294 \ubc29\uc2dd\uc73c\ub85c \uc6f9\uc0ac\uc774\ud2b8\ub97c \uc0ac\uc6a9\ud574\uc11c\ub294 \uc548 \ub429\ub2c8\ub2e4.<\/li>\n\n\n\n<li>\ud14d\uc2a4\ud2b8, \uadf8\ub798\ud53d, \uc774\ubbf8\uc9c0\ub97c \ud3ec\ud568\ud55c Zavamix \ucf58\ud150\uce20\ub294 \uc800\uc791\uad8c\uc73c\ub85c \ubcf4\ud638\ub418\uba70 Zavamix \ub610\ub294 \ud574\ub2f9 \ub77c\uc774\uc13c\uc2a4 \uc81c\uacf5\uc790\uc758 \uc7ac\uc0b0\uc785\ub2c8\ub2e4.<\/li>\n<\/ul>\n\n\n\n<h2 class=\"wp-block-heading\">3. \uba74\ucc45\uc870\ud56d<\/h2>\n\n\n\n<ul class=\"wp-block-list\">\n<li>Zavamix\ub294 \uad8c\uc7a5 \uc560\ud50c\ub9ac\ucf00\uc774\uc158\uc758 \uc815\ud655\uc131, \ubcf4\uc548 \ub610\ub294 \uc2e0\ub8b0\uc131\uc5d0 \ub300\ud574 \ucc45\uc784\uc744 \uc9c0\uc9c0 \uc54a\uc2b5\ub2c8\ub2e4.<\/li>\n\n\n\n<li>\ub2f9\uc0ac \uc6f9\uc0ac\uc774\ud2b8\uc5d0\uc11c \uad8c\uc7a5\ud558\ub294 \uc560\ud50c\ub9ac\ucf00\uc774\uc158\uc758 \uc0ac\uc6a9\uc73c\ub85c \uc778\ud574 \ubc1c\uc0dd\ud558\ub294 \uc190\ud574\ub098 \uc190\uc2e4\uc5d0 \ub300\ud574 \ub2f9\uc0ac\ub294 \ucc45\uc784\uc744 \uc9c0\uc9c0 \uc54a\uc2b5\ub2c8\ub2e4.<\/li>\n<\/ul>\n\n\n\n<h2 class=\"wp-block-heading\">4. \uc9c0\uc801\uc7ac\uc0b0\uad8c<\/h2>\n\n\n\n<ul class=\"wp-block-list\">\n<li>Zavamix\uc758 \ubaa8\ub4e0 \ucf58\ud150\uce20\ub294 Zavamix \ub610\ub294 \ud574\ub2f9 \ub77c\uc774\uc13c\uc2a4 \uc81c\uacf5\uc790\uc758 \uc7ac\uc0b0\uc774\uba70 \uc800\uc791\uad8c, \uc0c1\ud45c \ubc0f \uae30\ud0c0 \uc9c0\uc801\uc7ac\uc0b0\uad8c\ubc95\uc5d0 \uc758\ud574 \ubcf4\ud638\ub429\ub2c8\ub2e4.<\/li>\n\n\n\n<li>\uc6f9\uc0ac\uc774\ud2b8\uc758 \uc5b4\ub5a0\ud55c \ucf58\ud150\uce20\ub3c4 \ub2f9\uc0ac\uc758 \uba85\uc2dc\uc801\uc778 \uc11c\uba74 \ud5c8\uac00 \uc5c6\uc774\ub294 \uc5b4\ub5a4 \ubc29\uc2dd\uc73c\ub85c\ub4e0 \ubcf5\uc0ac, \ubcf5\uc81c, \uc7ac\ubc1c\ud589, \uc5c5\ub85c\ub4dc, \uac8c\uc2dc, \uc804\uc1a1 \ub610\ub294 \ubc30\ud3ec\ub420 \uc218 \uc5c6\uc2b5\ub2c8\ub2e4.<\/li>\n<\/ul>\n\n\n\n<h2 class=\"wp-block-heading\">5. \uad11\uace0 \ubc0f \uc81c3\uc790 \ub9c1\ud06c<\/h2>\n\n\n\n<ul class=\"wp-block-list\">\n<li>\ub2f9\uc0ac \uc6f9\uc0ac\uc774\ud2b8\uc5d0\ub294 Google AdSense\/Ad Exchange\uc5d0\uc11c \uc81c\uacf5\ud558\ub294 \uad11\uace0\uac00 \ud45c\uc2dc\ub429\ub2c8\ub2e4.<\/li>\n\n\n\n<li>\ub2f9\uc0ac\ub294 \uc81c3\uc790 \uc6f9\uc0ac\uc774\ud2b8\uc5d0 \ub300\ud55c \ub9c1\ud06c\ub97c \ud3ec\ud568\ud560 \uc218 \uc788\uc2b5\ub2c8\ub2e4. \uadf8\ub7ec\ud55c \ub9c1\ud06c\ub294 \ud574\ub2f9 \uc0ac\uc774\ud2b8\ub97c \ubcf4\uc99d\ud55c\ub2e4\ub294 \uc758\ubbf8\ub294 \uc544\ub2d9\ub2c8\ub2e4.<\/li>\n<\/ul>\n\n\n\n<h2 class=\"wp-block-heading\">6. \uc57d\uad00\uc758 \uc218\uc815<\/h2>\n\n\n\n<ul class=\"wp-block-list\">\n<li>Zavamix\ub294 \uc5b8\uc81c\ub4e0\uc9c0 \ubcf8 \uc57d\uad00\uc744 \uc218\uc815\ud560 \uad8c\ub9ac\ub97c \ubcf4\uc720\ud569\ub2c8\ub2e4. \uadc0\ud558\uac00 \uc9c0\uc18d\uc801\uc73c\ub85c \uc0ac\uc774\ud2b8\ub97c \ubc29\ubb38\ud558\uace0 \uc0ac\uc6a9\ud558\ub294 \uac83\uc740 \uadf8\ub7ec\ud55c \uc218\uc815 \uc0ac\ud56d\uc744 \uc218\ub77d\ud558\ub294 \uac83\uc73c\ub85c \uac04\uc8fc\ub429\ub2c8\ub2e4.<\/li>\n<\/ul>\n\n\n\n<h2 class=\"wp-block-heading\">7. \uc5f0\ub77d\ucc98<\/h2>\n\n\n\n<ul class=\"wp-block-list\">\n<li>\ubcf8 \uc774\uc6a9\uc57d\uad00\uc5d0 \ub300\ud574 \uc9c8\ubb38\uc774\ub098 \uc6b0\ub824\uc0ac\ud56d\uc774 \uc788\ub294 \uacbd\uc6b0 \ub2f9\uc0ac\uc5d0 \ubb38\uc758\ud574 \uc8fc\uc138\uc694.<\/li>\n<\/ul>","protected":false},"excerpt":{"rendered":"<p>Bem-vindo ao Zavamix. Estes Termos de Uso (&#8220;Termos&#8221;) regem seu acesso e uso do nosso site https:\/\/zavamix.com, um portal dedicado a fornecer recomenda\u00e7\u00f5es e informa\u00e7\u00f5es sobre aplicativos de celular de diversos temas. Ao acessar ou usar o Zavamix, voc\u00ea concorda em cumprir estes Termos. 1. Servi\u00e7os do Zavamix 2. Uso do Site 3. Isen\u00e7\u00e3o de [&hellip;]<\/p>\n","protected":false},"author":1,"featured_media":0,"parent":0,"menu_order":0,"comment_status":"closed","ping_status":"closed","template":"","meta":{"footnotes":""},"class_list":["post-287","page","type-page","status-publish"],"_links":{"self":[{"href":"https:\/\/zavamix.com\/ko\/wp-json\/wp\/v2\/pages\/287","targetHints":{"allow":["GET"]}}],"collection":[{"href":"https:\/\/zavamix.com\/ko\/wp-json\/wp\/v2\/pages"}],"about":[{"href":"https:\/\/zavamix.com\/ko\/wp-json\/wp\/v2\/types\/page"}],"author":[{"embeddable":true,"href":"https:\/\/zavamix.com\/ko\/wp-json\/wp\/v2\/users\/1"}],"replies":[{"embeddable":true,"href":"https:\/\/zavamix.com\/ko\/wp-json\/wp\/v2\/comments?post=287"}],"version-history":[{"count":1,"href":"https:\/\/zavamix.com\/ko\/wp-json\/wp\/v2\/pages\/287\/revisions"}],"predecessor-version":[{"id":288,"href":"https:\/\/zavamix.com\/ko\/wp-json\/wp\/v2\/pages\/287\/revisions\/288"}],"wp:attachment":[{"href":"https:\/\/zavamix.com\/ko\/wp-json\/wp\/v2\/media?parent=287"}],"curies":[{"name":"wp","href":"https:\/\/api.w.org\/{rel}","templated":true}]}}