{"id":285,"date":"2023-11-29T21:28:07","date_gmt":"2023-11-29T21:28:07","guid":{"rendered":"https:\/\/zavamix.com\/?page_id=285"},"modified":"2023-11-29T21:28:07","modified_gmt":"2023-11-29T21:28:07","slug":"%ea%b0%9c%ec%9d%b8-%ec%a0%95%eb%b3%b4-%ec%a0%95%ec%b1%85","status":"publish","type":"page","link":"https:\/\/zavamix.com\/ko\/politica-de-privacidade\/","title":{"rendered":"\uac1c\uc778 \uc815\ubcf4 \uc815\ucc45"},"content":{"rendered":"<p>\uc5d0 \uc624\uc2e0 \uac83\uc744 \ud658\uc601\ud569\ub2c8\ub2e4 <a href=\"https:\/\/zavamix.com\/ko\/\" data-type=\"link\" data-id=\"https:\/\/zavamix.com\">\uc790\ubc14\ubbf9\uc2a4<\/a>. \ubcf8 \uac1c\uc778\uc815\ubcf4 \ubcf4\ud638\uc815\ucc45\uc740 \uadc0\ud558\uac00 \ub2f9\uc0ac \uc6f9\uc0ac\uc774\ud2b8\uc5d0 \uc811\uc18d\ud558\uac70\ub098 \uc0ac\uc6a9\ud560 \ub54c \uadc0\ud558\uc5d0 \ub300\ud55c \uc815\ubcf4\ub97c \uc218\uc9d1, \uc0ac\uc6a9 \ubc0f \uacf5\uc720\ud558\ub294 \ubc29\ubc95\uc744 \uc124\uba85\ud569\ub2c8\ub2e4.<\/p>\n\n\n\n<h2 class=\"wp-block-heading\">1. \ub2f9\uc0ac\uac00 \uc218\uc9d1\ud558\ub294 \uc815\ubcf4<\/h2>\n\n\n\n<ul class=\"wp-block-list\">\n<li><strong>\uac1c\uc778 \uc815\ubcf4:<\/strong> \ub2f9\uc0ac\ub294 \uadc0\ud558\uac00 \uc5c5\ub370\uc774\ud2b8\ub97c \uc2e0\uccad\ud558\uac70\ub098 \ub2f9\uc0ac\uc640 \ucee4\ubba4\ub2c8\ucf00\uc774\uc158\ud560 \ub54c \uc774\ub984, \uc774\uba54\uc77c, \uae30\ud0c0 \uc5f0\ub77d\ucc98 \uc815\ubcf4 \ub4f1 \uadc0\ud558\uac00 \uc790\ubc1c\uc801\uc73c\ub85c \uc81c\uacf5\ud558\ub294 \uac1c\uc778\uc815\ubcf4\ub97c \uc218\uc9d1\ud569\ub2c8\ub2e4.<\/li>\n\n\n\n<li><strong>\uc0ac\uc6a9 \ub370\uc774\ud130:<\/strong> \ub2f9\uc0ac\ub294 \uc7a5\uce58 \uc720\ud615, \uc6f9 \ube0c\ub77c\uc6b0\uc800, \ubc29\ubb38\ud55c \ud398\uc774\uc9c0, \ud074\ub9ad \uc218, \uc0ac\uc6a9 \ud328\ud134 \ubc0f \uae30\ud0c0 \uc0ac\uc6a9 \uc815\ubcf4\ub97c \ud3ec\ud568\ud558\uc5ec \uadc0\ud558\uac00 \uc0ac\uc774\ud2b8\uc5d0 \uc561\uc138\uc2a4\ud558\uace0 \uc0ac\uc6a9\ud558\ub294 \ubc29\ubc95\uc5d0 \ub300\ud55c \uc815\ubcf4\ub97c \uc790\ub3d9\uc73c\ub85c \uc218\uc9d1\ud569\ub2c8\ub2e4.<\/li>\n\n\n\n<li><strong>\ucfe0\ud0a4 \ubc0f \ucd94\uc801 \uae30\uc220:<\/strong> \ub2f9\uc0ac\ub294 \ucfe0\ud0a4 \ubc0f \ucd94\uc801 \uae30\uc220\uc744 \uc0ac\uc6a9\ud558\uc5ec \uadc0\ud558\uc758 \uacbd\ud5d8\uc744 \uac1c\uc778\ud654\ud558\uace0 \uc6f9\uc0ac\uc774\ud2b8 \ubc0f \ud45c\uc2dc\ub41c \uad11\uace0\uc640\uc758 \uc0c1\ud638 \uc791\uc6a9\uc5d0 \ub300\ud55c \ub370\uc774\ud130\ub97c \uc218\uc9d1\ud569\ub2c8\ub2e4.<\/li>\n<\/ul>\n\n\n\n<h2 class=\"wp-block-heading\">2. \uc815\ubcf4\uc758 \uc774\uc6a9<\/h2>\n\n\n\n<p>\ub2f9\uc0ac\ub294 \uadc0\ud558\uc758 \uc815\ubcf4\ub97c \ub2e4\uc74c \ubaa9\uc801\uc73c\ub85c \uc0ac\uc6a9\ud569\ub2c8\ub2e4:<\/p>\n\n\n\n<ul class=\"wp-block-list\">\n<li>\ub2f9\uc0ac \uc6f9\uc0ac\uc774\ud2b8\uc640 \uc11c\ube44\uc2a4\ub97c \uc81c\uacf5, \uc720\uc9c0 \ubc0f \uac1c\uc120\ud569\ub2c8\ub2e4.<\/li>\n\n\n\n<li>\uadc0\ud558\uc640 \uc18c\ud1b5\ud558\uace0 \uadc0\ud558\uc758 \uc9c8\ubb38\uacfc \uc694\uccad\uc5d0 \uc751\ub2f5\ud558\uc2ed\uc2dc\uc624.<\/li>\n\n\n\n<li>\uac1c\uc778\ud654\ub41c \uad11\uace0\ub97c \ud45c\uc2dc\ud558\uace0 \ub370\uc774\ud130 \ubd84\uc11d\uc744 \uc218\ud589\ud569\ub2c8\ub2e4.<\/li>\n<\/ul>\n\n\n\n<h2 class=\"wp-block-heading\">3. \uc815\ubcf4 \uacf5\uc720<\/h2>\n\n\n\n<p>\ub2f9\uc0ac\ub294 \ub2e4\uc74c\uacfc \uac19\uc740 \uc0c1\ud669\uc5d0\uc11c \uadc0\ud558\uc758 \uc815\ubcf4\ub97c \uc81c3\uc790\uc640 \uacf5\uc720\ud560 \uc218 \uc788\uc2b5\ub2c8\ub2e4.<\/p>\n\n\n\n<ul class=\"wp-block-list\">\n<li><strong>\uc11c\ube44\uc2a4 \uc81c\uacf5\uc790:<\/strong> \ub2f9\uc0ac\ub294 \uc6f9 \ud638\uc2a4\ud305, \ub370\uc774\ud130 \ubd84\uc11d \ub4f1 \uc0ac\uc774\ud2b8 \uc6b4\uc601\uc5d0 \ub3c4\uc6c0\uc774 \ub418\ub294 \uc815\ubcf4\ub97c \uacf5\uae09\uc5c5\uccb4\uc640 \uacf5\uc720\ud569\ub2c8\ub2e4.<\/li>\n\n\n\n<li><strong>Google Ad Exchange:<\/strong> Google Ad Exchange\ub97c \ud1b5\ud574 \uad11\uace0\ub97c \uac8c\uc7ac\ud558\ub294 \ub370 \ud544\uc694\ud569\ub2c8\ub2e4.<\/li>\n\n\n\n<li><strong>\ubc95\ub960 \uc900\uc218:<\/strong> \ubc95\ub839\uc744 \uc900\uc218\ud558\uac70\ub098 \ubc95\uc801 \uc808\ucc28\uc5d0 \uc751\ud558\uae30 \uc704\ud574 \ud544\uc694\ud55c \uacbd\uc6b0<\/li>\n<\/ul>\n\n\n\n<h2 class=\"wp-block-heading\">4. \uad6c\uae00 \uc560\ub4dc\uc13c\uc2a4<\/h2>\n\n\n\n<ul class=\"wp-block-list\">\n<li>Google \uc560\ub4dc\uc13c\uc2a4 \uc57d\uad00\uc5d0 \ub530\ub77c Google\uc740 \uc81c3\uc790 \uacf5\uae09\uc5c5\uccb4\ub85c\uc11c \ucfe0\ud0a4\ub97c \uc0ac\uc6a9\ud558\uc5ec \ub2f9\uc0ac \uc6f9\uc0ac\uc774\ud2b8\uc5d0 \uad11\uace0\ub97c \uac8c\uc7ac\ud55c\ub2e4\ub294 \uc0ac\uc2e4\uc744 \uc54c\ub824\ub4dc\ub9bd\ub2c8\ub2e4.<\/li>\n\n\n\n<li>Google\uc740 DART \ucfe0\ud0a4\ub97c \uc0ac\uc6a9\ud558\uc5ec \uacfc\uac70 \ub2f9\uc0ac \uc0ac\uc774\ud2b8 \ubc0f \uc778\ud130\ub137\uc0c1\uc758 \ub2e4\ub978 \uc0ac\uc774\ud2b8 \ubc29\ubb38\uc744 \uae30\ubc18\uc73c\ub85c \uc0ac\uc6a9\uc790\uc5d0\uac8c \uad11\uace0\ub97c \uc81c\uacf5\ud560 \uc218 \uc788\uc2b5\ub2c8\ub2e4.<\/li>\n\n\n\n<li>\uc0ac\uc6a9\uc790\ub294 Google \uad11\uace0 \ubc0f \ucf58\ud150\uce20 \ub124\ud2b8\uc6cc\ud06c \uac1c\uc778\uc815\ubcf4 \ubcf4\ud638\uc815\ucc45\uc744 \ubc29\ubb38\ud558\uc5ec DART \ucfe0\ud0a4 \uc0ac\uc6a9\uc744 \uac70\ubd80\ud560 \uc218 \uc788\uc2b5\ub2c8\ub2e4.<\/li>\n<\/ul>\n\n\n\n<h2 class=\"wp-block-heading\">5. \uac1c\uc778\uc815\ubcf4 \ubcf4\ud638\uc815\ucc45\uc758 \ubcc0\uacbd<\/h2>\n\n\n\n<p>\ub2f9\uc0ac\ub294 \uac1c\uc778\uc815\ubcf4 \ubcf4\ud638\uc815\ucc45\uc744 \uc8fc\uae30\uc801\uc73c\ub85c \uc5c5\ub370\uc774\ud2b8\ud560 \uc218 \uc788\uc2b5\ub2c8\ub2e4. \ub2f9\uc0ac\ub294 \uc774 \ud398\uc774\uc9c0\uc5d0 \uc0c8\ub85c\uc6b4 \uac1c\uc778\uc815\ubcf4 \ubcf4\ud638\uc815\ucc45\uc744 \uac8c\uc2dc\ud558\uc5ec \ubcc0\uacbd \uc0ac\ud56d\uc744 \uc54c\ub824\ub4dc\ub9ac\uaca0\uc2b5\ub2c8\ub2e4.<\/p>\n\n\n\n<h2 class=\"wp-block-heading\">6. \uc5f0\ub77d\ucc98<\/h2>\n\n\n\n<p>\ubcf8 \uac1c\uc778 \uc815\ubcf4 \ubcf4\ud638 \uc815\ucc45\uc5d0 \ub300\ud574 \uc9c8\ubb38\uc774 \uc788\ub294 \uacbd\uc6b0 \ub2f9\uc0ac\uc5d0 \ubb38\uc758\ud558\uc2ed\uc2dc\uc624.<\/p>","protected":false},"excerpt":{"rendered":"<p>Bem-vindo ao Zavamix. Esta pol\u00edtica de privacidade descreve como coletamos, usamos e compartilhamos informa\u00e7\u00f5es sobre voc\u00ea quando acessa ou usa nosso site. 1. Informa\u00e7\u00f5es que Coletamos 2. Uso de Informa\u00e7\u00f5es Utilizamos suas informa\u00e7\u00f5es para: 3. Compartilhamento de Informa\u00e7\u00f5es Podemos compartilhar suas informa\u00e7\u00f5es com terceiros nas seguintes circunst\u00e2ncias: 4. Google AdSense 5. Altera\u00e7\u00f5es \u00e0 Pol\u00edtica de [&hellip;]<\/p>\n","protected":false},"author":1,"featured_media":0,"parent":0,"menu_order":0,"comment_status":"closed","ping_status":"closed","template":"","meta":{"footnotes":""},"class_list":["post-285","page","type-page","status-publish"],"_links":{"self":[{"href":"https:\/\/zavamix.com\/ko\/wp-json\/wp\/v2\/pages\/285","targetHints":{"allow":["GET"]}}],"collection":[{"href":"https:\/\/zavamix.com\/ko\/wp-json\/wp\/v2\/pages"}],"about":[{"href":"https:\/\/zavamix.com\/ko\/wp-json\/wp\/v2\/types\/page"}],"author":[{"embeddable":true,"href":"https:\/\/zavamix.com\/ko\/wp-json\/wp\/v2\/users\/1"}],"replies":[{"embeddable":true,"href":"https:\/\/zavamix.com\/ko\/wp-json\/wp\/v2\/comments?post=285"}],"version-history":[{"count":1,"href":"https:\/\/zavamix.com\/ko\/wp-json\/wp\/v2\/pages\/285\/revisions"}],"predecessor-version":[{"id":286,"href":"https:\/\/zavamix.com\/ko\/wp-json\/wp\/v2\/pages\/285\/revisions\/286"}],"wp:attachment":[{"href":"https:\/\/zavamix.com\/ko\/wp-json\/wp\/v2\/media?parent=285"}],"curies":[{"name":"wp","href":"https:\/\/api.w.org\/{rel}","templated":true}]}}