{"id":285,"date":"2023-11-29T21:28:07","date_gmt":"2023-11-29T21:28:07","guid":{"rendered":"https:\/\/zavamix.com\/?page_id=285"},"modified":"2023-11-29T21:28:07","modified_gmt":"2023-11-29T21:28:07","slug":"adatvedelmi-iranyelvek","status":"publish","type":"page","link":"https:\/\/zavamix.com\/hu\/politica-de-privacidade\/","title":{"rendered":"Adatv\u00e9delmi ir\u00e1nyelvek"},"content":{"rendered":"<p>Isten hozott a <a href=\"https:\/\/zavamix.com\/hu\/\" data-type=\"link\" data-id=\"https:\/\/zavamix.com\">Zavamix<\/a>. Ez az adatv\u00e9delmi szab\u00e1lyzat le\u00edrja, hogyan gy\u0171jt\u00fcnk, haszn\u00e1lunk \u00e9s osztunk meg inform\u00e1ci\u00f3kat \u00d6nr\u0151l, amikor bel\u00e9p vagy haszn\u00e1lja webhely\u00fcnket.<\/p>\n\n\n\n<h2 class=\"wp-block-heading\">1. Az \u00e1ltalunk gy\u0171jt\u00f6tt inform\u00e1ci\u00f3k<\/h2>\n\n\n\n<ul class=\"wp-block-list\">\n<li><strong>Szem\u00e9lyes adat:<\/strong> Szem\u00e9lyes adatokat gy\u0171jt\u00fcnk, amelyeket \u00f6nk\u00e9nt ad meg, p\u00e9ld\u00e1ul nevet, e-mail-c\u00edmet \u00e9s egy\u00e9b el\u00e9rhet\u0151s\u00e9gi adatokat, amikor feliratkozik a friss\u00edt\u00e9sekre vagy kommunik\u00e1l vel\u00fcnk.<\/li>\n\n\n\n<li><strong>Haszn\u00e1lati adatok:<\/strong> Automatikusan gy\u0171jt\u00fcnk inform\u00e1ci\u00f3kat arr\u00f3l, hogyan \u00e9ri el \u00e9s haszn\u00e1lja a Webhelyet, bele\u00e9rtve az eszk\u00f6z t\u00edpus\u00e1t, a webb\u00f6ng\u00e9sz\u0151t, a megl\u00e1togatott oldalakat, a kattint\u00e1sokat, a haszn\u00e1lati mint\u00e1kat \u00e9s egy\u00e9b haszn\u00e1lati inform\u00e1ci\u00f3kat.<\/li>\n\n\n\n<li><strong>Cookie-k \u00e9s nyomk\u00f6vet\u00e9si technol\u00f3gi\u00e1k:<\/strong> Cookie-kat \u00e9s nyomk\u00f6vet\u0151 technol\u00f3gi\u00e1kat haszn\u00e1lunk, hogy szem\u00e9lyre szabjuk az \u00d6n \u00e9lm\u00e9ny\u00e9t, \u00e9s adatokat gy\u0171jts\u00fcnk a weboldallal val\u00f3 interakci\u00f3j\u00e1r\u00f3l \u00e9s a megjelen\u00edtett hirdet\u00e9sekr\u0151l.<\/li>\n<\/ul>\n\n\n\n<h2 class=\"wp-block-heading\">2. Inform\u00e1ci\u00f3 felhaszn\u00e1l\u00e1sa<\/h2>\n\n\n\n<p>Az \u00d6n adatait a k\u00f6vetkez\u0151kre haszn\u00e1ljuk fel:<\/p>\n\n\n\n<ul class=\"wp-block-list\">\n<li>Weboldalunk \u00e9s szolg\u00e1ltat\u00e1saink biztos\u00edt\u00e1sa, karbantart\u00e1sa \u00e9s fejleszt\u00e9se.<\/li>\n\n\n\n<li>Kommunik\u00e1ljon \u00d6nnel, v\u00e1laszoljon k\u00e9rd\u00e9seire \u00e9s k\u00e9r\u00e9seire.<\/li>\n\n\n\n<li>Szem\u00e9lyre szabott hirdet\u00e9sek megjelen\u00edt\u00e9se \u00e9s adatelemz\u00e9s.<\/li>\n<\/ul>\n\n\n\n<h2 class=\"wp-block-heading\">3. Inform\u00e1ci\u00f3megoszt\u00e1s<\/h2>\n\n\n\n<p>Az al\u00e1bbi esetekben megoszthatjuk adatait harmadik felekkel:<\/p>\n\n\n\n<ul class=\"wp-block-list\">\n<li><strong>Szolg\u00e1ltat\u00f3k:<\/strong> Inform\u00e1ci\u00f3kat osztunk meg olyan sz\u00e1ll\u00edt\u00f3kkal, amelyek seg\u00edtenek az oldal m\u0171k\u00f6dtet\u00e9s\u00e9ben, p\u00e9ld\u00e1ul webt\u00e1rhely \u00e9s adatelemz\u00e9s.<\/li>\n\n\n\n<li><strong>Google Ad Exchange:<\/strong> A Google Ad Exchange szolg\u00e1ltat\u00e1son kereszt\u00fcli hirdet\u00e9sek megjelen\u00edt\u00e9s\u00e9hez sz\u00fcks\u00e9ges.<\/li>\n\n\n\n<li><strong>A jogszab\u00e1lyok betart\u00e1sa:<\/strong> Ha a t\u00f6rv\u00e9nynek val\u00f3 megfelel\u00e9shez vagy a jogi elj\u00e1r\u00e1sra val\u00f3 reag\u00e1l\u00e1shoz sz\u00fcks\u00e9ges.<\/li>\n<\/ul>\n\n\n\n<h2 class=\"wp-block-heading\">4. Google AdSense<\/h2>\n\n\n\n<ul class=\"wp-block-list\">\n<li>A Google AdSense felt\u00e9teleinek megfelel\u0151en t\u00e1j\u00e9koztatjuk \u00d6nt, hogy a Google, mint k\u00fcls\u0151 sz\u00e1ll\u00edt\u00f3 cookie-kat haszn\u00e1l a hirdet\u00e9sek megjelen\u00edt\u00e9s\u00e9hez webhely\u00fcnk\u00f6n.<\/li>\n\n\n\n<li>A DART cookie Google \u00e1ltali haszn\u00e1lata lehet\u0151v\u00e9 teszi, hogy hirdet\u00e9seket jelen\u00edtsen meg felhaszn\u00e1l\u00f3inknak webhely\u00fcnk \u00e9s m\u00e1s internetes oldalak kor\u00e1bbi l\u00e1togat\u00e1sai alapj\u00e1n.<\/li>\n\n\n\n<li>A felhaszn\u00e1l\u00f3k leiratkozhatnak a DART cookie haszn\u00e1lat\u00e1r\u00f3l a Google hirdet\u00e9si \u00e9s tartalmi h\u00e1l\u00f3zat adatv\u00e9delmi ir\u00e1nyelveinek megl\u00e1togat\u00e1s\u00e1val.<\/li>\n<\/ul>\n\n\n\n<h2 class=\"wp-block-heading\">5. Az adatv\u00e9delmi szab\u00e1lyzat v\u00e1ltoz\u00e1sai<\/h2>\n\n\n\n<p>Id\u0151nk\u00e9nt friss\u00edthetj\u00fck Adatv\u00e9delmi szab\u00e1lyzatunkat. Minden v\u00e1ltoz\u00e1sr\u00f3l az \u00faj adatv\u00e9delmi szab\u00e1lyzat k\u00f6zz\u00e9t\u00e9tel\u00e9vel \u00e9rtes\u00edtj\u00fck ezen az oldalon.<\/p>\n\n\n\n<h2 class=\"wp-block-heading\">6. Kapcsolat<\/h2>\n\n\n\n<p>Ha k\u00e9rd\u00e9se van a jelen Adatv\u00e9delmi szab\u00e1lyzattal kapcsolatban, k\u00e9rj\u00fck, l\u00e9pjen kapcsolatba vel\u00fcnk.<\/p>","protected":false},"excerpt":{"rendered":"<p>Bem-vindo ao Zavamix. Esta pol\u00edtica de privacidade descreve como coletamos, usamos e compartilhamos informa\u00e7\u00f5es sobre voc\u00ea quando acessa ou usa nosso site. 1. Informa\u00e7\u00f5es que Coletamos 2. Uso de Informa\u00e7\u00f5es Utilizamos suas informa\u00e7\u00f5es para: 3. Compartilhamento de Informa\u00e7\u00f5es Podemos compartilhar suas informa\u00e7\u00f5es com terceiros nas seguintes circunst\u00e2ncias: 4. Google AdSense 5. Altera\u00e7\u00f5es \u00e0 Pol\u00edtica de [&hellip;]<\/p>\n","protected":false},"author":1,"featured_media":0,"parent":0,"menu_order":0,"comment_status":"closed","ping_status":"closed","template":"","meta":{"footnotes":""},"class_list":["post-285","page","type-page","status-publish"],"_links":{"self":[{"href":"https:\/\/zavamix.com\/hu\/wp-json\/wp\/v2\/pages\/285","targetHints":{"allow":["GET"]}}],"collection":[{"href":"https:\/\/zavamix.com\/hu\/wp-json\/wp\/v2\/pages"}],"about":[{"href":"https:\/\/zavamix.com\/hu\/wp-json\/wp\/v2\/types\/page"}],"author":[{"embeddable":true,"href":"https:\/\/zavamix.com\/hu\/wp-json\/wp\/v2\/users\/1"}],"replies":[{"embeddable":true,"href":"https:\/\/zavamix.com\/hu\/wp-json\/wp\/v2\/comments?post=285"}],"version-history":[{"count":1,"href":"https:\/\/zavamix.com\/hu\/wp-json\/wp\/v2\/pages\/285\/revisions"}],"predecessor-version":[{"id":286,"href":"https:\/\/zavamix.com\/hu\/wp-json\/wp\/v2\/pages\/285\/revisions\/286"}],"wp:attachment":[{"href":"https:\/\/zavamix.com\/hu\/wp-json\/wp\/v2\/media?parent=285"}],"curies":[{"name":"wp","href":"https:\/\/api.w.org\/{rel}","templated":true}]}}