{"id":2,"date":"2023-11-21T22:45:01","date_gmt":"2023-11-21T22:45:01","guid":{"rendered":"https:\/\/zavamix.com\/?page_id=2"},"modified":"2023-11-21T22:45:01","modified_gmt":"2023-11-21T22:45:01","slug":"mintaoldal","status":"publish","type":"page","link":"https:\/\/zavamix.com\/hu\/sample-page\/","title":{"rendered":"p\u00e9lda oldal"},"content":{"rendered":"<p>Ez egy p\u00e9ldaoldal. Abban k\u00fcl\u00f6nb\u00f6zik egy blogbejegyz\u00e9st\u0151l, hogy egy helyen marad, \u00e9s megjelenik a webhely navig\u00e1ci\u00f3j\u00e1ban (a legt\u00f6bb t\u00e9m\u00e1ban). A legt\u00f6bb ember egy R\u00f3lunk oldallal kezdi, amely bemutatja \u0151ket a webhely potenci\u00e1lis l\u00e1togat\u00f3inak. Valami ilyesmi lehet rajta:<\/p>\n\n\n\n<blockquote class=\"wp-block-quote is-layout-flow wp-block-quote-is-layout-flow\"><p>Sziasztok! Nappal biciklis fut\u00e1r vagyok, \u00e9jszaka pedig felt\u00f6rekv\u0151 sz\u00edn\u00e9sz, \u00e9s ez a weboldalam. Los Angelesben \u00e9lek, van egy nagyszer\u0171 kuty\u00e1m, Jack, \u00e9s szeretem a pi\u00f1a colad\u00e1t. (\u00c9s amikor elkap az es\u0151.)<\/p><\/blockquote>\n\n\n\n<p>...vagy valami ilyesmi:<\/p>\n\n\n\n<blockquote class=\"wp-block-quote is-layout-flow wp-block-quote-is-layout-flow\"><p>Az XYZ Doohickey Company-t 1971-ben alap\u00edtott\u00e1k, \u00e9s az\u00f3ta min\u0151s\u00e9gi doohickeyket k\u00edn\u00e1l a nagyk\u00f6z\u00f6ns\u00e9gnek. A Gotham Cityben tal\u00e1lhat\u00f3 XYZ t\u00f6bb mint 2000 embert foglalkoztat, \u00e9s mindenf\u00e9le nagyszer\u0171 dolgot tesz a gothami k\u00f6z\u00f6ss\u00e9g\u00e9rt.<\/p><\/blockquote>\n\n\n\n<p>\u00daj WordPress felhaszn\u00e1l\u00f3k\u00e9nt a k\u00f6vetkez\u0151 c\u00edmre kell ell\u00e1togatnod: <a href=\"https:\/\/zavamix.com\/wp-admin\/\">az ir\u00e1ny\u00edt\u00f3pultod<\/a> hogy t\u00f6r\u00f6ld ezt az oldalt, \u00e9s \u00faj oldalakat hozz l\u00e9tre a tartalmaidnak. J\u00f3 sz\u00f3rakoz\u00e1st!<\/p>","protected":false},"excerpt":{"rendered":"<p>This is an example page. It&#8217;s different from a blog post because it will stay in one place and will show up in your site navigation (in most themes). Most people start with an About page that introduces them to potential site visitors. It might say something like this: Hi there! I&#8217;m a bike messenger [&hellip;]<\/p>\n","protected":false},"author":1,"featured_media":0,"parent":0,"menu_order":0,"comment_status":"closed","ping_status":"open","template":"","meta":{"footnotes":""},"class_list":["post-2","page","type-page","status-publish"],"_links":{"self":[{"href":"https:\/\/zavamix.com\/hu\/wp-json\/wp\/v2\/pages\/2","targetHints":{"allow":["GET"]}}],"collection":[{"href":"https:\/\/zavamix.com\/hu\/wp-json\/wp\/v2\/pages"}],"about":[{"href":"https:\/\/zavamix.com\/hu\/wp-json\/wp\/v2\/types\/page"}],"author":[{"embeddable":true,"href":"https:\/\/zavamix.com\/hu\/wp-json\/wp\/v2\/users\/1"}],"replies":[{"embeddable":true,"href":"https:\/\/zavamix.com\/hu\/wp-json\/wp\/v2\/comments?post=2"}],"version-history":[{"count":0,"href":"https:\/\/zavamix.com\/hu\/wp-json\/wp\/v2\/pages\/2\/revisions"}],"wp:attachment":[{"href":"https:\/\/zavamix.com\/hu\/wp-json\/wp\/v2\/media?parent=2"}],"curies":[{"name":"wp","href":"https:\/\/api.w.org\/{rel}","templated":true}]}}