{"id":285,"date":"2023-11-29T21:28:07","date_gmt":"2023-11-29T21:28:07","guid":{"rendered":"https:\/\/zavamix.com\/?page_id=285"},"modified":"2023-11-29T21:28:07","modified_gmt":"2023-11-29T21:28:07","slug":"politika-privatnosti","status":"publish","type":"page","link":"https:\/\/zavamix.com\/hr\/politica-de-privacidade\/","title":{"rendered":"Politika privatnosti"},"content":{"rendered":"<p>Dobrodo\u0161li u <a href=\"https:\/\/zavamix.com\/hr\/\" data-type=\"link\" data-id=\"https:\/\/zavamix.com\">Zavamix<\/a>. Ova pravila o privatnosti opisuju kako prikupljamo, koristimo i dijelimo informacije o vama kada pristupate ili koristite na\u0161u web stranicu.<\/p>\n\n\n\n<h2 class=\"wp-block-heading\">1. Podaci koje prikupljamo<\/h2>\n\n\n\n<ul class=\"wp-block-list\">\n<li><strong>Osobne informacije:<\/strong> Prikupljamo osobne podatke koje dobrovoljno dajete, poput imena, e-po\u0161te i drugih podataka za kontakt kada se prijavljujete za a\u017euriranja ili komunicirate s nama.<\/li>\n\n\n\n<li><strong>Podaci o kori\u0161tenju:<\/strong> Automatski prikupljamo informacije o tome kako pristupate i koristite stranicu, uklju\u010duju\u0107i vrstu ure\u0111aja, web preglednik, posje\u0107ene stranice, klikove, obrasce kori\u0161tenja i druge podatke o kori\u0161tenju.<\/li>\n\n\n\n<li><strong>Kola\u010di\u0107i i tehnologije pra\u0107enja:<\/strong> Koristimo kola\u010di\u0107e i tehnologije pra\u0107enja kako bismo personalizirali va\u0161e iskustvo i prikupili podatke o va\u0161oj interakciji s web-stranicom i prikazanim oglasima.<\/li>\n<\/ul>\n\n\n\n<h2 class=\"wp-block-heading\">2. Kori\u0161tenje informacija<\/h2>\n\n\n\n<p>Va\u0161e podatke koristimo za:<\/p>\n\n\n\n<ul class=\"wp-block-list\">\n<li>Pru\u017eati, odr\u017eavati i pobolj\u0161avati na\u0161u web stranicu i usluge.<\/li>\n\n\n\n<li>Komuniciramo s vama, odgovaramo na va\u0161a pitanja i zahtjeve.<\/li>\n\n\n\n<li>Prika\u017eite prilago\u0111ene oglase i izvr\u0161ite analizu podataka.<\/li>\n<\/ul>\n\n\n\n<h2 class=\"wp-block-heading\">3. Razmjena informacija<\/h2>\n\n\n\n<p>Va\u0161e podatke mo\u017eemo podijeliti s tre\u0107im stranama u sljede\u0107im okolnostima:<\/p>\n\n\n\n<ul class=\"wp-block-list\">\n<li><strong>Davatelji usluga:<\/strong> Dijelimo informacije s dobavlja\u010dima koji nam poma\u017eu u upravljanju web mjestom, kao \u0161to su web hosting i analiza podataka.<\/li>\n\n\n\n<li><strong>Google Ad Exchange:<\/strong> Prema potrebi za poslu\u017eivanje oglasa putem Google Ad Exchangea.<\/li>\n\n\n\n<li><strong>Zakonska uskla\u0111enost:<\/strong> Kada je potrebno po\u0161tivati zakon ili odgovoriti na pravni postupak.<\/li>\n<\/ul>\n\n\n\n<h2 class=\"wp-block-heading\">4. Google AdSense<\/h2>\n\n\n\n<ul class=\"wp-block-list\">\n<li>U skladu s uvjetima Google AdSensea, obavje\u0161tavamo vas da Google, kao dobavlja\u010d tre\u0107e strane, koristi kola\u010di\u0107e za poslu\u017eivanje oglasa na na\u0161oj web stranici.<\/li>\n\n\n\n<li>Googleova upotreba kola\u010di\u0107a DART omogu\u0107uje poslu\u017eivanje oglasa na\u0161im korisnicima na temelju pro\u0161lih posjeta na\u0161oj stranici i drugim stranicama na internetu.<\/li>\n\n\n\n<li>Korisnici mogu isklju\u010diti kori\u0161tenje DART kola\u010di\u0107a posjetom Pravila o privatnosti Google ogla\u0161avanja i sadr\u017eajne mre\u017ee.<\/li>\n<\/ul>\n\n\n\n<h2 class=\"wp-block-heading\">5. Promjene Politike privatnosti<\/h2>\n\n\n\n<p>Povremeno mo\u017eemo a\u017eurirati na\u0161u Politiku privatnosti. Obavijestit \u0107emo vas o svim promjenama objavljivanjem novih Pravila privatnosti na ovoj stranici.<\/p>\n\n\n\n<h2 class=\"wp-block-heading\">6. Kontakt<\/h2>\n\n\n\n<p>Ako imate pitanja o ovim Pravilima privatnosti, kontaktirajte nas.<\/p>","protected":false},"excerpt":{"rendered":"<p>Bem-vindo ao Zavamix. Esta pol\u00edtica de privacidade descreve como coletamos, usamos e compartilhamos informa\u00e7\u00f5es sobre voc\u00ea quando acessa ou usa nosso site. 1. Informa\u00e7\u00f5es que Coletamos 2. Uso de Informa\u00e7\u00f5es Utilizamos suas informa\u00e7\u00f5es para: 3. Compartilhamento de Informa\u00e7\u00f5es Podemos compartilhar suas informa\u00e7\u00f5es com terceiros nas seguintes circunst\u00e2ncias: 4. Google AdSense 5. Altera\u00e7\u00f5es \u00e0 Pol\u00edtica de [&hellip;]<\/p>\n","protected":false},"author":1,"featured_media":0,"parent":0,"menu_order":0,"comment_status":"closed","ping_status":"closed","template":"","meta":{"footnotes":""},"class_list":["post-285","page","type-page","status-publish"],"_links":{"self":[{"href":"https:\/\/zavamix.com\/hr\/wp-json\/wp\/v2\/pages\/285","targetHints":{"allow":["GET"]}}],"collection":[{"href":"https:\/\/zavamix.com\/hr\/wp-json\/wp\/v2\/pages"}],"about":[{"href":"https:\/\/zavamix.com\/hr\/wp-json\/wp\/v2\/types\/page"}],"author":[{"embeddable":true,"href":"https:\/\/zavamix.com\/hr\/wp-json\/wp\/v2\/users\/1"}],"replies":[{"embeddable":true,"href":"https:\/\/zavamix.com\/hr\/wp-json\/wp\/v2\/comments?post=285"}],"version-history":[{"count":1,"href":"https:\/\/zavamix.com\/hr\/wp-json\/wp\/v2\/pages\/285\/revisions"}],"predecessor-version":[{"id":286,"href":"https:\/\/zavamix.com\/hr\/wp-json\/wp\/v2\/pages\/285\/revisions\/286"}],"wp:attachment":[{"href":"https:\/\/zavamix.com\/hr\/wp-json\/wp\/v2\/media?parent=285"}],"curies":[{"name":"wp","href":"https:\/\/api.w.org\/{rel}","templated":true}]}}