{"id":287,"date":"2023-11-29T21:34:08","date_gmt":"2023-11-29T21:34:08","guid":{"rendered":"https:\/\/zavamix.com\/?page_id=287"},"modified":"2023-11-29T21:34:08","modified_gmt":"2023-11-29T21:34:08","slug":"%cf%8c%cf%81%ce%bf%ce%b9-%cf%87%cf%81%ce%ae%cf%83%ce%b7%cf%82","status":"publish","type":"page","link":"https:\/\/zavamix.com\/el\/termos-de-uso\/","title":{"rendered":"\u039f\u03c1\u03bf\u03b9 \u03c7\u03c1\u03ae\u03c3\u03b7\u03c2"},"content":{"rendered":"<p>\u039a\u03b1\u03bb\u03c9\u03c3\u03ae\u03c1\u03b8\u03b5\u03c2 \u03c3\u03c4\u03bf <a href=\"https:\/\/zavamix.com\/el\/\">Zavamix<\/a>. \u0391\u03c5\u03c4\u03bf\u03af \u03bf\u03b9 \u038c\u03c1\u03bf\u03b9 \u03a7\u03c1\u03ae\u03c3\u03b7\u03c2 (&quot;\u038c\u03c1\u03bf\u03b9&quot;) \u03b4\u03b9\u03ad\u03c0\u03bf\u03c5\u03bd \u03c4\u03b7\u03bd \u03c0\u03c1\u03cc\u03c3\u03b2\u03b1\u03c3\u03ae \u03c3\u03b1\u03c2 \u03ba\u03b1\u03b9 \u03c4\u03b7 \u03c7\u03c1\u03ae\u03c3\u03b7 \u03c4\u03bf\u03c5 \u03b9\u03c3\u03c4\u03cc\u03c4\u03bf\u03c0\u03bf\u03cd \u03bc\u03b1\u03c2 https:\/\/zavamix.com, \u03bc\u03b9\u03b1\u03c2 \u03c0\u03cd\u03bb\u03b7\u03c2 \u03b1\u03c6\u03b9\u03b5\u03c1\u03c9\u03bc\u03ad\u03bd\u03b7\u03c2 \u03c3\u03c4\u03b7\u03bd \u03c0\u03b1\u03c1\u03bf\u03c7\u03ae \u03c3\u03c5\u03c3\u03c4\u03ac\u03c3\u03b5\u03c9\u03bd \u03ba\u03b1\u03b9 \u03c0\u03bb\u03b7\u03c1\u03bf\u03c6\u03bf\u03c1\u03b9\u03ce\u03bd \u03c3\u03c7\u03b5\u03c4\u03b9\u03ba\u03ac \u03bc\u03b5 \u03b5\u03c6\u03b1\u03c1\u03bc\u03bf\u03b3\u03ad\u03c2 \u03b3\u03b9\u03b1 \u03ba\u03b9\u03bd\u03b7\u03c4\u03ad\u03c2 \u03c3\u03c5\u03c3\u03ba\u03b5\u03c5\u03ad\u03c2 \u03c3\u03b5 \u03b4\u03b9\u03ac\u03c6\u03bf\u03c1\u03b1 \u03b8\u03ad\u03bc\u03b1\u03c4\u03b1. \u039a\u03b1\u03c4\u03ac \u03c4\u03b7\u03bd \u03c0\u03c1\u03cc\u03c3\u03b2\u03b1\u03c3\u03b7 \u03ae \u03c4\u03b7 \u03c7\u03c1\u03ae\u03c3\u03b7 \u03c4\u03bf\u03c5 <a href=\"https:\/\/zavamix.com\/el\/\">Zavamix<\/a>, \u03c3\u03c5\u03bc\u03c6\u03c9\u03bd\u03b5\u03af\u03c4\u03b5 \u03bd\u03b1 \u03c3\u03c5\u03bc\u03bc\u03bf\u03c1\u03c6\u03c9\u03b8\u03b5\u03af\u03c4\u03b5 \u03bc\u03b5 \u03b1\u03c5\u03c4\u03bf\u03cd\u03c2 \u03c4\u03bf\u03c5\u03c2 \u038c\u03c1\u03bf\u03c5\u03c2.<\/p>\n\n\n\n<h2 class=\"wp-block-heading\">1. \u03a5\u03c0\u03b7\u03c1\u03b5\u03c3\u03af\u03b5\u03c2 Zavamix<\/h2>\n\n\n\n<ul class=\"wp-block-list\">\n<li>\u03a4\u03bf Zavamix \u03c0\u03c1\u03bf\u03c3\u03c6\u03ad\u03c1\u03b5\u03b9 \u03c0\u03c1\u03bf\u03c4\u03ac\u03c3\u03b5\u03b9\u03c2 \u03b5\u03c6\u03b1\u03c1\u03bc\u03bf\u03b3\u03ce\u03bd \u03b3\u03b9\u03b1 \u03ba\u03b9\u03bd\u03b7\u03c4\u03ac \u03ba\u03b1\u03b9 \u03c3\u03c7\u03b5\u03c4\u03b9\u03ba\u03cc \u03c0\u03b5\u03c1\u03b9\u03b5\u03c7\u03cc\u03bc\u03b5\u03bd\u03bf.<\/li>\n\n\n\n<li>\u0394\u03b5\u03bd \u03ba\u03b1\u03c4\u03ad\u03c7\u03bf\u03c5\u03bc\u03b5 \u03bf\u03cd\u03c4\u03b5 \u03b1\u03bd\u03b1\u03c0\u03c4\u03cd\u03c3\u03c3\u03bf\u03c5\u03bc\u03b5 \u03c4\u03b9\u03c2 \u03c0\u03c1\u03bf\u03c4\u03b5\u03b9\u03bd\u03cc\u03bc\u03b5\u03bd\u03b5\u03c2 \u03b5\u03c6\u03b1\u03c1\u03bc\u03bf\u03b3\u03ad\u03c2. \u039f\u03b9 \u03c3\u03c5\u03c3\u03c4\u03ac\u03c3\u03b5\u03b9\u03c2 \u03b2\u03b1\u03c3\u03af\u03b6\u03bf\u03bd\u03c4\u03b1\u03b9 \u03c3\u03b5 \u03b1\u03c0\u03bf\u03ba\u03bb\u03b5\u03b9\u03c3\u03c4\u03b9\u03ba\u03ae \u03ad\u03c1\u03b5\u03c5\u03bd\u03b1 \u03ba\u03b1\u03b9 \u03b1\u03bd\u03ac\u03bb\u03c5\u03c3\u03b7.<\/li>\n\n\n\n<li>\u039f\u03b9 \u03c5\u03c0\u03b7\u03c1\u03b5\u03c3\u03af\u03b5\u03c2 \u03bc\u03b1\u03c2 \u03b4\u03b7\u03bc\u03b9\u03bf\u03c5\u03c1\u03b3\u03bf\u03cd\u03bd \u03ad\u03c3\u03bf\u03b4\u03b1 \u03bc\u03ad\u03c3\u03c9 \u03b4\u03b9\u03b1\u03c6\u03b7\u03bc\u03af\u03c3\u03b5\u03c9\u03bd Google AdSense\/Ad Exchange.<\/li>\n<\/ul>\n\n\n\n<h2 class=\"wp-block-heading\">2. \u03a7\u03c1\u03ae\u03c3\u03b7 \u03c4\u03b7\u03c2 \u0399\u03c3\u03c4\u03bf\u03c3\u03b5\u03bb\u03af\u03b4\u03b1\u03c2<\/h2>\n\n\n\n<ul class=\"wp-block-list\">\n<li>\u03a3\u03c5\u03bc\u03c6\u03c9\u03bd\u03b5\u03af\u03c4\u03b5 \u03bd\u03b1 \u03c7\u03c1\u03b7\u03c3\u03b9\u03bc\u03bf\u03c0\u03bf\u03b9\u03b5\u03af\u03c4\u03b5 \u03c4\u03bf Zavamix \u03bc\u03cc\u03bd\u03bf \u03b3\u03b9\u03b1 \u03bd\u03cc\u03bc\u03b9\u03bc\u03bf\u03c5\u03c2 \u03c3\u03ba\u03bf\u03c0\u03bf\u03cd\u03c2 \u03ba\u03b1\u03b9 \u03c3\u03cd\u03bc\u03c6\u03c9\u03bd\u03b1 \u03bc\u03b5 \u03c4\u03bf\u03c5\u03c2 \u03c0\u03b1\u03c1\u03cc\u03bd\u03c4\u03b5\u03c2 \u038c\u03c1\u03bf\u03c5\u03c2.<\/li>\n\n\n\n<li>\u0394\u03b5\u03bd \u03c0\u03c1\u03ad\u03c0\u03b5\u03b9 \u03bd\u03b1 \u03c7\u03c1\u03b7\u03c3\u03b9\u03bc\u03bf\u03c0\u03bf\u03b9\u03b5\u03af\u03c4\u03b5 \u03c4\u03bf\u03bd \u0399\u03c3\u03c4\u03cc\u03c4\u03bf\u03c0\u03bf \u03bc\u03b5 \u03bf\u03c0\u03bf\u03b9\u03bf\u03bd\u03b4\u03ae\u03c0\u03bf\u03c4\u03b5 \u03c4\u03c1\u03cc\u03c0\u03bf \u03c0\u03bf\u03c5 \u03b8\u03b1 \u03bc\u03c0\u03bf\u03c1\u03bf\u03cd\u03c3\u03b5 \u03bd\u03b1 \u03c4\u03bf\u03bd \u03b2\u03bb\u03ac\u03c8\u03b5\u03b9, \u03bd\u03b1 \u03c4\u03bf\u03bd \u03b1\u03c0\u03b5\u03bd\u03b5\u03c1\u03b3\u03bf\u03c0\u03bf\u03b9\u03ae\u03c3\u03b5\u03b9 \u03ae \u03bd\u03b1 \u03c4\u03bf\u03bd \u03b5\u03c0\u03b9\u03b2\u03b1\u03c1\u03cd\u03bd\u03b5\u03b9 \u03c5\u03c0\u03b5\u03c1\u03b2\u03bf\u03bb\u03b9\u03ba\u03ac.<\/li>\n\n\n\n<li>\u03a4\u03bf \u03c0\u03b5\u03c1\u03b9\u03b5\u03c7\u03cc\u03bc\u03b5\u03bd\u03bf Zavamix, \u03c3\u03c5\u03bc\u03c0\u03b5\u03c1\u03b9\u03bb\u03b1\u03bc\u03b2\u03b1\u03bd\u03bf\u03bc\u03ad\u03bd\u03c9\u03bd \u03ba\u03b5\u03b9\u03bc\u03ad\u03bd\u03c9\u03bd, \u03b3\u03c1\u03b1\u03c6\u03b9\u03ba\u03ce\u03bd \u03ba\u03b1\u03b9 \u03b5\u03b9\u03ba\u03cc\u03bd\u03c9\u03bd, \u03c0\u03c1\u03bf\u03c3\u03c4\u03b1\u03c4\u03b5\u03cd\u03b5\u03c4\u03b1\u03b9 \u03b1\u03c0\u03cc \u03c0\u03bd\u03b5\u03c5\u03bc\u03b1\u03c4\u03b9\u03ba\u03ac \u03b4\u03b9\u03ba\u03b1\u03b9\u03ce\u03bc\u03b1\u03c4\u03b1 \u03ba\u03b1\u03b9 \u03b1\u03c0\u03bf\u03c4\u03b5\u03bb\u03b5\u03af \u03b9\u03b4\u03b9\u03bf\u03ba\u03c4\u03b7\u03c3\u03af\u03b1 \u03c4\u03bf\u03c5 Zavamix \u03ae \u03c4\u03c9\u03bd \u03b4\u03b9\u03ba\u03b1\u03b9\u03bf\u03c0\u03b1\u03c1\u03cc\u03c7\u03c9\u03bd \u03c4\u03bf\u03c5.<\/li>\n<\/ul>\n\n\n\n<h2 class=\"wp-block-heading\">3. \u0391\u03c0\u03bf\u03c0\u03bf\u03af\u03b7\u03c3\u03b7 \u03b5\u03c5\u03b8\u03cd\u03bd\u03b7\u03c2<\/h2>\n\n\n\n<ul class=\"wp-block-list\">\n<li>\u03a4\u03bf Zavamix \u03b4\u03b5\u03bd \u03b5\u03c5\u03b8\u03cd\u03bd\u03b5\u03c4\u03b1\u03b9 \u03b3\u03b9\u03b1 \u03c4\u03b7\u03bd \u03b1\u03ba\u03c1\u03af\u03b2\u03b5\u03b9\u03b1, \u03c4\u03b7\u03bd \u03b1\u03c3\u03c6\u03ac\u03bb\u03b5\u03b9\u03b1 \u03ae \u03c4\u03b7\u03bd \u03b1\u03be\u03b9\u03bf\u03c0\u03b9\u03c3\u03c4\u03af\u03b1 \u03c4\u03c9\u03bd \u03c0\u03c1\u03bf\u03c4\u03b5\u03b9\u03bd\u03cc\u03bc\u03b5\u03bd\u03c9\u03bd \u03b5\u03c6\u03b1\u03c1\u03bc\u03bf\u03b3\u03ce\u03bd.<\/li>\n\n\n\n<li>\u0394\u03b5\u03bd \u03c6\u03ad\u03c1\u03bf\u03c5\u03bc\u03b5 \u03b5\u03c5\u03b8\u03cd\u03bd\u03b7 \u03b3\u03b9\u03b1 \u03c4\u03c5\u03c7\u03cc\u03bd \u03b6\u03b7\u03bc\u03b9\u03ad\u03c2 \u03ae \u03b1\u03c0\u03ce\u03bb\u03b5\u03b9\u03b5\u03c2 \u03c0\u03bf\u03c5 \u03c0\u03c1\u03bf\u03ba\u03cd\u03c0\u03c4\u03bf\u03c5\u03bd \u03b1\u03c0\u03cc \u03c4\u03b7 \u03c7\u03c1\u03ae\u03c3\u03b7 \u03b5\u03c6\u03b1\u03c1\u03bc\u03bf\u03b3\u03ce\u03bd \u03c0\u03bf\u03c5 \u03c0\u03c1\u03bf\u03c4\u03b5\u03af\u03bd\u03bf\u03bd\u03c4\u03b1\u03b9 \u03c3\u03c4\u03bf\u03bd \u03b9\u03c3\u03c4\u03cc\u03c4\u03bf\u03c0\u03cc \u03bc\u03b1\u03c2.<\/li>\n<\/ul>\n\n\n\n<h2 class=\"wp-block-heading\">4. \u0394\u03b9\u03ba\u03b1\u03b9\u03ce\u03bc\u03b1\u03c4\u03b1 \u03a0\u03bd\u03b5\u03c5\u03bc\u03b1\u03c4\u03b9\u03ba\u03ae\u03c2 \u0399\u03b4\u03b9\u03bf\u03ba\u03c4\u03b7\u03c3\u03af\u03b1\u03c2<\/h2>\n\n\n\n<ul class=\"wp-block-list\">\n<li>\u038c\u03bb\u03bf \u03c4\u03bf \u03c0\u03b5\u03c1\u03b9\u03b5\u03c7\u03cc\u03bc\u03b5\u03bd\u03bf \u03c3\u03c4\u03bf Zavamix \u03b5\u03af\u03bd\u03b1\u03b9 \u03b9\u03b4\u03b9\u03bf\u03ba\u03c4\u03b7\u03c3\u03af\u03b1 \u03c4\u03bf\u03c5 Zavamix \u03ae \u03c4\u03c9\u03bd \u03b4\u03b9\u03ba\u03b1\u03b9\u03bf\u03c0\u03b1\u03c1\u03cc\u03c7\u03c9\u03bd \u03c4\u03bf\u03c5 \u03ba\u03b1\u03b9 \u03c0\u03c1\u03bf\u03c3\u03c4\u03b1\u03c4\u03b5\u03cd\u03b5\u03c4\u03b1\u03b9 \u03b1\u03c0\u03cc \u03bd\u03cc\u03bc\u03bf\u03c5\u03c2 \u03c0\u03b5\u03c1\u03af \u03c0\u03bd\u03b5\u03c5\u03bc\u03b1\u03c4\u03b9\u03ba\u03ce\u03bd \u03b4\u03b9\u03ba\u03b1\u03b9\u03c9\u03bc\u03ac\u03c4\u03c9\u03bd, \u03b5\u03bc\u03c0\u03bf\u03c1\u03b9\u03ba\u03ce\u03bd \u03c3\u03b7\u03bc\u03ac\u03c4\u03c9\u03bd \u03ba\u03b1\u03b9 \u03ac\u03bb\u03bb\u03bf\u03c5\u03c2 \u03bd\u03cc\u03bc\u03bf\u03c5\u03c2 \u03c0\u03b5\u03c1\u03af \u03c0\u03bd\u03b5\u03c5\u03bc\u03b1\u03c4\u03b9\u03ba\u03ae\u03c2 \u03b9\u03b4\u03b9\u03bf\u03ba\u03c4\u03b7\u03c3\u03af\u03b1\u03c2.<\/li>\n\n\n\n<li>\u039a\u03b1\u03bd\u03ad\u03bd\u03b1 \u03c0\u03b5\u03c1\u03b9\u03b5\u03c7\u03cc\u03bc\u03b5\u03bd\u03bf \u03b1\u03c0\u03cc \u03c4\u03bf\u03bd \u03b9\u03c3\u03c4\u03cc\u03c4\u03bf\u03c0\u03bf \u03b4\u03b5\u03bd \u03b5\u03c0\u03b9\u03c4\u03c1\u03ad\u03c0\u03b5\u03c4\u03b1\u03b9 \u03bd\u03b1 \u03b1\u03bd\u03c4\u03b9\u03b3\u03c1\u03b1\u03c6\u03b5\u03af, \u03bd\u03b1 \u03b1\u03bd\u03b1\u03c0\u03b1\u03c1\u03b1\u03c7\u03b8\u03b5\u03af, \u03bd\u03b1 \u03b1\u03bd\u03b1\u03b4\u03b7\u03bc\u03bf\u03c3\u03b9\u03b5\u03c5\u03c4\u03b5\u03af, \u03bd\u03b1 \u03b1\u03bd\u03ad\u03b2\u03b5\u03b9, \u03bd\u03b1 \u03b1\u03bd\u03b1\u03c1\u03c4\u03b7\u03b8\u03b5\u03af, \u03bd\u03b1 \u03bc\u03b5\u03c4\u03b1\u03b4\u03bf\u03b8\u03b5\u03af \u03ae \u03bd\u03b1 \u03b4\u03b9\u03b1\u03bd\u03b5\u03bc\u03b7\u03b8\u03b5\u03af \u03bc\u03b5 \u03bf\u03c0\u03bf\u03b9\u03bf\u03bd\u03b4\u03ae\u03c0\u03bf\u03c4\u03b5 \u03c4\u03c1\u03cc\u03c0\u03bf \u03c7\u03c9\u03c1\u03af\u03c2 \u03c4\u03b7 \u03c1\u03b7\u03c4\u03ae \u03b3\u03c1\u03b1\u03c0\u03c4\u03ae \u03bc\u03b1\u03c2 \u03ac\u03b4\u03b5\u03b9\u03b1.<\/li>\n<\/ul>\n\n\n\n<h2 class=\"wp-block-heading\">5. \u0394\u03b9\u03b1\u03c6\u03ae\u03bc\u03b9\u03c3\u03b7 \u03ba\u03b1\u03b9 \u03a3\u03cd\u03bd\u03b4\u03b5\u03c3\u03bc\u03bf\u03b9 \u03a4\u03c1\u03af\u03c4\u03c9\u03bd<\/h2>\n\n\n\n<ul class=\"wp-block-list\">\n<li>\u039f \u03b9\u03c3\u03c4\u03cc\u03c4\u03bf\u03c0\u03cc\u03c2 \u03bc\u03b1\u03c2 \u03b5\u03bc\u03c6\u03b1\u03bd\u03af\u03b6\u03b5\u03b9 \u03b4\u03b9\u03b1\u03c6\u03b7\u03bc\u03af\u03c3\u03b5\u03b9\u03c2 \u03c0\u03bf\u03c5 \u03c0\u03b1\u03c1\u03ad\u03c7\u03bf\u03bd\u03c4\u03b1\u03b9 \u03b1\u03c0\u03cc \u03c4\u03bf Google AdSense\/Ad Exchange.<\/li>\n\n\n\n<li>\u0395\u03bd\u03b4\u03ad\u03c7\u03b5\u03c4\u03b1\u03b9 \u03bd\u03b1 \u03c3\u03c5\u03bc\u03c0\u03b5\u03c1\u03b9\u03bb\u03ac\u03b2\u03bf\u03c5\u03bc\u03b5 \u03c3\u03c5\u03bd\u03b4\u03ad\u03c3\u03bc\u03bf\u03c5\u03c2 \u03c3\u03b5 \u03b9\u03c3\u03c4\u03cc\u03c4\u03bf\u03c0\u03bf\u03c5\u03c2 \u03c4\u03c1\u03af\u03c4\u03c9\u03bd. \u03c4\u03ad\u03c4\u03bf\u03b9\u03bf\u03b9 \u03c3\u03cd\u03bd\u03b4\u03b5\u03c3\u03bc\u03bf\u03b9 \u03b4\u03b5\u03bd \u03c5\u03c0\u03bf\u03b4\u03b7\u03bb\u03ce\u03bd\u03bf\u03c5\u03bd \u03ad\u03b3\u03ba\u03c1\u03b9\u03c3\u03b7 \u03b1\u03c5\u03c4\u03ce\u03bd \u03c4\u03c9\u03bd \u03c4\u03bf\u03c0\u03bf\u03b8\u03b5\u03c3\u03b9\u03ce\u03bd.<\/li>\n<\/ul>\n\n\n\n<h2 class=\"wp-block-heading\">6. \u03a4\u03c1\u03bf\u03c0\u03bf\u03c0\u03bf\u03b9\u03ae\u03c3\u03b5\u03b9\u03c2 \u03c3\u03c4\u03bf\u03c5\u03c2 \u038c\u03c1\u03bf\u03c5\u03c2<\/h2>\n\n\n\n<ul class=\"wp-block-list\">\n<li>\u0397 Zavamix \u03b4\u03b9\u03b1\u03c4\u03b7\u03c1\u03b5\u03af \u03c4\u03bf \u03b4\u03b9\u03ba\u03b1\u03af\u03c9\u03bc\u03b1 \u03bd\u03b1 \u03c4\u03c1\u03bf\u03c0\u03bf\u03c0\u03bf\u03b9\u03ae\u03c3\u03b5\u03b9 \u03b1\u03c5\u03c4\u03bf\u03cd\u03c2 \u03c4\u03bf\u03c5\u03c2 \u038c\u03c1\u03bf\u03c5\u03c2 \u03b1\u03bd\u03ac \u03c0\u03ac\u03c3\u03b1 \u03c3\u03c4\u03b9\u03b3\u03bc\u03ae. \u039f\u03b9 \u03c3\u03c5\u03bd\u03b5\u03c7\u03b5\u03af\u03c2 \u03b5\u03c0\u03b9\u03c3\u03ba\u03ad\u03c8\u03b5\u03b9\u03c2 \u03ba\u03b1\u03b9 \u03b7 \u03c7\u03c1\u03ae\u03c3\u03b7 \u03c4\u03bf\u03c5 \u03b9\u03c3\u03c4\u03cc\u03c4\u03bf\u03c0\u03bf\u03c5 \u03c3\u03c5\u03bd\u03b9\u03c3\u03c4\u03bf\u03cd\u03bd \u03b1\u03c0\u03bf\u03b4\u03bf\u03c7\u03ae \u03c4\u03ad\u03c4\u03bf\u03b9\u03c9\u03bd \u03c4\u03c1\u03bf\u03c0\u03bf\u03c0\u03bf\u03b9\u03ae\u03c3\u03b5\u03c9\u03bd.<\/li>\n<\/ul>\n\n\n\n<h2 class=\"wp-block-heading\">7. \u0395\u03c0\u03b9\u03ba\u03bf\u03b9\u03bd\u03c9\u03bd\u03af\u03b1<\/h2>\n\n\n\n<ul class=\"wp-block-list\">\n<li>\u0395\u03ac\u03bd \u03ad\u03c7\u03b5\u03c4\u03b5 \u03b5\u03c1\u03c9\u03c4\u03ae\u03c3\u03b5\u03b9\u03c2 \u03ae \u03c0\u03c1\u03bf\u03b2\u03bb\u03b7\u03bc\u03b1\u03c4\u03b9\u03c3\u03bc\u03bf\u03cd\u03c2 \u03c3\u03c7\u03b5\u03c4\u03b9\u03ba\u03ac \u03bc\u03b5 \u03b1\u03c5\u03c4\u03bf\u03cd\u03c2 \u03c4\u03bf\u03c5\u03c2 \u038c\u03c1\u03bf\u03c5\u03c2 \u03a7\u03c1\u03ae\u03c3\u03b7\u03c2, \u03b5\u03c0\u03b9\u03ba\u03bf\u03b9\u03bd\u03c9\u03bd\u03ae\u03c3\u03c4\u03b5 \u03bc\u03b1\u03b6\u03af \u03bc\u03b1\u03c2.<\/li>\n<\/ul>","protected":false},"excerpt":{"rendered":"<p>Bem-vindo ao Zavamix. Estes Termos de Uso (&#8220;Termos&#8221;) regem seu acesso e uso do nosso site https:\/\/zavamix.com, um portal dedicado a fornecer recomenda\u00e7\u00f5es e informa\u00e7\u00f5es sobre aplicativos de celular de diversos temas. Ao acessar ou usar o Zavamix, voc\u00ea concorda em cumprir estes Termos. 1. Servi\u00e7os do Zavamix 2. Uso do Site 3. Isen\u00e7\u00e3o de [&hellip;]<\/p>\n","protected":false},"author":1,"featured_media":0,"parent":0,"menu_order":0,"comment_status":"closed","ping_status":"closed","template":"","meta":{"footnotes":""},"class_list":["post-287","page","type-page","status-publish"],"_links":{"self":[{"href":"https:\/\/zavamix.com\/el\/wp-json\/wp\/v2\/pages\/287","targetHints":{"allow":["GET"]}}],"collection":[{"href":"https:\/\/zavamix.com\/el\/wp-json\/wp\/v2\/pages"}],"about":[{"href":"https:\/\/zavamix.com\/el\/wp-json\/wp\/v2\/types\/page"}],"author":[{"embeddable":true,"href":"https:\/\/zavamix.com\/el\/wp-json\/wp\/v2\/users\/1"}],"replies":[{"embeddable":true,"href":"https:\/\/zavamix.com\/el\/wp-json\/wp\/v2\/comments?post=287"}],"version-history":[{"count":1,"href":"https:\/\/zavamix.com\/el\/wp-json\/wp\/v2\/pages\/287\/revisions"}],"predecessor-version":[{"id":288,"href":"https:\/\/zavamix.com\/el\/wp-json\/wp\/v2\/pages\/287\/revisions\/288"}],"wp:attachment":[{"href":"https:\/\/zavamix.com\/el\/wp-json\/wp\/v2\/media?parent=287"}],"curies":[{"name":"wp","href":"https:\/\/api.w.org\/{rel}","templated":true}]}}