{"id":287,"date":"2023-11-29T21:34:08","date_gmt":"2023-11-29T21:34:08","guid":{"rendered":"https:\/\/zavamix.com\/?page_id=287"},"modified":"2023-11-29T21:34:08","modified_gmt":"2023-11-29T21:34:08","slug":"nutzungsbedingungen","status":"publish","type":"page","link":"https:\/\/zavamix.com\/de\/termos-de-uso\/","title":{"rendered":"Nutzungsbedingungen"},"content":{"rendered":"<p>Willkommen zu <a href=\"https:\/\/zavamix.com\/de\/\">Zavamix<\/a>. Diese Nutzungsbedingungen (\u201eBedingungen\u201c) regeln Ihren Zugriff und Ihre Nutzung unserer Website https:\/\/zavamix.com, einem Portal, das Empfehlungen und Informationen zu mobilen Anwendungen zu verschiedenen Themen bereitstellt. Beim Zugriff oder bei der Nutzung von <a href=\"https:\/\/zavamix.com\/de\/\">Zavamix<\/a>stimmen Sie der Einhaltung dieser Bedingungen zu.<\/p>\n\n\n\n<h2 class=\"wp-block-heading\">1. Zavamix-Dienste<\/h2>\n\n\n\n<ul class=\"wp-block-list\">\n<li>Zavamix bietet Empfehlungen f\u00fcr mobile Apps und zugeh\u00f6rige Inhalte.<\/li>\n\n\n\n<li>Wir besitzen oder entwickeln die empfohlenen Anwendungen nicht. Empfehlungen basieren auf firmeneigener Forschung und Analyse.<\/li>\n\n\n\n<li>Unsere Dienste werden durch Google AdSense\/Ad Exchange-Werbung monetarisiert.<\/li>\n<\/ul>\n\n\n\n<h2 class=\"wp-block-heading\">2. Nutzung der Website<\/h2>\n\n\n\n<ul class=\"wp-block-list\">\n<li>Sie erkl\u00e4ren sich damit einverstanden, Zavamix nur f\u00fcr rechtm\u00e4\u00dfige Zwecke und in \u00dcbereinstimmung mit diesen Bedingungen zu nutzen.<\/li>\n\n\n\n<li>Sie d\u00fcrfen die Website nicht in einer Weise nutzen, die sie besch\u00e4digen, deaktivieren oder \u00fcberlasten k\u00f6nnte.<\/li>\n\n\n\n<li>Der Inhalt von Zavamix, einschlie\u00dflich Texten, Grafiken und Bildern, ist urheberrechtlich gesch\u00fctzt und Eigentum von Zavamix oder seinen Lizenzgebern.<\/li>\n<\/ul>\n\n\n\n<h2 class=\"wp-block-heading\">3. Haftungsausschluss<\/h2>\n\n\n\n<ul class=\"wp-block-list\">\n<li>Zavamix \u00fcbernimmt keine Verantwortung f\u00fcr die Genauigkeit, Sicherheit oder Zuverl\u00e4ssigkeit der empfohlenen Anwendungen.<\/li>\n\n\n\n<li>Wir haften nicht f\u00fcr Sch\u00e4den oder Verluste, die durch die Verwendung der auf unserer Website empfohlenen Anwendungen entstehen.<\/li>\n<\/ul>\n\n\n\n<h2 class=\"wp-block-heading\">4. Geistige Eigentumsrechte<\/h2>\n\n\n\n<ul class=\"wp-block-list\">\n<li>Alle Inhalte auf Zavamix sind Eigentum von Zavamix oder seinen Lizenzgebern und durch Urheberrechte, Markenrechte und andere Gesetze zum Schutz des geistigen Eigentums gesch\u00fctzt.<\/li>\n\n\n\n<li>Kein Inhalt der Website darf ohne unsere ausdr\u00fcckliche schriftliche Genehmigung in irgendeiner Weise kopiert, reproduziert, erneut ver\u00f6ffentlicht, hochgeladen, gepostet, \u00fcbertragen oder verbreitet werden.<\/li>\n<\/ul>\n\n\n\n<h2 class=\"wp-block-heading\">5. Werbung und Links Dritter<\/h2>\n\n\n\n<ul class=\"wp-block-list\">\n<li>Auf unserer Website werden Werbeanzeigen angezeigt, die von Google AdSense\/Ad Exchange bereitgestellt werden.<\/li>\n\n\n\n<li>Wir k\u00f6nnen Links zu Websites Dritter einbinden; Solche Links bedeuten nicht, dass diese Websites bef\u00fcrwortet werden.<\/li>\n<\/ul>\n\n\n\n<h2 class=\"wp-block-heading\">6. \u00c4nderungen der Bedingungen<\/h2>\n\n\n\n<ul class=\"wp-block-list\">\n<li>Zavamix beh\u00e4lt sich das Recht vor, diese Bedingungen jederzeit zu \u00e4ndern. Durch Ihre fortgesetzten Besuche und Nutzung der Website erkl\u00e4ren Sie sich mit solchen \u00c4nderungen einverstanden.<\/li>\n<\/ul>\n\n\n\n<h2 class=\"wp-block-heading\">7. Kontakt<\/h2>\n\n\n\n<ul class=\"wp-block-list\">\n<li>Wenn Sie Fragen oder Bedenken zu diesen Nutzungsbedingungen haben, kontaktieren Sie uns bitte.<\/li>\n<\/ul>","protected":false},"excerpt":{"rendered":"<p>Bem-vindo ao Zavamix. Estes Termos de Uso (&#8220;Termos&#8221;) regem seu acesso e uso do nosso site https:\/\/zavamix.com, um portal dedicado a fornecer recomenda\u00e7\u00f5es e informa\u00e7\u00f5es sobre aplicativos de celular de diversos temas. Ao acessar ou usar o Zavamix, voc\u00ea concorda em cumprir estes Termos. 1. Servi\u00e7os do Zavamix 2. Uso do Site 3. Isen\u00e7\u00e3o de [&hellip;]<\/p>\n","protected":false},"author":1,"featured_media":0,"parent":0,"menu_order":0,"comment_status":"closed","ping_status":"closed","template":"","meta":{"footnotes":""},"class_list":["post-287","page","type-page","status-publish"],"_links":{"self":[{"href":"https:\/\/zavamix.com\/de\/wp-json\/wp\/v2\/pages\/287","targetHints":{"allow":["GET"]}}],"collection":[{"href":"https:\/\/zavamix.com\/de\/wp-json\/wp\/v2\/pages"}],"about":[{"href":"https:\/\/zavamix.com\/de\/wp-json\/wp\/v2\/types\/page"}],"author":[{"embeddable":true,"href":"https:\/\/zavamix.com\/de\/wp-json\/wp\/v2\/users\/1"}],"replies":[{"embeddable":true,"href":"https:\/\/zavamix.com\/de\/wp-json\/wp\/v2\/comments?post=287"}],"version-history":[{"count":1,"href":"https:\/\/zavamix.com\/de\/wp-json\/wp\/v2\/pages\/287\/revisions"}],"predecessor-version":[{"id":288,"href":"https:\/\/zavamix.com\/de\/wp-json\/wp\/v2\/pages\/287\/revisions\/288"}],"wp:attachment":[{"href":"https:\/\/zavamix.com\/de\/wp-json\/wp\/v2\/media?parent=287"}],"curies":[{"name":"wp","href":"https:\/\/api.w.org\/{rel}","templated":true}]}}