{"id":285,"date":"2023-11-29T21:28:07","date_gmt":"2023-11-29T21:28:07","guid":{"rendered":"https:\/\/zavamix.com\/?page_id=285"},"modified":"2023-11-29T21:28:07","modified_gmt":"2023-11-29T21:28:07","slug":"datenschutzrichtlinie","status":"publish","type":"page","link":"https:\/\/zavamix.com\/de\/politica-de-privacidade\/","title":{"rendered":"Datenschutzrichtlinie"},"content":{"rendered":"<p>Willkommen zu <a href=\"https:\/\/zavamix.com\/de\/\" data-type=\"link\" data-id=\"https:\/\/zavamix.com\">Zavamix<\/a>. Diese Datenschutzrichtlinie beschreibt, wie wir Informationen \u00fcber Sie sammeln, verwenden und weitergeben, wenn Sie auf unsere Website zugreifen oder diese nutzen.<\/p>\n\n\n\n<h2 class=\"wp-block-heading\">1. Informationen, die wir sammeln<\/h2>\n\n\n\n<ul class=\"wp-block-list\">\n<li><strong>Pers\u00f6nliche Angaben:<\/strong> Wir erfassen personenbezogene Daten, die Sie freiwillig angeben, wie z. B. Name, E-Mail-Adresse und andere Kontaktinformationen, wenn Sie sich f\u00fcr Updates anmelden oder mit uns kommunizieren.<\/li>\n\n\n\n<li><strong>Nutzungsdaten:<\/strong> Wir erfassen automatisch Informationen dar\u00fcber, wie Sie auf die Website zugreifen und diese nutzen, einschlie\u00dflich Ger\u00e4tetyp, Webbrowser, besuchte Seiten, Klicks, Nutzungsmuster und andere Nutzungsinformationen.<\/li>\n\n\n\n<li><strong>Cookies und Tracking-Technologien:<\/strong> Wir verwenden Cookies und Tracking-Technologien, um Ihr Erlebnis zu personalisieren und Daten \u00fcber Ihre Interaktion mit der Website und den angezeigten Werbeanzeigen zu sammeln.<\/li>\n<\/ul>\n\n\n\n<h2 class=\"wp-block-heading\">2. Nutzung der Informationen<\/h2>\n\n\n\n<p>Wir verwenden Ihre Informationen, um:<\/p>\n\n\n\n<ul class=\"wp-block-list\">\n<li>Bereitstellung, Pflege und Verbesserung unserer Website und Dienste.<\/li>\n\n\n\n<li>Kommunizieren Sie mit Ihnen, antworten Sie auf Ihre Fragen und W\u00fcnsche.<\/li>\n\n\n\n<li>Zeigen Sie personalisierte Anzeigen an und f\u00fchren Sie eine Datenanalyse durch.<\/li>\n<\/ul>\n\n\n\n<h2 class=\"wp-block-heading\">3. Informationsaustausch<\/h2>\n\n\n\n<p>Unter folgenden Umst\u00e4nden k\u00f6nnen wir Ihre Daten an Dritte weitergeben:<\/p>\n\n\n\n<ul class=\"wp-block-list\">\n<li><strong>Dienstleister:<\/strong> Wir geben Informationen an Anbieter weiter, die uns beim Betrieb der Website unterst\u00fctzen, beispielsweise beim Webhosting und bei der Datenanalyse.<\/li>\n\n\n\n<li><strong>Google Ad Exchange:<\/strong> Wie erforderlich, um Anzeigen \u00fcber Google Ad Exchange bereitzustellen.<\/li>\n\n\n\n<li><strong>Rechtskonformit\u00e4t:<\/strong> Wenn es zur Einhaltung des Gesetzes oder zur Reaktion auf ein Gerichtsverfahren erforderlich ist.<\/li>\n<\/ul>\n\n\n\n<h2 class=\"wp-block-heading\">4. Google AdSense<\/h2>\n\n\n\n<ul class=\"wp-block-list\">\n<li>Gem\u00e4\u00df den Google AdSense-Bedingungen informieren wir Sie dar\u00fcber, dass Google als Drittanbieter Cookies verwendet, um Anzeigen auf unserer Website zu schalten.<\/li>\n\n\n\n<li>Die Verwendung des DART-Cookies durch Google erm\u00f6glicht die Schaltung von Anzeigen f\u00fcr unsere Nutzer auf der Grundlage fr\u00fcherer Besuche auf unserer Website und anderen Websites im Internet.<\/li>\n\n\n\n<li>Benutzer k\u00f6nnen die Verwendung des DART-Cookies deaktivieren, indem sie die Datenschutzrichtlinie von Google Advertising and Content Network besuchen.<\/li>\n<\/ul>\n\n\n\n<h2 class=\"wp-block-heading\">5. \u00c4nderungen der Datenschutzrichtlinie<\/h2>\n\n\n\n<p>Wir k\u00f6nnen unsere Datenschutzrichtlinie regelm\u00e4\u00dfig aktualisieren. Wir werden Sie \u00fcber alle \u00c4nderungen informieren, indem wir die neue Datenschutzrichtlinie auf dieser Seite ver\u00f6ffentlichen.<\/p>\n\n\n\n<h2 class=\"wp-block-heading\">6. Kontakt<\/h2>\n\n\n\n<p>Wenn Sie Fragen zu dieser Datenschutzrichtlinie haben, kontaktieren Sie uns bitte.<\/p>","protected":false},"excerpt":{"rendered":"<p>Bem-vindo ao Zavamix. Esta pol\u00edtica de privacidade descreve como coletamos, usamos e compartilhamos informa\u00e7\u00f5es sobre voc\u00ea quando acessa ou usa nosso site. 1. Informa\u00e7\u00f5es que Coletamos 2. Uso de Informa\u00e7\u00f5es Utilizamos suas informa\u00e7\u00f5es para: 3. Compartilhamento de Informa\u00e7\u00f5es Podemos compartilhar suas informa\u00e7\u00f5es com terceiros nas seguintes circunst\u00e2ncias: 4. Google AdSense 5. Altera\u00e7\u00f5es \u00e0 Pol\u00edtica de [&hellip;]<\/p>\n","protected":false},"author":1,"featured_media":0,"parent":0,"menu_order":0,"comment_status":"closed","ping_status":"closed","template":"","meta":{"footnotes":""},"class_list":["post-285","page","type-page","status-publish"],"_links":{"self":[{"href":"https:\/\/zavamix.com\/de\/wp-json\/wp\/v2\/pages\/285","targetHints":{"allow":["GET"]}}],"collection":[{"href":"https:\/\/zavamix.com\/de\/wp-json\/wp\/v2\/pages"}],"about":[{"href":"https:\/\/zavamix.com\/de\/wp-json\/wp\/v2\/types\/page"}],"author":[{"embeddable":true,"href":"https:\/\/zavamix.com\/de\/wp-json\/wp\/v2\/users\/1"}],"replies":[{"embeddable":true,"href":"https:\/\/zavamix.com\/de\/wp-json\/wp\/v2\/comments?post=285"}],"version-history":[{"count":1,"href":"https:\/\/zavamix.com\/de\/wp-json\/wp\/v2\/pages\/285\/revisions"}],"predecessor-version":[{"id":286,"href":"https:\/\/zavamix.com\/de\/wp-json\/wp\/v2\/pages\/285\/revisions\/286"}],"wp:attachment":[{"href":"https:\/\/zavamix.com\/de\/wp-json\/wp\/v2\/media?parent=285"}],"curies":[{"name":"wp","href":"https:\/\/api.w.org\/{rel}","templated":true}]}}