{"id":287,"date":"2023-11-29T21:34:08","date_gmt":"2023-11-29T21:34:08","guid":{"rendered":"https:\/\/zavamix.com\/?page_id=287"},"modified":"2023-11-29T21:34:08","modified_gmt":"2023-11-29T21:34:08","slug":"podminky-pouziti","status":"publish","type":"page","link":"https:\/\/zavamix.com\/cs\/termos-de-uso\/","title":{"rendered":"Podm\u00ednky pou\u017eit\u00ed"},"content":{"rendered":"<p>V\u00edtejte v <a href=\"https:\/\/zavamix.com\/cs\/\">Zavamix<\/a>. Tyto podm\u00ednky pou\u017eit\u00ed (d\u00e1le jen \u201epodm\u00ednky\u201c) upravuj\u00ed v\u00e1\u0161 p\u0159\u00edstup a pou\u017e\u00edv\u00e1n\u00ed na\u0161eho webu https:\/\/zavamix.com, port\u00e1lu v\u011bnovan\u00e9ho poskytov\u00e1n\u00ed doporu\u010den\u00ed a informac\u00ed o mobiln\u00edch aplikac\u00edch na r\u016fzn\u00e1 t\u00e9mata. P\u0159i p\u0159\u00edstupu nebo pou\u017e\u00edv\u00e1n\u00ed <a href=\"https:\/\/zavamix.com\/cs\/\">Zavamix<\/a>souhlas\u00edte s dodr\u017eov\u00e1n\u00edm t\u011bchto podm\u00ednek.<\/p>\n\n\n\n<h2 class=\"wp-block-heading\">1. Slu\u017eby Zavamix<\/h2>\n\n\n\n<ul class=\"wp-block-list\">\n<li>Zavamix nab\u00edz\u00ed doporu\u010den\u00ed mobiln\u00edch aplikac\u00ed a souvisej\u00edc\u00ed obsah.<\/li>\n\n\n\n<li>Nevlastn\u00edme ani nevyv\u00edj\u00edme doporu\u010den\u00e9 aplikace. Doporu\u010den\u00ed jsou zalo\u017eena na vlastn\u00edm v\u00fdzkumu a anal\u00fdze.<\/li>\n\n\n\n<li>Na\u0161e slu\u017eby jsou zpen\u011b\u017eov\u00e1ny prost\u0159ednictv\u00edm reklamy Google AdSense\/Ad Exchange.<\/li>\n<\/ul>\n\n\n\n<h2 class=\"wp-block-heading\">2. Pou\u017e\u00edv\u00e1n\u00ed str\u00e1nek<\/h2>\n\n\n\n<ul class=\"wp-block-list\">\n<li>Souhlas\u00edte s t\u00edm, \u017ee budete Zavamix pou\u017e\u00edvat pouze pro z\u00e1konn\u00e9 \u00fa\u010dely a v souladu s t\u011bmito Podm\u00ednkami.<\/li>\n\n\n\n<li>Webov\u00e9 str\u00e1nky nesm\u00edte pou\u017e\u00edvat \u017e\u00e1dn\u00fdm zp\u016fsobem, kter\u00fd by je mohl po\u0161kodit, znemo\u017enit nebo p\u0159et\u00ed\u017eit.<\/li>\n\n\n\n<li>Obsah Zavamix, v\u010detn\u011b textu, grafiky a obr\u00e1zk\u016f, je chr\u00e1n\u011bn autorsk\u00fdm pr\u00e1vem a je majetkem spole\u010dnosti Zavamix nebo jej\u00edch poskytovatel\u016f licenc\u00ed.<\/li>\n<\/ul>\n\n\n\n<h2 class=\"wp-block-heading\">3. Z\u0159eknut\u00ed se odpov\u011bdnosti<\/h2>\n\n\n\n<ul class=\"wp-block-list\">\n<li>Zavamix nezodpov\u00edd\u00e1 za p\u0159esnost, bezpe\u010dnost nebo spolehlivost doporu\u010den\u00fdch aplikac\u00ed.<\/li>\n\n\n\n<li>Neneseme odpov\u011bdnost za \u017e\u00e1dn\u00e9 \u0161kody nebo ztr\u00e1ty vypl\u00fdvaj\u00edc\u00ed z pou\u017e\u00edv\u00e1n\u00ed aplikac\u00ed doporu\u010den\u00fdch na na\u0161ich webov\u00fdch str\u00e1nk\u00e1ch.<\/li>\n<\/ul>\n\n\n\n<h2 class=\"wp-block-heading\">4. Pr\u00e1va du\u0161evn\u00edho vlastnictv\u00ed<\/h2>\n\n\n\n<ul class=\"wp-block-list\">\n<li>Ve\u0161ker\u00fd obsah na Zavamixu je majetkem Zavamixu nebo jeho poskytovatel\u016f licenc\u00ed a je chr\u00e1n\u011bn autorsk\u00fdm pr\u00e1vem, ochrann\u00fdmi zn\u00e1mkami a dal\u0161\u00edmi z\u00e1kony o du\u0161evn\u00edm vlastnictv\u00ed.<\/li>\n\n\n\n<li>\u017d\u00e1dn\u00fd obsah z webov\u00e9 str\u00e1nky nesm\u00ed b\u00fdt kop\u00edrov\u00e1n, reprodukov\u00e1n, znovu publikov\u00e1n, uploadov\u00e1n, zve\u0159ej\u0148ov\u00e1n, p\u0159en\u00e1\u0161en nebo distribuov\u00e1n jak\u00fdmkoliv zp\u016fsobem bez na\u0161eho v\u00fdslovn\u00e9ho p\u00edsemn\u00e9ho souhlasu.<\/li>\n<\/ul>\n\n\n\n<h2 class=\"wp-block-heading\">5. Reklama a odkazy t\u0159et\u00edch stran<\/h2>\n\n\n\n<ul class=\"wp-block-list\">\n<li>Na\u0161e webov\u00e9 str\u00e1nky zobrazuj\u00ed reklamy poskytovan\u00e9 slu\u017ebou Google AdSense\/Ad Exchange.<\/li>\n\n\n\n<li>M\u016f\u017eeme zahrnout odkazy na webov\u00e9 str\u00e1nky t\u0159et\u00edch stran; takov\u00e9 odkazy neznamenaj\u00ed podporu t\u011bchto str\u00e1nek.<\/li>\n<\/ul>\n\n\n\n<h2 class=\"wp-block-heading\">6. \u00dapravy Podm\u00ednek<\/h2>\n\n\n\n<ul class=\"wp-block-list\">\n<li>Zavamix si vyhrazuje pr\u00e1vo tyto Podm\u00ednky kdykoli upravit. Va\u0161e pokra\u010duj\u00edc\u00ed n\u00e1v\u0161t\u011bvy a pou\u017e\u00edv\u00e1n\u00ed t\u011bchto str\u00e1nek p\u0159edstavuje v\u00e1\u0161 souhlas s takov\u00fdmi \u00fapravami.<\/li>\n<\/ul>\n\n\n\n<h2 class=\"wp-block-heading\">7. Kontakt<\/h2>\n\n\n\n<ul class=\"wp-block-list\">\n<li>M\u00e1te-li dotazy nebo obavy t\u00fdkaj\u00edc\u00ed se t\u011bchto Podm\u00ednek pou\u017eit\u00ed, kontaktujte n\u00e1s.<\/li>\n<\/ul>","protected":false},"excerpt":{"rendered":"<p>Bem-vindo ao Zavamix. Estes Termos de Uso (&#8220;Termos&#8221;) regem seu acesso e uso do nosso site https:\/\/zavamix.com, um portal dedicado a fornecer recomenda\u00e7\u00f5es e informa\u00e7\u00f5es sobre aplicativos de celular de diversos temas. Ao acessar ou usar o Zavamix, voc\u00ea concorda em cumprir estes Termos. 1. Servi\u00e7os do Zavamix 2. Uso do Site 3. Isen\u00e7\u00e3o de [&hellip;]<\/p>\n","protected":false},"author":1,"featured_media":0,"parent":0,"menu_order":0,"comment_status":"closed","ping_status":"closed","template":"","meta":{"footnotes":""},"class_list":["post-287","page","type-page","status-publish"],"_links":{"self":[{"href":"https:\/\/zavamix.com\/cs\/wp-json\/wp\/v2\/pages\/287","targetHints":{"allow":["GET"]}}],"collection":[{"href":"https:\/\/zavamix.com\/cs\/wp-json\/wp\/v2\/pages"}],"about":[{"href":"https:\/\/zavamix.com\/cs\/wp-json\/wp\/v2\/types\/page"}],"author":[{"embeddable":true,"href":"https:\/\/zavamix.com\/cs\/wp-json\/wp\/v2\/users\/1"}],"replies":[{"embeddable":true,"href":"https:\/\/zavamix.com\/cs\/wp-json\/wp\/v2\/comments?post=287"}],"version-history":[{"count":1,"href":"https:\/\/zavamix.com\/cs\/wp-json\/wp\/v2\/pages\/287\/revisions"}],"predecessor-version":[{"id":288,"href":"https:\/\/zavamix.com\/cs\/wp-json\/wp\/v2\/pages\/287\/revisions\/288"}],"wp:attachment":[{"href":"https:\/\/zavamix.com\/cs\/wp-json\/wp\/v2\/media?parent=287"}],"curies":[{"name":"wp","href":"https:\/\/api.w.org\/{rel}","templated":true}]}}