{"id":285,"date":"2023-11-29T21:28:07","date_gmt":"2023-11-29T21:28:07","guid":{"rendered":"https:\/\/zavamix.com\/?page_id=285"},"modified":"2023-11-29T21:28:07","modified_gmt":"2023-11-29T21:28:07","slug":"zasady-ochrany-osobnich-udaju","status":"publish","type":"page","link":"https:\/\/zavamix.com\/cs\/politica-de-privacidade\/","title":{"rendered":"Z\u00e1sady ochrany osobn\u00edch \u00fadaj\u016f"},"content":{"rendered":"<p>V\u00edtejte v <a href=\"https:\/\/zavamix.com\/cs\/\" data-type=\"link\" data-id=\"https:\/\/zavamix.com\">Zavamix<\/a>. Tyto z\u00e1sady ochrany osobn\u00edch \u00fadaj\u016f popisuj\u00ed, jak shroma\u017e\u010fujeme, pou\u017e\u00edv\u00e1me a sd\u00edl\u00edme informace o v\u00e1s, kdy\u017e p\u0159istupujete na na\u0161e webov\u00e9 str\u00e1nky nebo je pou\u017e\u00edv\u00e1te.<\/p>\n\n\n\n<h2 class=\"wp-block-heading\">1. Informace, kter\u00e9 shroma\u017e\u010fujeme<\/h2>\n\n\n\n<ul class=\"wp-block-list\">\n<li><strong>Osobn\u00ed informace:<\/strong> Shroma\u017e\u010fujeme osobn\u00ed \u00fadaje, kter\u00e9 n\u00e1m dobrovoln\u011b poskytnete, jako je jm\u00e9no, e-mail a dal\u0161\u00ed kontaktn\u00ed \u00fadaje, kdy\u017e se p\u0159ihl\u00e1s\u00edte k odb\u011bru aktualizac\u00ed nebo s n\u00e1mi komunikujete.<\/li>\n\n\n\n<li><strong>\u00dadaje o pou\u017eit\u00ed:<\/strong> Automaticky shroma\u017e\u010fujeme informace o tom, jak p\u0159istupujete na str\u00e1nky a jak je pou\u017e\u00edv\u00e1te, v\u010detn\u011b typu za\u0159\u00edzen\u00ed, webov\u00e9ho prohl\u00ed\u017ee\u010de, nav\u0161t\u00edven\u00fdch str\u00e1nek, kliknut\u00ed, vzor\u016f pou\u017e\u00edv\u00e1n\u00ed a dal\u0161\u00edch informac\u00ed o pou\u017e\u00edv\u00e1n\u00ed.<\/li>\n\n\n\n<li><strong>Soubory cookie a technologie sledov\u00e1n\u00ed:<\/strong> Pou\u017e\u00edv\u00e1me soubory cookie a sledovac\u00ed technologie k p\u0159izp\u016fsoben\u00ed va\u0161ich zku\u0161enost\u00ed a shroma\u017e\u010fov\u00e1n\u00ed \u00fadaj\u016f o va\u0161\u00ed interakci s webem a zobrazovan\u00fdmi reklamami.<\/li>\n<\/ul>\n\n\n\n<h2 class=\"wp-block-heading\">2. Pou\u017eit\u00ed informac\u00ed<\/h2>\n\n\n\n<p>Va\u0161e \u00fadaje pou\u017e\u00edv\u00e1me k:<\/p>\n\n\n\n<ul class=\"wp-block-list\">\n<li>Poskytovat, udr\u017eovat a zlep\u0161ovat na\u0161e webov\u00e9 str\u00e1nky a slu\u017eby.<\/li>\n\n\n\n<li>Komunikujte s v\u00e1mi, odpov\u00eddejte na va\u0161e dotazy a po\u017eadavky.<\/li>\n\n\n\n<li>Zobrazujte personalizovan\u00e9 reklamy a prov\u00e1d\u011bjte anal\u00fdzu dat.<\/li>\n<\/ul>\n\n\n\n<h2 class=\"wp-block-heading\">3. Sd\u00edlen\u00ed informac\u00ed<\/h2>\n\n\n\n<p>Va\u0161e \u00fadaje m\u016f\u017eeme sd\u00edlet s t\u0159et\u00edmi stranami za n\u00e1sleduj\u00edc\u00edch okolnost\u00ed:<\/p>\n\n\n\n<ul class=\"wp-block-list\">\n<li><strong>Poskytovatel\u00e9 slu\u017eeb:<\/strong> Sd\u00edl\u00edme informace s dodavateli, kte\u0159\u00ed n\u00e1m pom\u00e1haj\u00ed provozovat str\u00e1nky, jako je webhosting a anal\u00fdza dat.<\/li>\n\n\n\n<li><strong>Google Ad Exchange:<\/strong> Podle pot\u0159eby k zobrazov\u00e1n\u00ed reklam prost\u0159ednictv\u00edm Google Ad Exchange.<\/li>\n\n\n\n<li><strong>Soulad s pr\u00e1vn\u00edmi p\u0159edpisy:<\/strong> Je-li to nutn\u00e9 k dodr\u017een\u00ed z\u00e1kona nebo k reakci na pr\u00e1vn\u00ed proces.<\/li>\n<\/ul>\n\n\n\n<h2 class=\"wp-block-heading\">4. Google AdSense<\/h2>\n\n\n\n<ul class=\"wp-block-list\">\n<li>V souladu s podm\u00ednkami Google AdSense v\u00e1s informujeme, \u017ee Google jako dodavatel t\u0159et\u00ed strany pou\u017e\u00edv\u00e1 soubory cookie k zobrazov\u00e1n\u00ed reklam na na\u0161ich webov\u00fdch str\u00e1nk\u00e1ch.<\/li>\n\n\n\n<li>Pou\u017e\u00edv\u00e1n\u00ed souboru cookie DART spole\u010dnosti Google umo\u017e\u0148uje zobrazovat reklamy na\u0161im u\u017eivatel\u016fm na z\u00e1klad\u011b minul\u00fdch n\u00e1v\u0161t\u011bv na\u0161\u00ed str\u00e1nky a dal\u0161\u00edch str\u00e1nek na internetu.<\/li>\n\n\n\n<li>U\u017eivatel\u00e9 se mohou odhl\u00e1sit z pou\u017e\u00edv\u00e1n\u00ed souboru cookie DART n\u00e1v\u0161t\u011bvou Z\u00e1sad ochrany osobn\u00edch \u00fadaj\u016f reklamn\u00ed a obsahov\u00e9 s\u00edt\u011b Google.<\/li>\n<\/ul>\n\n\n\n<h2 class=\"wp-block-heading\">5. Zm\u011bny Z\u00e1sad ochrany osobn\u00edch \u00fadaj\u016f<\/h2>\n\n\n\n<p>Na\u0161e z\u00e1sady ochrany osobn\u00edch \u00fadaj\u016f m\u016f\u017eeme pravideln\u011b aktualizovat. O jak\u00fdchkoli zm\u011bn\u00e1ch v\u00e1s budeme informovat zve\u0159ejn\u011bn\u00edm nov\u00fdch Z\u00e1sad ochrany osobn\u00edch \u00fadaj\u016f na t\u00e9to str\u00e1nce.<\/p>\n\n\n\n<h2 class=\"wp-block-heading\">6. Kontakt<\/h2>\n\n\n\n<p>M\u00e1te-li dotazy k t\u011bmto Z\u00e1sad\u00e1m ochrany osobn\u00edch \u00fadaj\u016f, kontaktujte n\u00e1s.<\/p>","protected":false},"excerpt":{"rendered":"<p>Bem-vindo ao Zavamix. Esta pol\u00edtica de privacidade descreve como coletamos, usamos e compartilhamos informa\u00e7\u00f5es sobre voc\u00ea quando acessa ou usa nosso site. 1. Informa\u00e7\u00f5es que Coletamos 2. Uso de Informa\u00e7\u00f5es Utilizamos suas informa\u00e7\u00f5es para: 3. Compartilhamento de Informa\u00e7\u00f5es Podemos compartilhar suas informa\u00e7\u00f5es com terceiros nas seguintes circunst\u00e2ncias: 4. Google AdSense 5. Altera\u00e7\u00f5es \u00e0 Pol\u00edtica de [&hellip;]<\/p>\n","protected":false},"author":1,"featured_media":0,"parent":0,"menu_order":0,"comment_status":"closed","ping_status":"closed","template":"","meta":{"footnotes":""},"class_list":["post-285","page","type-page","status-publish"],"_links":{"self":[{"href":"https:\/\/zavamix.com\/cs\/wp-json\/wp\/v2\/pages\/285","targetHints":{"allow":["GET"]}}],"collection":[{"href":"https:\/\/zavamix.com\/cs\/wp-json\/wp\/v2\/pages"}],"about":[{"href":"https:\/\/zavamix.com\/cs\/wp-json\/wp\/v2\/types\/page"}],"author":[{"embeddable":true,"href":"https:\/\/zavamix.com\/cs\/wp-json\/wp\/v2\/users\/1"}],"replies":[{"embeddable":true,"href":"https:\/\/zavamix.com\/cs\/wp-json\/wp\/v2\/comments?post=285"}],"version-history":[{"count":1,"href":"https:\/\/zavamix.com\/cs\/wp-json\/wp\/v2\/pages\/285\/revisions"}],"predecessor-version":[{"id":286,"href":"https:\/\/zavamix.com\/cs\/wp-json\/wp\/v2\/pages\/285\/revisions\/286"}],"wp:attachment":[{"href":"https:\/\/zavamix.com\/cs\/wp-json\/wp\/v2\/media?parent=285"}],"curies":[{"name":"wp","href":"https:\/\/api.w.org\/{rel}","templated":true}]}}